{"id":744867,"date":"2025-03-03T20:01:23","date_gmt":"2025-03-03T19:01:23","guid":{"rendered":"https:\/\/stoic-curie.212-227-153-4.plesk.page\/producto\/nehrdajuce-sidro-pool-hhp-30kg\/"},"modified":"2026-02-25T00:01:17","modified_gmt":"2026-02-25T00:01:17","slug":"nehrdajuce-sidro-pool-hhp-30kg","status":"publish","type":"product","link":"https:\/\/stoic-curie.212-227-153-4.plesk.page\/hr\/product\/nehrdajuce-sidro-pool-hhp-30kg\/","title":{"rendered":"Nehr\u0111aju\u0107e sidro Pool HHP 30kg"},"content":{"rendered":"<p>Nehr\u0111aju\u0107e sidro Pool HHP 30kg &#8211; <\/p>\n<p>Iskreno nam je drago predstaviti anker za \u010damce od nehr\u0111aju\u0107eg \u010delika HHP-TW (High Holding Power) s ogledalom, proizvod koji je pomno osmi\u0161ljen i izra\u0111en za plovila koja se odlikuju modernom linijom pramca i ku\u0107i\u0161tem ankera strate\u0161ki smje\u0161tenim u bo\u010dnom hawseu. Na\u0161 model HHP-TW isti\u010de se kao vrhunski anker bez stoka, poznat po svojoj izvanrednoj snazi dr\u017eanja, koja je impresivno \u010detiri puta ve\u0107a od one kod konvencionalnog ankera bez stoka.<\/p>\n<p>Dizajn ovog ankera uklju\u010duje o\u0161tre i glatke krakove, omogu\u0107uju\u0107i mu da se besprijekorno prilagodi raznim uvjetima dna, \u0161to ga \u010dini svestranim izborom za vlasnike plovila. \u010cesto se koristi kao pramac anker, posebno u offshore operacijama bu\u0161enja, gdje su pouzdanost i izvedba od najve\u0107e va\u017enosti. TW tip ankera \u0161iroko je priznat kao anker bez stoka s velikom snagom dr\u017eanja, s vi\u0161e od dvostruke snage dr\u017eanja u usporedbi s tradicionalnim ankerima iste te\u017eine, osiguravaju\u0107i da va\u0161e plovilo ostane sigurno usidreno \u010dak i u izazovnim uvjetima.<\/p>\n<p>Projektiran s velikim ravnim krakovima izra\u0111enim od visokotla\u010dnih \u010deli\u010dnih plo\u010da, debljina kraka varira od 15 mm do 140 mm, ovisno o specifi\u010dnoj veli\u010dini ankera. Ovaj robusni dizajn ne samo da jam\u010di pouzdanost, ve\u0107 i pobolj\u0161ava performanse, \u010dine\u0107i ga iznimnom opcijom za vlasnike plovila koji tra\u017ee pouzdana rje\u0161enja za sidrenje.<\/p>\n<p>Zaklju\u010dno, HHP-TW anker je uzoran izbor za one koji cijene kvalitetu i izvedbu u svom pomorskom priboru. Sa svojom superiornom snagom dr\u017eanja i prilagodljivo\u0161\u0107u razli\u010ditim uvjetima dna, predstavlja ulaganje koje \u0107e pru\u017eiti mir i sigurnost va\u0161em plovilu, omogu\u0107uju\u0107i vam da u\u017eivate u vremenu na vodi s povjerenjem.<\/p>\n","protected":false},"excerpt":{"rendered":"<p>Nehr\u0111aju\u0107e sidro Pool HHP 30kg &#8211; Iskreno nam je drago predstaviti anker za \u010damce od nehr\u0111aju\u0107eg \u010delika HHP-TW (High Holding<\/p>\n","protected":false},"featured_media":5946998,"comment_status":"open","ping_status":"closed","template":"","meta":[],"product_brand":[3121],"product_cat":[1871],"product_tag":[],"class_list":{"0":"post-744867","1":"product","2":"type-product","3":"status-publish","4":"has-post-thumbnail","6":"product_brand-marinetech-hr","7":"product_cat-sidra-danforth","9":"first","10":"instock","11":"shipping-taxable","12":"purchasable","13":"product-type-simple"},"_links":{"self":[{"href":"https:\/\/stoic-curie.212-227-153-4.plesk.page\/hr\/wp-json\/wp\/v2\/product\/744867","targetHints":{"allow":["GET"]}}],"collection":[{"href":"https:\/\/stoic-curie.212-227-153-4.plesk.page\/hr\/wp-json\/wp\/v2\/product"}],"about":[{"href":"https:\/\/stoic-curie.212-227-153-4.plesk.page\/hr\/wp-json\/wp\/v2\/types\/product"}],"replies":[{"embeddable":true,"href":"https:\/\/stoic-curie.212-227-153-4.plesk.page\/hr\/wp-json\/wp\/v2\/comments?post=744867"}],"version-history":[{"count":0,"href":"https:\/\/stoic-curie.212-227-153-4.plesk.page\/hr\/wp-json\/wp\/v2\/product\/744867\/revisions"}],"wp:featuredmedia":[{"embeddable":true,"href":"https:\/\/stoic-curie.212-227-153-4.plesk.page\/hr\/wp-json\/wp\/v2\/media\/5946998"}],"wp:attachment":[{"href":"https:\/\/stoic-curie.212-227-153-4.plesk.page\/hr\/wp-json\/wp\/v2\/media?parent=744867"}],"wp:term":[{"taxonomy":"product_brand","embeddable":true,"href":"https:\/\/stoic-curie.212-227-153-4.plesk.page\/hr\/wp-json\/wp\/v2\/product_brand?post=744867"},{"taxonomy":"product_cat","embeddable":true,"href":"https:\/\/stoic-curie.212-227-153-4.plesk.page\/hr\/wp-json\/wp\/v2\/product_cat?post=744867"},{"taxonomy":"product_tag","embeddable":true,"href":"https:\/\/stoic-curie.212-227-153-4.plesk.page\/hr\/wp-json\/wp\/v2\/product_tag?post=744867"}],"curies":[{"name":"wp","href":"https:\/\/api.w.org\/{rel}","templated":true}]}}