{"id":744868,"date":"2025-03-03T20:01:24","date_gmt":"2025-03-03T19:01:24","guid":{"rendered":"https:\/\/stoic-curie.212-227-153-4.plesk.page\/producto\/nehrdajuce-sidro-pool-hhp-40kg\/"},"modified":"2026-02-25T00:01:17","modified_gmt":"2026-02-25T00:01:17","slug":"nehrdajuce-sidro-pool-hhp-40kg","status":"publish","type":"product","link":"https:\/\/stoic-curie.212-227-153-4.plesk.page\/hr\/product\/nehrdajuce-sidro-pool-hhp-40kg\/","title":{"rendered":"Nehr\u0111aju\u0107e sidro Pool 40kg"},"content":{"rendered":"<p>Nehr\u0111aju\u0107e sidro Pool 40kg &#8211; <\/p>\n<p><strong>Poja\u010dava\u010d od Nehr\u0111aju\u0107eg \u010celika za Bazen &#8211; 40 kg<\/strong><\/p>\n<p>Sa zadovoljstvom predstavljamo visoko polirani poja\u010dava\u010d od nehr\u0111aju\u0107eg \u010delika HHP-TW (High Holding Power), stru\u010dno dizajniran za plovila koja imaju suvremenu liniju pramca i ku\u0107i\u0161te sidra smje\u0161teno u bo\u010dnoj hawse. Na\u0161 HHP-TW model se isti\u010de kao superiorni sidro bez svornjaka, pru\u017eaju\u0107i izvanrednu snagu odr\u017eavanja koja je \u010detiri puta ve\u0107a od konvencionalnog sidra bez svornjaka.<\/p>\n<p>Sa svojim o\u0161trim i glatkim krakovima, ovo sidro je dovoljno prilagodljivo da izuzetno uspijeva u raznim uvjetima morskog dna. \u010cesto se koristi kao pram\u010dano sidro ili za offshore operacije bu\u0161anja. TW tip sidra je klasificirano me\u0111u sidrima bez svornjaka visoke odr\u017eavaju\u0107e snage, posjeduju\u0107i vi\u0161e od dvostruke kapacitete kao tradicionalna sidra iste te\u017eine.<\/p>\n<p>Izra\u0111eno s velikim ravnim krakovima od \u010deli\u010dnih plo\u010da visokog \u010dvrsto\u0107e, debljina krakova varira od 15 mm do 140 mm, ovisno o veli\u010dini sidra. Ova robusna konstrukcija osigurava pouzdanost i performanse, \u010dine\u0107i ga izvanrednim izborom za vlasnike plovila koji tra\u017ee pouzdana rje\u0161enja za sidrenje.<\/p>\n","protected":false},"excerpt":{"rendered":"<p>Nehr\u0111aju\u0107e sidro Pool 40kg &#8211; Poja\u010dava\u010d od Nehr\u0111aju\u0107eg \u010celika za Bazen &#8211; 40 kg Sa zadovoljstvom predstavljamo visoko polirani poja\u010dava\u010d<\/p>\n","protected":false},"featured_media":5946998,"comment_status":"open","ping_status":"closed","template":"","meta":[],"product_brand":[3121],"product_cat":[1871],"product_tag":[],"class_list":{"0":"post-744868","1":"product","2":"type-product","3":"status-publish","4":"has-post-thumbnail","6":"product_brand-marinetech-hr","7":"product_cat-sidra-danforth","9":"first","10":"instock","11":"shipping-taxable","12":"purchasable","13":"product-type-simple"},"_links":{"self":[{"href":"https:\/\/stoic-curie.212-227-153-4.plesk.page\/hr\/wp-json\/wp\/v2\/product\/744868","targetHints":{"allow":["GET"]}}],"collection":[{"href":"https:\/\/stoic-curie.212-227-153-4.plesk.page\/hr\/wp-json\/wp\/v2\/product"}],"about":[{"href":"https:\/\/stoic-curie.212-227-153-4.plesk.page\/hr\/wp-json\/wp\/v2\/types\/product"}],"replies":[{"embeddable":true,"href":"https:\/\/stoic-curie.212-227-153-4.plesk.page\/hr\/wp-json\/wp\/v2\/comments?post=744868"}],"version-history":[{"count":0,"href":"https:\/\/stoic-curie.212-227-153-4.plesk.page\/hr\/wp-json\/wp\/v2\/product\/744868\/revisions"}],"wp:featuredmedia":[{"embeddable":true,"href":"https:\/\/stoic-curie.212-227-153-4.plesk.page\/hr\/wp-json\/wp\/v2\/media\/5946998"}],"wp:attachment":[{"href":"https:\/\/stoic-curie.212-227-153-4.plesk.page\/hr\/wp-json\/wp\/v2\/media?parent=744868"}],"wp:term":[{"taxonomy":"product_brand","embeddable":true,"href":"https:\/\/stoic-curie.212-227-153-4.plesk.page\/hr\/wp-json\/wp\/v2\/product_brand?post=744868"},{"taxonomy":"product_cat","embeddable":true,"href":"https:\/\/stoic-curie.212-227-153-4.plesk.page\/hr\/wp-json\/wp\/v2\/product_cat?post=744868"},{"taxonomy":"product_tag","embeddable":true,"href":"https:\/\/stoic-curie.212-227-153-4.plesk.page\/hr\/wp-json\/wp\/v2\/product_tag?post=744868"}],"curies":[{"name":"wp","href":"https:\/\/api.w.org\/{rel}","templated":true}]}}