{"id":744869,"date":"2025-03-03T20:01:24","date_gmt":"2025-03-03T19:01:24","guid":{"rendered":"https:\/\/stoic-curie.212-227-153-4.plesk.page\/producto\/nehrdajuce-sidro-pool-hhp-60kg\/"},"modified":"2026-02-25T00:01:17","modified_gmt":"2026-02-25T00:01:17","slug":"nehrdajuce-sidro-pool-hhp-60kg","status":"publish","type":"product","link":"https:\/\/stoic-curie.212-227-153-4.plesk.page\/hr\/product\/nehrdajuce-sidro-pool-hhp-60kg\/","title":{"rendered":"Nehr\u0111aju\u0107e sidro &quot;Pool HHP&quot; 60kg"},"content":{"rendered":"<p>Nehr\u0111aju\u0107e sidro &#8220;Pool HHP&#8221; 60kg &#8211; <\/p>\n<p>Sa zadovoljstvom vam predstavljamo sidro od nehr\u0111aju\u0107eg \u010delika &#8220;Pool HHP&#8221;, koje te\u017ei impresivnih 60 kg. Ovo sidro nije samo funkcionalni komad opreme; to je pa\u017eljivo izra\u0111en proizvod koji ima zrcalno-poliran zavr\u0161etak, koji ne samo da pobolj\u0161ava njegov estetski izgled, ve\u0107 tako\u0111er doprinosi njegovoj dugotrajnoj izdr\u017eljivosti u te\u0161kim morskim uvjetima. Sidro Pool HHP-TW posebno je dizajnirano s visokom snagom dr\u017eanja (HHP), \u0161to ga \u010dini izvanrednim izborom za osiguranje va\u0161eg plovila u raznim morskim uvjetima, bilo da se suo\u010davate s mirnim vodama ili uzburkanim morem.<\/p>\n<p>Ovo sidro posebno je prikladno za \u010damce koji su dizajnirani s modernom linijom pramca, koja uklju\u010duje ku\u0107i\u0161te sidra strate\u0161ki smje\u0161teno u bo\u010dnom hawse. Ovaj promi\u0161ljeni dizajn osigurava optimalne performanse i pouzdanost prilikom sidrenja va\u0161eg \u010damca, pru\u017eaju\u0107i vam mirnu savjest dok u\u017eivate u svom vremenu na vodi. S sidrom Pool HHP mo\u017eete biti sigurni da \u0107e va\u0161e plovilo ostati sigurno sidreno, omogu\u0107uju\u0107i vam da se usredoto\u010dite na svoje plovidbene iskustvo.<\/p>\n","protected":false},"excerpt":{"rendered":"<p>Nehr\u0111aju\u0107e sidro &#8220;Pool HHP&#8221; 60kg &#8211; Sa zadovoljstvom vam predstavljamo sidro od nehr\u0111aju\u0107eg \u010delika &#8220;Pool HHP&#8221;, koje te\u017ei impresivnih 60<\/p>\n","protected":false},"featured_media":5946998,"comment_status":"open","ping_status":"closed","template":"","meta":[],"product_brand":[3121],"product_cat":[1871],"product_tag":[],"class_list":{"0":"post-744869","1":"product","2":"type-product","3":"status-publish","4":"has-post-thumbnail","6":"product_brand-marinetech-hr","7":"product_cat-sidra-danforth","9":"first","10":"instock","11":"shipping-taxable","12":"purchasable","13":"product-type-simple"},"_links":{"self":[{"href":"https:\/\/stoic-curie.212-227-153-4.plesk.page\/hr\/wp-json\/wp\/v2\/product\/744869","targetHints":{"allow":["GET"]}}],"collection":[{"href":"https:\/\/stoic-curie.212-227-153-4.plesk.page\/hr\/wp-json\/wp\/v2\/product"}],"about":[{"href":"https:\/\/stoic-curie.212-227-153-4.plesk.page\/hr\/wp-json\/wp\/v2\/types\/product"}],"replies":[{"embeddable":true,"href":"https:\/\/stoic-curie.212-227-153-4.plesk.page\/hr\/wp-json\/wp\/v2\/comments?post=744869"}],"version-history":[{"count":0,"href":"https:\/\/stoic-curie.212-227-153-4.plesk.page\/hr\/wp-json\/wp\/v2\/product\/744869\/revisions"}],"wp:featuredmedia":[{"embeddable":true,"href":"https:\/\/stoic-curie.212-227-153-4.plesk.page\/hr\/wp-json\/wp\/v2\/media\/5946998"}],"wp:attachment":[{"href":"https:\/\/stoic-curie.212-227-153-4.plesk.page\/hr\/wp-json\/wp\/v2\/media?parent=744869"}],"wp:term":[{"taxonomy":"product_brand","embeddable":true,"href":"https:\/\/stoic-curie.212-227-153-4.plesk.page\/hr\/wp-json\/wp\/v2\/product_brand?post=744869"},{"taxonomy":"product_cat","embeddable":true,"href":"https:\/\/stoic-curie.212-227-153-4.plesk.page\/hr\/wp-json\/wp\/v2\/product_cat?post=744869"},{"taxonomy":"product_tag","embeddable":true,"href":"https:\/\/stoic-curie.212-227-153-4.plesk.page\/hr\/wp-json\/wp\/v2\/product_tag?post=744869"}],"curies":[{"name":"wp","href":"https:\/\/api.w.org\/{rel}","templated":true}]}}