{"id":744870,"date":"2025-03-03T20:01:24","date_gmt":"2025-03-03T19:01:24","guid":{"rendered":"https:\/\/stoic-curie.212-227-153-4.plesk.page\/producto\/nehrdajuce-sidro-pool-hhp-75kg\/"},"modified":"2026-02-25T00:01:17","modified_gmt":"2026-02-25T00:01:17","slug":"nehrdajuce-sidro-pool-hhp-75kg","status":"publish","type":"product","link":"https:\/\/stoic-curie.212-227-153-4.plesk.page\/hr\/product\/nehrdajuce-sidro-pool-hhp-75kg\/","title":{"rendered":"Nehr\u0111aju\u0107e sidro Pool 75kg"},"content":{"rendered":"<p>Nehr\u0111aju\u0107e sidro Pool 75kg &#8211; <\/p>\n<p style=\"color: rgb(34, 34, 34); font-family: Arial, Helvetica, sans-serif; font-size: small;\">Predstavljamo sidro Pool HHP-TW (High Holding Power) od nehr\u0111aju\u0107eg \u010delika u ogledalu, posebno dizajnirano za \u010damce s modernom linijom pramca i smje\u0161tajem sidra u bo\u010dnom hawseu. Na\u0161e sidro tipa HHP-TW je superiorno sidro bez stoke koje nudi izuzetnu sposobnost dr\u017eanja, s koeficijentom dr\u017eanja koji je \u010detiri puta ve\u0107i od standardnog sidra bez stoke.<\/p>\n<p style=\"color: rgb(34, 34, 34); font-family: Arial, Helvetica, sans-serif; font-size: small;\">Sa svojim o\u0161trim i glatkim flukama, ovo sidro je prikladno za sve vrste uvjeta morskog dna i \u010desto se koristi kao pramac sidro ili za aplikacije bu\u0161enja na moru. Sidro tipa TW predstavlja kategoriju sidara bez stoke s visokom snagom dr\u017eanja, pru\u017eaju\u0107i vi\u0161e od dvostruko ve\u0107e dr\u017eanje u usporedbi s konvencionalnim sidrima iste te\u017eine.<\/p>\n<p style=\"color: rgb(34, 34, 34); font-family: Arial, Helvetica, sans-serif; font-size: small;\">Izra\u0111eno s velikim ravnim flukama od \u010delika visoke \u010dvrsto\u0107e, debljina fluka varira od 15 mm do 140 mm, ovisno o veli\u010dini sidra. Ovaj robusni dizajn osigurava pouzdanost i performanse, \u0161to ga \u010dini odli\u010dnim izborom za vlasnike \u010damaca koji tra\u017ee pouzdana sidrenja.<\/p>\n","protected":false},"excerpt":{"rendered":"<p>Nehr\u0111aju\u0107e sidro Pool 75kg &#8211; Predstavljamo sidro Pool HHP-TW (High Holding Power) od nehr\u0111aju\u0107eg \u010delika u ogledalu, posebno dizajnirano za<\/p>\n","protected":false},"featured_media":5946998,"comment_status":"open","ping_status":"closed","template":"","meta":[],"product_brand":[3121],"product_cat":[1871],"product_tag":[],"class_list":{"0":"post-744870","1":"product","2":"type-product","3":"status-publish","4":"has-post-thumbnail","6":"product_brand-marinetech-hr","7":"product_cat-sidra-danforth","9":"first","10":"outofstock","11":"shipping-taxable","12":"purchasable","13":"product-type-simple"},"_links":{"self":[{"href":"https:\/\/stoic-curie.212-227-153-4.plesk.page\/hr\/wp-json\/wp\/v2\/product\/744870","targetHints":{"allow":["GET"]}}],"collection":[{"href":"https:\/\/stoic-curie.212-227-153-4.plesk.page\/hr\/wp-json\/wp\/v2\/product"}],"about":[{"href":"https:\/\/stoic-curie.212-227-153-4.plesk.page\/hr\/wp-json\/wp\/v2\/types\/product"}],"replies":[{"embeddable":true,"href":"https:\/\/stoic-curie.212-227-153-4.plesk.page\/hr\/wp-json\/wp\/v2\/comments?post=744870"}],"version-history":[{"count":0,"href":"https:\/\/stoic-curie.212-227-153-4.plesk.page\/hr\/wp-json\/wp\/v2\/product\/744870\/revisions"}],"wp:featuredmedia":[{"embeddable":true,"href":"https:\/\/stoic-curie.212-227-153-4.plesk.page\/hr\/wp-json\/wp\/v2\/media\/5946998"}],"wp:attachment":[{"href":"https:\/\/stoic-curie.212-227-153-4.plesk.page\/hr\/wp-json\/wp\/v2\/media?parent=744870"}],"wp:term":[{"taxonomy":"product_brand","embeddable":true,"href":"https:\/\/stoic-curie.212-227-153-4.plesk.page\/hr\/wp-json\/wp\/v2\/product_brand?post=744870"},{"taxonomy":"product_cat","embeddable":true,"href":"https:\/\/stoic-curie.212-227-153-4.plesk.page\/hr\/wp-json\/wp\/v2\/product_cat?post=744870"},{"taxonomy":"product_tag","embeddable":true,"href":"https:\/\/stoic-curie.212-227-153-4.plesk.page\/hr\/wp-json\/wp\/v2\/product_tag?post=744870"}],"curies":[{"name":"wp","href":"https:\/\/api.w.org\/{rel}","templated":true}]}}