{"id":744871,"date":"2025-03-03T20:01:25","date_gmt":"2025-03-03T19:01:25","guid":{"rendered":"https:\/\/stoic-curie.212-227-153-4.plesk.page\/producto\/nehrdajuce-sidro-pool-hhp-100kg\/"},"modified":"2026-02-25T00:01:17","modified_gmt":"2026-02-25T00:01:17","slug":"nehrdajuce-sidro-pool-hhp-100kg","status":"publish","type":"product","link":"https:\/\/stoic-curie.212-227-153-4.plesk.page\/hr\/product\/nehrdajuce-sidro-pool-hhp-100kg\/","title":{"rendered":"Nehr\u0111aju\u0107e sidro Pool 100kg"},"content":{"rendered":"<p>Nehr\u0111aju\u0107e sidro Pool 100kg &#8211; <\/p>\n<p>Sa zadovoljstvom predstavljamo ogledalom polirani nehr\u0111aju\u0107i \u010delik Pool HHP-TW (High Holding Power) sidro, vrhunski izbor osmi\u0161ljen za zahtjevne vlasnike brodova koji tra\u017ee samo najbolje. Ovo premium sidro pa\u017eljivo je projektirano uzimaju\u0107i u obzir specifi\u010dne potrebe ve\u0107ih plovila, osiguravaju\u0107i optimalne performanse i nepokolebljivu pouzdanost u raznim morskim uvjetima.<\/p>\n<p>Inovativni dizajn sidra Pool HHP-TW sadr\u017ei suvremenu liniju pramca, koja nije samo funkcionalna, ve\u0107 i pobolj\u0161ava ukupnu estetiku va\u0161eg plovila. Osim toga, ku\u0107i\u0161te sidra strate\u0161ki je smje\u0161teno na bo\u010dnoj hawse, promi\u0161ljena konfiguracija koja zna\u010dajno pobolj\u0161ava funkcionalnost sidra i istovremeno doprinosi elegantnom izgledu va\u0161eg broda.<\/p>\n<p>Ovo sidro nije samo dodatak; to je bitna dopuna va\u0161oj morskoj opremi koja osigurava sigurnost i stabilnost tijekom plovidbe. Sa svojom kvalitetnom konstrukcijom i elegantnim dizajnom, sidro Pool HHP-TW pametna je investicija za svakog vlasnika broda koji \u017eeli unaprijediti svoje iskustvo plovidbe.<\/p>\n","protected":false},"excerpt":{"rendered":"<p>Nehr\u0111aju\u0107e sidro Pool 100kg &#8211; Sa zadovoljstvom predstavljamo ogledalom polirani nehr\u0111aju\u0107i \u010delik Pool HHP-TW (High Holding Power) sidro, vrhunski izbor<\/p>\n","protected":false},"featured_media":5946998,"comment_status":"open","ping_status":"closed","template":"","meta":[],"product_brand":[3121],"product_cat":[1871],"product_tag":[],"class_list":{"0":"post-744871","1":"product","2":"type-product","3":"status-publish","4":"has-post-thumbnail","6":"product_brand-marinetech-hr","7":"product_cat-sidra-danforth","9":"first","10":"outofstock","11":"shipping-taxable","12":"purchasable","13":"product-type-simple"},"_links":{"self":[{"href":"https:\/\/stoic-curie.212-227-153-4.plesk.page\/hr\/wp-json\/wp\/v2\/product\/744871","targetHints":{"allow":["GET"]}}],"collection":[{"href":"https:\/\/stoic-curie.212-227-153-4.plesk.page\/hr\/wp-json\/wp\/v2\/product"}],"about":[{"href":"https:\/\/stoic-curie.212-227-153-4.plesk.page\/hr\/wp-json\/wp\/v2\/types\/product"}],"replies":[{"embeddable":true,"href":"https:\/\/stoic-curie.212-227-153-4.plesk.page\/hr\/wp-json\/wp\/v2\/comments?post=744871"}],"version-history":[{"count":0,"href":"https:\/\/stoic-curie.212-227-153-4.plesk.page\/hr\/wp-json\/wp\/v2\/product\/744871\/revisions"}],"wp:featuredmedia":[{"embeddable":true,"href":"https:\/\/stoic-curie.212-227-153-4.plesk.page\/hr\/wp-json\/wp\/v2\/media\/5946998"}],"wp:attachment":[{"href":"https:\/\/stoic-curie.212-227-153-4.plesk.page\/hr\/wp-json\/wp\/v2\/media?parent=744871"}],"wp:term":[{"taxonomy":"product_brand","embeddable":true,"href":"https:\/\/stoic-curie.212-227-153-4.plesk.page\/hr\/wp-json\/wp\/v2\/product_brand?post=744871"},{"taxonomy":"product_cat","embeddable":true,"href":"https:\/\/stoic-curie.212-227-153-4.plesk.page\/hr\/wp-json\/wp\/v2\/product_cat?post=744871"},{"taxonomy":"product_tag","embeddable":true,"href":"https:\/\/stoic-curie.212-227-153-4.plesk.page\/hr\/wp-json\/wp\/v2\/product_tag?post=744871"}],"curies":[{"name":"wp","href":"https:\/\/api.w.org\/{rel}","templated":true}]}}