{"id":744872,"date":"2025-03-03T20:01:25","date_gmt":"2025-03-03T19:01:25","guid":{"rendered":"https:\/\/stoic-curie.212-227-153-4.plesk.page\/producto\/nehrdajuce-sidro-pool-hhp-140kg\/"},"modified":"2026-02-25T00:01:17","modified_gmt":"2026-02-25T00:01:17","slug":"nehrdajuce-sidro-pool-hhp-140kg","status":"publish","type":"product","link":"https:\/\/stoic-curie.212-227-153-4.plesk.page\/hr\/product\/nehrdajuce-sidro-pool-hhp-140kg\/","title":{"rendered":"Nehr\u0111aju\u0107e sidro Pool 140kg"},"content":{"rendered":"<p>Nehr\u0111aju\u0107e sidro Pool 140kg &#8211; <\/p>\n<p>Ogledalo polirani sidro od nehr\u0111aju\u0107eg \u010delika HHP-TW (High Holding Power). Dizajniran za brodove s novim konceptom pram\u010danih u\u017eadi i stalcima za sidra sa strane.<\/p>\n<p style=\"color: rgb(34, 34, 34); font-family: Arial, Helvetica, sans-serif; font-size: small;\"><strong>Izvrsna otpornost na koroziju:<\/strong>\u00a0Izra\u0111en od 316 nehr\u0111aju\u0107eg \u010delika, ovaj sidro nudi izvanrednu otpornost na koroziju, \u010dine\u0107i ga idealnim za slane vode. Njegov robusni dizajn osigurava da ostane bez hr\u0111e i degradacije, jam\u010de\u0107i dugotrajne performanse i pouzdanost.<\/p>\n<p style=\"color: rgb(34, 34, 34); font-family: Arial, Helvetica, sans-serif; font-size: small;\"><strong>Optimalan omjer snage i te\u017eine:<\/strong>\u00a0Izvrsna izrada od nehr\u0111aju\u0107eg \u010delika nudi odli\u010dan omjer snaga-te\u017eina. To zna\u010di da pru\u017ea impresivnu snagu i stabilnost dok ostaje relativno lagan, olak\u0161avaju\u0107i rukovanje i pohranu na brodu.<\/p>\n<p style=\"color: rgb(34, 34, 34); font-family: Arial, Helvetica, sans-serif; font-size: small;\">Grapne brodskog nastanjivanja sidra sastoje se od dva oblikovana lima koja su zavarena zajedno, \u0161to rezultira \u0161upljim zubima. Ovaj dizajn pobolj\u0161ava otpornost sidra protiv savijanja. Ekstremne to\u010dke sidra u bazenu \u0161ire su od krunskih plo\u010da, doprinosi stabilnim karakteristikama sidrenja.<\/p>\n<p style=\"color: rgb(34, 34, 34); font-family: Arial, Helvetica, sans-serif; font-size: small;\">Potpuno uravnote\u017eeno sidro odr\u017eava svoje zube u vertikalnom polo\u017eaju prilikom podizanja, \u0161to olak\u0161ava spremanje u pram\u010danu ni\u0161u i omogu\u0107uje glatko povla\u010denje. Nasuprot tome, neuravnote\u017eeno sidro nagnuto je prema van i mo\u017ee se zaglaviti izvan pristani\u0161ta sidra. N-tip morsko svjetlo sidro dolazi s kraljevskim \u0161karama i sidrom bez zaliha, dizajniran da odgovara sidrenim d\u017eepovima modernih brodova. Njegova estetska privla\u010dnost pridonijela je njegovoj popularnosti me\u0111u velikim jahtama i kruzerskim brodovima. Me\u0111utim, \u0161iroko se koristi na teretnim brodovima, a neke od najve\u0107ih kontejnerskih tvrtki opremaju svoje flote s ovim \u010deli\u010dnim N-tip sidrom.<\/p>\n<p style=\"color: rgb(34, 34, 34); font-family: Arial, Helvetica, sans-serif; font-size: small;\">N-tip morskih svjetionika posjeduje nekoliko klju\u010dnih zna\u010dajki koje ih \u010dine pouzdanim rje\u0161enjem za sidrenje:<\/p>\n<ul style=\"color: rgb(34, 34, 34); font-family: Arial, Helvetica, sans-serif; font-size: small;\">\n<li>\n<p><strong>Materijal:<\/strong>\u00a0Obi\u010dno izra\u0111en od visokokvalitetnog nehr\u0111aju\u0107eg \u010delika, kao \u0161to je 316L, koji pru\u017ea izvrsnu otpornost na koroziju u morskim okru\u017eenjima.<\/p>\n<\/li>\n<li>\n<p><strong>Dizajn:<\/strong>\u00a0N-\u0442\u0438\u043f \u0430\u043d\u043a\u0435\u0440 \u0438\u043c\u0430 \u043a\u043b\u0430\u0441\u0438\u0447\u0430\u043d \u0434\u0438\u0437\u0430\u0458\u043d \u0441\u0430 \u0434\u0432\u0435 \u0441\u0438\u043c\u0435\u0442\u0440\u0438\u0447\u043d\u0435 \u043a\u0440\u0438\u0432\u0435 \u043a\u043e\u0458\u0435 \u0441\u0435 \u043e\u043a\u0440\u0435\u045b\u0443 \u043d\u0430 \u043a\u0440\u0443\u043d\u0438, \u0448\u0442\u043e \u043e\u043c\u043e\u0433\u0443\u045b\u0430\u0432\u0430 \u0431\u0440\u0436\u0443 \u0438 \u043f\u043e\u0443\u0437\u0434\u0430\u043d\u043e \u0434\u0440\u0436\u0430\u045a\u0435.<\/p>\n<\/li>\n<li>\n<p><strong>\u0160uplje \u0161ape:<\/strong>\u00a0\u0160uplje \u0161ape ne samo da smanjuju te\u017einu, ve\u0107 i pove\u0107avaju snagu i otpornost na savijanje. Ovaj dizajn omogu\u0107ava br\u017ee i u\u010dinkovitije prodiranje u razli\u010dite vrste morskog dna.<\/p>\n<\/li>\n<li>\n<p><strong>Gra\u0111ena konstrukcija:<\/strong>\u00a0Lopate N-tip sidra su zavarene zajedno kako bi se stvorila \u010dvrsta jedinica, osiguravaju\u0107i trajnost i eliminiraju\u0107i to\u010dke slabosti.<\/p>\n<\/li>\n<\/ul>\n","protected":false},"excerpt":{"rendered":"<p>Nehr\u0111aju\u0107e sidro Pool 140kg &#8211; Ogledalo polirani sidro od nehr\u0111aju\u0107eg \u010delika HHP-TW (High Holding Power). Dizajniran za brodove s novim<\/p>\n","protected":false},"featured_media":5946998,"comment_status":"open","ping_status":"closed","template":"","meta":[],"product_brand":[3121],"product_cat":[1871],"product_tag":[],"class_list":{"0":"post-744872","1":"product","2":"type-product","3":"status-publish","4":"has-post-thumbnail","6":"product_brand-marinetech-hr","7":"product_cat-sidra-danforth","9":"first","10":"outofstock","11":"shipping-taxable","12":"purchasable","13":"product-type-simple"},"_links":{"self":[{"href":"https:\/\/stoic-curie.212-227-153-4.plesk.page\/hr\/wp-json\/wp\/v2\/product\/744872","targetHints":{"allow":["GET"]}}],"collection":[{"href":"https:\/\/stoic-curie.212-227-153-4.plesk.page\/hr\/wp-json\/wp\/v2\/product"}],"about":[{"href":"https:\/\/stoic-curie.212-227-153-4.plesk.page\/hr\/wp-json\/wp\/v2\/types\/product"}],"replies":[{"embeddable":true,"href":"https:\/\/stoic-curie.212-227-153-4.plesk.page\/hr\/wp-json\/wp\/v2\/comments?post=744872"}],"version-history":[{"count":0,"href":"https:\/\/stoic-curie.212-227-153-4.plesk.page\/hr\/wp-json\/wp\/v2\/product\/744872\/revisions"}],"wp:featuredmedia":[{"embeddable":true,"href":"https:\/\/stoic-curie.212-227-153-4.plesk.page\/hr\/wp-json\/wp\/v2\/media\/5946998"}],"wp:attachment":[{"href":"https:\/\/stoic-curie.212-227-153-4.plesk.page\/hr\/wp-json\/wp\/v2\/media?parent=744872"}],"wp:term":[{"taxonomy":"product_brand","embeddable":true,"href":"https:\/\/stoic-curie.212-227-153-4.plesk.page\/hr\/wp-json\/wp\/v2\/product_brand?post=744872"},{"taxonomy":"product_cat","embeddable":true,"href":"https:\/\/stoic-curie.212-227-153-4.plesk.page\/hr\/wp-json\/wp\/v2\/product_cat?post=744872"},{"taxonomy":"product_tag","embeddable":true,"href":"https:\/\/stoic-curie.212-227-153-4.plesk.page\/hr\/wp-json\/wp\/v2\/product_tag?post=744872"}],"curies":[{"name":"wp","href":"https:\/\/api.w.org\/{rel}","templated":true}]}}