{"id":744873,"date":"2025-03-03T20:01:25","date_gmt":"2025-03-03T19:01:25","guid":{"rendered":"https:\/\/stoic-curie.212-227-153-4.plesk.page\/producto\/nehrdajuce-sidro-ultra-27kg\/"},"modified":"2026-02-25T00:01:17","modified_gmt":"2026-02-25T00:01:17","slug":"nehrdajuce-sidro-ultra-27kg","status":"publish","type":"product","link":"https:\/\/stoic-curie.212-227-153-4.plesk.page\/hr\/product\/nehrdajuce-sidro-ultra-27kg\/","title":{"rendered":"Nehr\u0111aju\u0107e sidro Ultra 27kg"},"content":{"rendered":"<p>Nehr\u0111aju\u0107e sidro Ultra 27kg &#8211; <\/p>\n<p><strong>27 kg (60 lbs) Ultra Marinski Ankor od nehr\u0111aju\u0107eg \u010delika 316<\/strong> poznat je kao vode\u0107i ankor na svijetu zbog svoje iznimne sposobnosti hvatanja i dr\u017eanja. Njegova optimalna raspodjela te\u017eine osigurava pravilno pozicioniranje pod idealnim kutom za penetraciju, dok konkavna povr\u0161ina pru\u017ea sigurno dr\u017eanje u raznim morskim i vjetrovitim uvjetima. Jedinstveni dizajn stra\u017enje baze sprje\u010dava uvijanje lanca na stubu, olak\u0161avaju\u0107i sigurno i jednostavno izvla\u010denje iz svake zapletenosti.<\/p>\n<p>ULTRA Ankor serija predstavlja vrhunac tehnologije i dizajna ankra. Svaki ankor je pomno ru\u010dno izra\u0111en od nehr\u0111aju\u0107eg \u010delika 316 i poliran do savr\u0161enstva, rezultiraju\u0107i proizvodom koji utjelovljuje izvrsnost. ULTRA Ankor je kompatibilan sa svim tipovima plovila, sigurno se uklapaju\u0107i na prednji valjak jedrilica do 47 ft, motornih plovila do 53 ft i katamarana do 43 ft.<\/p>\n<p>ULTRA Ankor nagla\u0161ava va\u017enost ispravne raspodjele te\u017eine i dizajna kako pri postavljanju, tako i pri podizanju va\u0161eg ankra. Zanimljivo je da, ako preokrenete bilo koji ULTRA Ankor, automatski se vra\u0107a u svoju napada\u010dku poziciju.<\/p>\n<p>Ova nevjerojatna izvedba proiza\u0161la je iz inovativnih patentiranih karakteristika ankra, uklju\u010duju\u0107i zakrivenu, olovom punjenu to\u010dku za trenutnu penetraciju, \u0161uplji vrat za optimalnu raspodjelu te\u017eine, konkavne povr\u0161ine baze za maksimalnu snagu dr\u017eanja i velike bo\u010dne krilne plo\u010de koje sprje\u010davaju ispu\u0161tanje tijekom promjene uvjeta vjetra ili plime. Osim toga, ravna okretna povr\u0161ina na donjoj strani omogu\u0107uje jednostavno izvla\u010denje.<\/p>\n<p>ULTRA Ankor je dostupan u veli\u010dinama od 5 kg (11 lbs) do 360 kg (800 lbs). Izra\u0111en od najboljih materijala u Europi i proizveden od strane specijaliziranih in\u017eenjera, svaki ULTRA Ankor dolazi s do\u017eivotnom garancijom.<\/p>\n<p><strong>Klju\u010dne Karakteristike:<\/strong><\/p>\n<ul>\n<li><strong>Odmah Postavljanje:<\/strong> Ankor hvata pri prvom spu\u0161tanju, odmah dr\u017ei i ne vu\u010de.<\/li>\n<li><strong>Pove\u0107ana Snaga Dr\u017eanja:<\/strong> Dublje se zakopava i odr\u017eava izvrstan prijem pod pove\u0107anim uvjetima vjetra, ostaju\u0107i siguran \u010dak i pri promjeni smjera vjetra.<\/li>\n<li><strong>Jednostavna Obnova:<\/strong> Ankor se automatski poravnava kada je pri\u010dvr\u0161\u0107en na sidrenu koloturu, osiguravaju\u0107i nesmetano spu\u0161tanje na koloturu.<\/li>\n<li><strong>Izdr\u017eljiva Konstrukcija:<\/strong> Izra\u0111ena od nehr\u0111aju\u0107eg \u010delika 316L i 318LN, galvanizacija nije potrebna.<\/li>\n<\/ul>\n<p><strong>Tehni\u010dke Specifikacije:<\/strong><\/p>\n<ul>\n<li><strong>\u0160uplji Vrat:<\/strong> Koncentrira te\u017einu na vrhu ankra za pobolj\u0161anje performansi.<\/li>\n<li><strong>Cjevasta Konstrukcija:<\/strong> Sprje\u010dava ankor da le\u017ei na le\u0111ima, omogu\u0107uju\u0107i trenutni povratak u napada\u010dku poziciju i pravilno u\u010ditavanje na prednji valjak.<\/li>\n<li><strong>Olovom Punjen Vrhunac:<\/strong> Osigurava optimalnu raspodjelu te\u017eine za u\u010dinkovitu penetraciju u izazovnim uvjetima morskog dna.<\/li>\n<li><strong>Podno\u017ena Oklada:<\/strong> Postavljen na dnu kako bi sprije\u010dio povla\u010denje i olak\u0161ao trenutnu postavku kada se ankor pomi\u010de.<\/li>\n<li><strong>Zakrivljeni Vrhunac:<\/strong> Dizajniran za osiguranje kontinuirane postavke u nepovoljnim vremenskim uvjetima, olak\u0161avaju\u0107i trenuta\u010dno sidrenje \u010dak i kada ankor nije u idealnoj poziciji.<\/li>\n<li><strong>Maksimalna Snaga Dr\u017eanja:<\/strong> Konkavna baza podsje\u0107a na lopatu, pru\u017eaju\u0107i ekstremnu dr\u017ea\u0107u snagu s ve\u0107om povr\u0161inom od konvencionalnih ankra, rezultiraju\u0107i sigurnijim dr\u017eanjem.<\/li>\n<li><strong>Ravna Donja Strana:<\/strong> Olak\u0161ava jednostavno povla\u010denje; dok povla\u010dite ankor iz morskog dna, on se okre\u0107e na ravnoj povr\u0161ini za glatko osloba\u0111anje (provjerite je li brod iznad ankra).<\/li>\n<li><strong>Bo\u010dne Krilne Plo\u010de:<\/strong> Sprje\u010dava ispu\u0161tanje tijekom promjene uvjeta vjetra ili plime, omogu\u0107uju\u0107i ankoru da izvr\u0161i puni okret od 180 stupnjeva dok ostaje zakopana. Ovaj dizajn tako\u0111er poma\u017ee u transportu i odr\u017eava kontinuiranu geometriju na prednjem koloturu.<\/li>\n<li><strong>Barijera za Nevezivanje:<\/strong> Sprje\u010dava da se lanac omota oko tijela ankra, osiguravaju\u0107i pouzdano postavljanje i omogu\u0107uju\u0107i vezivanje linije za hvatanje.<\/li>\n<li><strong>Oja\u010dani Oko:<\/strong> Oja\u010dano oko na tijelu podnosi ekstremne optere\u0107enja bez savijanja, lomljenja ili otkazivanja.<\/li>\n<li><strong>Te\u017eina Ankora:<\/strong> Te\u017eina ankra je otisnuta na tijelu, jasno ozna\u010davaju\u0107i veli\u010dinu u kilogramima i funtama.<\/li>\n<li><strong>Serijski Broj:<\/strong> Svaki ULTRA Ankor je otisnut s jedinstvenim serijskim brojem radi lak\u0161eg prepoznavanja.<\/li>\n<\/ul>\n<p>Ukratko, ULTRA Ankor kombinira inovativni dizajn s visokokvalitetnim materijalima kako bi pru\u017eio iznimne performanse i pouzdanost za sve entuzijaste plovidbe.<\/p>\n","protected":false},"excerpt":{"rendered":"<p>Nehr\u0111aju\u0107e sidro Ultra 27kg &#8211; 27 kg (60 lbs) Ultra Marinski Ankor od nehr\u0111aju\u0107eg \u010delika 316 poznat je kao vode\u0107i<\/p>\n","protected":false},"featured_media":5946951,"comment_status":"open","ping_status":"closed","template":"","meta":[],"product_brand":[3496],"product_cat":[1867],"product_tag":[],"class_list":{"0":"post-744873","1":"product","2":"type-product","3":"status-publish","4":"has-post-thumbnail","6":"product_brand-ultra-marine-hr","7":"product_cat-sidra-ultra","9":"first","10":"instock","11":"shipping-taxable","12":"purchasable","13":"product-type-simple"},"_links":{"self":[{"href":"https:\/\/stoic-curie.212-227-153-4.plesk.page\/hr\/wp-json\/wp\/v2\/product\/744873","targetHints":{"allow":["GET"]}}],"collection":[{"href":"https:\/\/stoic-curie.212-227-153-4.plesk.page\/hr\/wp-json\/wp\/v2\/product"}],"about":[{"href":"https:\/\/stoic-curie.212-227-153-4.plesk.page\/hr\/wp-json\/wp\/v2\/types\/product"}],"replies":[{"embeddable":true,"href":"https:\/\/stoic-curie.212-227-153-4.plesk.page\/hr\/wp-json\/wp\/v2\/comments?post=744873"}],"version-history":[{"count":0,"href":"https:\/\/stoic-curie.212-227-153-4.plesk.page\/hr\/wp-json\/wp\/v2\/product\/744873\/revisions"}],"wp:featuredmedia":[{"embeddable":true,"href":"https:\/\/stoic-curie.212-227-153-4.plesk.page\/hr\/wp-json\/wp\/v2\/media\/5946951"}],"wp:attachment":[{"href":"https:\/\/stoic-curie.212-227-153-4.plesk.page\/hr\/wp-json\/wp\/v2\/media?parent=744873"}],"wp:term":[{"taxonomy":"product_brand","embeddable":true,"href":"https:\/\/stoic-curie.212-227-153-4.plesk.page\/hr\/wp-json\/wp\/v2\/product_brand?post=744873"},{"taxonomy":"product_cat","embeddable":true,"href":"https:\/\/stoic-curie.212-227-153-4.plesk.page\/hr\/wp-json\/wp\/v2\/product_cat?post=744873"},{"taxonomy":"product_tag","embeddable":true,"href":"https:\/\/stoic-curie.212-227-153-4.plesk.page\/hr\/wp-json\/wp\/v2\/product_tag?post=744873"}],"curies":[{"name":"wp","href":"https:\/\/api.w.org\/{rel}","templated":true}]}}