{"id":744875,"date":"2025-03-03T20:01:26","date_gmt":"2025-03-03T19:01:26","guid":{"rendered":"https:\/\/stoic-curie.212-227-153-4.plesk.page\/producto\/vrtuljak-za-sidro-kong-8-12mm\/"},"modified":"2026-02-25T00:01:17","modified_gmt":"2026-02-25T00:01:17","slug":"vrtuljak-za-sidro-kong-8-12mm","status":"publish","type":"product","link":"https:\/\/stoic-curie.212-227-153-4.plesk.page\/hr\/product\/vrtuljak-za-sidro-kong-8-12mm\/","title":{"rendered":"Vrtuljak za sidro Kong 8\/12mm"},"content":{"rendered":"<p>Vrtuljak za sidro Kong 8\/12mm &#8211; <\/p>\n<p>Kvalitetni okretni spoj od 316 nehr\u0111aju\u0107eg \u010delika. Glatko se klizi preko sidrenih valjaka, ispravno pozicionira sidro i sprje\u010dava zapletanje lanca. BL = Otpornost na pucanje u vertikalnom vu\u010dnom optere\u0107enju. Otpornost na pucanje bo\u010dnog savijanja iznosi 1\/3 otpornosti na pucanje u vertikalnom vu\u010dnom optere\u0107enju.<\/p>\n","protected":false},"excerpt":{"rendered":"<p>Vrtuljak za sidro Kong 8\/12mm &#8211; Kvalitetni okretni spoj od 316 nehr\u0111aju\u0107eg \u010delika. Glatko se klizi preko sidrenih valjaka, ispravno<\/p>\n","protected":false},"featured_media":5947001,"comment_status":"open","ping_status":"closed","template":"","meta":[],"product_brand":[3051],"product_cat":[1865],"product_tag":[],"class_list":{"0":"post-744875","1":"product","2":"type-product","3":"status-publish","4":"has-post-thumbnail","6":"product_brand-kong-hr","7":"product_cat-vrtuljci-za-sidra","9":"first","10":"instock","11":"shipping-taxable","12":"purchasable","13":"product-type-simple"},"_links":{"self":[{"href":"https:\/\/stoic-curie.212-227-153-4.plesk.page\/hr\/wp-json\/wp\/v2\/product\/744875","targetHints":{"allow":["GET"]}}],"collection":[{"href":"https:\/\/stoic-curie.212-227-153-4.plesk.page\/hr\/wp-json\/wp\/v2\/product"}],"about":[{"href":"https:\/\/stoic-curie.212-227-153-4.plesk.page\/hr\/wp-json\/wp\/v2\/types\/product"}],"replies":[{"embeddable":true,"href":"https:\/\/stoic-curie.212-227-153-4.plesk.page\/hr\/wp-json\/wp\/v2\/comments?post=744875"}],"version-history":[{"count":0,"href":"https:\/\/stoic-curie.212-227-153-4.plesk.page\/hr\/wp-json\/wp\/v2\/product\/744875\/revisions"}],"wp:featuredmedia":[{"embeddable":true,"href":"https:\/\/stoic-curie.212-227-153-4.plesk.page\/hr\/wp-json\/wp\/v2\/media\/5947001"}],"wp:attachment":[{"href":"https:\/\/stoic-curie.212-227-153-4.plesk.page\/hr\/wp-json\/wp\/v2\/media?parent=744875"}],"wp:term":[{"taxonomy":"product_brand","embeddable":true,"href":"https:\/\/stoic-curie.212-227-153-4.plesk.page\/hr\/wp-json\/wp\/v2\/product_brand?post=744875"},{"taxonomy":"product_cat","embeddable":true,"href":"https:\/\/stoic-curie.212-227-153-4.plesk.page\/hr\/wp-json\/wp\/v2\/product_cat?post=744875"},{"taxonomy":"product_tag","embeddable":true,"href":"https:\/\/stoic-curie.212-227-153-4.plesk.page\/hr\/wp-json\/wp\/v2\/product_tag?post=744875"}],"curies":[{"name":"wp","href":"https:\/\/api.w.org\/{rel}","templated":true}]}}