{"id":744876,"date":"2025-03-03T20:01:26","date_gmt":"2025-03-03T19:01:26","guid":{"rendered":"https:\/\/stoic-curie.212-227-153-4.plesk.page\/producto\/sidreni-konektor-kong-za-lanac-12-14-9500-kg\/"},"modified":"2026-02-25T00:01:17","modified_gmt":"2026-02-25T00:01:17","slug":"sidreni-konektor-kong-za-lanac-12-14-9500-kg","status":"publish","type":"product","link":"https:\/\/stoic-curie.212-227-153-4.plesk.page\/hr\/product\/sidreni-konektor-kong-za-lanac-12-14-9500-kg\/","title":{"rendered":"Sidreni konektor Kong za lanac 12\/14 9500 kg"},"content":{"rendered":"<p>Sidreni konektor Kong za lanac 12\/14 9500 kg &#8211; <\/p>\n<p>Kvalitetna 316 nehr\u0111aju\u0107eg \u010delika rotacijska veza. Glatko se klizi preko sidrenih valjaka, ispravno pozicionira sidro i spre\u010dava zapletanje lanca. BL = Potro\u0161na sila kod vertikalnog vu\u010denja. Bo\u010dna savijena potro\u0161na sila je 1\/3 vertikalne potro\u0161ne sile.<\/p>\n","protected":false},"excerpt":{"rendered":"<p>Sidreni konektor Kong za lanac 12\/14 9500 kg &#8211; Kvalitetna 316 nehr\u0111aju\u0107eg \u010delika rotacijska veza. Glatko se klizi preko sidrenih<\/p>\n","protected":false},"featured_media":5947001,"comment_status":"open","ping_status":"closed","template":"","meta":[],"product_brand":[3051],"product_cat":[1865],"product_tag":[],"class_list":{"0":"post-744876","1":"product","2":"type-product","3":"status-publish","4":"has-post-thumbnail","6":"product_brand-kong-hr","7":"product_cat-vrtuljci-za-sidra","9":"first","10":"instock","11":"shipping-taxable","12":"purchasable","13":"product-type-simple"},"_links":{"self":[{"href":"https:\/\/stoic-curie.212-227-153-4.plesk.page\/hr\/wp-json\/wp\/v2\/product\/744876","targetHints":{"allow":["GET"]}}],"collection":[{"href":"https:\/\/stoic-curie.212-227-153-4.plesk.page\/hr\/wp-json\/wp\/v2\/product"}],"about":[{"href":"https:\/\/stoic-curie.212-227-153-4.plesk.page\/hr\/wp-json\/wp\/v2\/types\/product"}],"replies":[{"embeddable":true,"href":"https:\/\/stoic-curie.212-227-153-4.plesk.page\/hr\/wp-json\/wp\/v2\/comments?post=744876"}],"version-history":[{"count":0,"href":"https:\/\/stoic-curie.212-227-153-4.plesk.page\/hr\/wp-json\/wp\/v2\/product\/744876\/revisions"}],"wp:featuredmedia":[{"embeddable":true,"href":"https:\/\/stoic-curie.212-227-153-4.plesk.page\/hr\/wp-json\/wp\/v2\/media\/5947001"}],"wp:attachment":[{"href":"https:\/\/stoic-curie.212-227-153-4.plesk.page\/hr\/wp-json\/wp\/v2\/media?parent=744876"}],"wp:term":[{"taxonomy":"product_brand","embeddable":true,"href":"https:\/\/stoic-curie.212-227-153-4.plesk.page\/hr\/wp-json\/wp\/v2\/product_brand?post=744876"},{"taxonomy":"product_cat","embeddable":true,"href":"https:\/\/stoic-curie.212-227-153-4.plesk.page\/hr\/wp-json\/wp\/v2\/product_cat?post=744876"},{"taxonomy":"product_tag","embeddable":true,"href":"https:\/\/stoic-curie.212-227-153-4.plesk.page\/hr\/wp-json\/wp\/v2\/product_tag?post=744876"}],"curies":[{"name":"wp","href":"https:\/\/api.w.org\/{rel}","templated":true}]}}