{"id":744879,"date":"2025-03-03T20:01:27","date_gmt":"2025-03-03T19:01:27","guid":{"rendered":"https:\/\/stoic-curie.212-227-153-4.plesk.page\/producto\/set-za-sidrenje-s-uzetom-od-50-mt-14-mm-i-lancem-od-75-mt-8-mm-din766\/"},"modified":"2026-02-25T00:01:17","modified_gmt":"2026-02-25T00:01:17","slug":"set-za-sidrenje-s-uzetom-od-50-mt-14-mm-i-lancem-od-75-mt-8-mm-din766","status":"publish","type":"product","link":"https:\/\/stoic-curie.212-227-153-4.plesk.page\/hr\/product\/set-za-sidrenje-s-uzetom-od-50-mt-14-mm-i-lancem-od-75-mt-8-mm-din766\/","title":{"rendered":"Set za sidrenje s u\u017eetom od 50 mt 14 mm i lancem od 7,5 mt 8 mm Din766"},"content":{"rendered":"<p>Set za sidrenje s u\u017eetom od 50 mt 14 mm i lancem od 7,5 mt 8 mm Din766 &#8211; <\/p>\n<p>Sustav sidra spreman za upotrebu s savr\u0161eno oblikovanim spojevima. DIN766-G40 pocin\u010dana \u010deli\u010dna kalibrirana lan\u010dana i 3-strana visokootpornog poliester u\u017eeta otporna na habanje. Mo\u017ee se lako podi\u0107i ru\u010dno ili okrenuti u vjetroturbini.<\/p>\n","protected":false},"excerpt":{"rendered":"<p>Set za sidrenje s u\u017eetom od 50 mt 14 mm i lancem od 7,5 mt 8 mm Din766 &#8211; Sustav<\/p>\n","protected":false},"featured_media":5947005,"comment_status":"open","ping_status":"closed","template":"","meta":[],"product_brand":[3086],"product_cat":[1862],"product_tag":[],"class_list":{"0":"post-744879","1":"product","2":"type-product","3":"status-publish","4":"has-post-thumbnail","6":"product_brand-maggigroup-hr","7":"product_cat-sidreno-uze","9":"first","10":"instock","11":"shipping-taxable","12":"purchasable","13":"product-type-simple"},"_links":{"self":[{"href":"https:\/\/stoic-curie.212-227-153-4.plesk.page\/hr\/wp-json\/wp\/v2\/product\/744879","targetHints":{"allow":["GET"]}}],"collection":[{"href":"https:\/\/stoic-curie.212-227-153-4.plesk.page\/hr\/wp-json\/wp\/v2\/product"}],"about":[{"href":"https:\/\/stoic-curie.212-227-153-4.plesk.page\/hr\/wp-json\/wp\/v2\/types\/product"}],"replies":[{"embeddable":true,"href":"https:\/\/stoic-curie.212-227-153-4.plesk.page\/hr\/wp-json\/wp\/v2\/comments?post=744879"}],"version-history":[{"count":0,"href":"https:\/\/stoic-curie.212-227-153-4.plesk.page\/hr\/wp-json\/wp\/v2\/product\/744879\/revisions"}],"wp:featuredmedia":[{"embeddable":true,"href":"https:\/\/stoic-curie.212-227-153-4.plesk.page\/hr\/wp-json\/wp\/v2\/media\/5947005"}],"wp:attachment":[{"href":"https:\/\/stoic-curie.212-227-153-4.plesk.page\/hr\/wp-json\/wp\/v2\/media?parent=744879"}],"wp:term":[{"taxonomy":"product_brand","embeddable":true,"href":"https:\/\/stoic-curie.212-227-153-4.plesk.page\/hr\/wp-json\/wp\/v2\/product_brand?post=744879"},{"taxonomy":"product_cat","embeddable":true,"href":"https:\/\/stoic-curie.212-227-153-4.plesk.page\/hr\/wp-json\/wp\/v2\/product_cat?post=744879"},{"taxonomy":"product_tag","embeddable":true,"href":"https:\/\/stoic-curie.212-227-153-4.plesk.page\/hr\/wp-json\/wp\/v2\/product_tag?post=744879"}],"curies":[{"name":"wp","href":"https:\/\/api.w.org\/{rel}","templated":true}]}}