{"id":744881,"date":"2025-03-03T20:01:27","date_gmt":"2025-03-03T19:01:27","guid":{"rendered":"https:\/\/stoic-curie.212-227-153-4.plesk.page\/producto\/quick-genius-gp2-150w-12v-lanac-od-6-mm\/"},"modified":"2026-02-25T00:01:17","modified_gmt":"2026-02-25T00:01:17","slug":"quick-genius-gp2-150w-12v-lanac-od-6-mm","status":"publish","type":"product","link":"https:\/\/stoic-curie.212-227-153-4.plesk.page\/hr\/product\/quick-genius-gp2-150w-12v-lanac-od-6-mm\/","title":{"rendered":"Quick Genius Gp2 150w 12v &#8211; lanac od 6 mm"},"content":{"rendered":"<p>Quick Genius Gp2 150w 12v &#8211; lanac od 6 mm &#8211; <\/p>\n<p style=\"color: rgb(34, 34, 34); font-family: Arial, Helvetica, sans-serif; font-size: small;\"><strong>Vinjeg Quick Genius GP2 150W 12V &#8211; 6mm Lanac (Model GP2 500)<\/strong><\/p>\n<p style=\"color: rgb(34, 34, 34); font-family: Arial, Helvetica, sans-serif; font-size: small;\">Quick Genius GP2 500 predstavlja napredni vinjak dizajniran za primjenu konopa i lanca, s jedinstvenom gypsy za ankerske poslove na palubi. Izra\u0111en je od oja\u010danih kompozitnih materijala i integri\u0161e bron\u010dane i nehr\u0111aju\u0107e \u010deli\u010dne komponente za pove\u0107anje dugovje\u010dnosti. Ovaj model je opremljen senzorom za broja\u010d lanca, ru\u010dnim mehanizmom slobodnog pada i pritiskom za jednostavno kori\u0161tenje. Motor ima IP66 ocjenu, pru\u017eaju\u0107i vodootpornu za\u0161titu i osiguravaju\u0107i pouzdanu izvedbu u raznim morskim okru\u017eenjima. Paket dolazi s kontrolnom kutijom i dr\u0161kom.<\/p>\n<p style=\"color: rgb(34, 34, 34); font-family: Arial, Helvetica, sans-serif; font-size: small;\">Quick Spa Italy je globalno priznat zbog svog izvanrednog dizajna vinjaka, proizvodne izvrsnosti i superiorne izrade. GP2 500 vijenac ima horizontalnu os s kombinovanim konopcem\/lancem gypsy, s motorom i prijenosom sigurnim u \u010dvrstoj anodiziranoj aluminijskoj kutiji, upotpunjenoj kompozitnom bazom.<\/p>\n<p style=\"color: rgb(34, 34, 34); font-family: Arial, Helvetica, sans-serif; font-size: small;\"><strong>Glavne karakteristike Quick GP2 500:<\/strong><\/p>\n<ul style=\"color: rgb(34, 34, 34); font-family: Arial, Helvetica, sans-serif; font-size: small;\">\n<li>\u010cvrsto anodizirano aluminijsko ku\u0107i\u0161te<\/li>\n<li>Kompozitna bijela baza<\/li>\n<li>Kombinovana gypsy za konopac\/lanc<\/li>\n<li>Pritisak gypsy<\/li>\n<li>IP66 vodootporni motor<\/li>\n<li>Standardni prijenos<\/li>\n<li>Ru\u010dni mehanizam slobodnog pada<\/li>\n<\/ul>\n<p style=\"color: rgb(34, 34, 34); font-family: Arial, Helvetica, sans-serif; font-size: small;\"><strong>Uklju\u010deno u paket:<\/strong><\/p>\n<ul style=\"color: rgb(34, 34, 34); font-family: Arial, Helvetica, sans-serif; font-size: small;\">\n<li>1 x Kontaktor (Kontrolna kutija) T6411-12<\/li>\n<li>Nylon ru\u010dka<\/li>\n<\/ul>\n<p style=\"color: rgb(34, 34, 34); font-family: Arial, Helvetica, sans-serif; font-size: small;\"><strong>Nije uklju\u010deno:<\/strong><\/p>\n<ul style=\"color: rgb(34, 34, 34); font-family: Arial, Helvetica, sans-serif; font-size: small;\">\n<li>Osigura\u010d<\/li>\n<li>Prekida\u010di i kontrole<\/li>\n<\/ul>\n<p style=\"color: rgb(34, 34, 34); font-family: Arial, Helvetica, sans-serif; font-size: small;\"><strong>Specifikacije Quick GP2 500:<\/strong><\/p>\n<ul style=\"color: rgb(34, 34, 34); font-family: Arial, Helvetica, sans-serif; font-size: small;\">\n<li>Snaga motora: 150W<\/li>\n<li>Napon napajanja motora: 12V<\/li>\n<li>Maksimalno povla\u010denje: 220kg<\/li>\n<li>Maksimalno radno optere\u0107enje: 70kg<\/li>\n<li>Radno optere\u0107enje: 35kg<\/li>\n<li>Potro\u0161nja struje pri radnom optere\u0107enju: 29A (nakon inicijalne upotrebe)<\/li>\n<li>Maksimalna brzina lanca: 38,9 metara u minuti (koriste\u0107i 8mm lanac)<\/li>\n<li>Maksimalna brzina lanca pri radnom optere\u0107enju: 28,5 metara u minuti (koriste\u0107i 8mm lanac)<\/li>\n<li>Te\u017eina: 6kg<\/li>\n<\/ul>\n<p style=\"color: rgb(34, 34, 34); font-family: Arial, Helvetica, sans-serif; font-size: small;\">GP2 500 je kompatibilan sa 6mm i 8mm gypsy i mo\u017ee primiti 12mm trostruko poliester ili najlon konop s vezanjem konopca\/lanca.<\/p>\n<p style=\"color: rgb(34, 34, 34); font-family: Arial, Helvetica, sans-serif; font-size: small;\">Ovaj vinjac predstavlja izvanrednu opciju za vlasnike brodova koji tra\u017ee pouzdano i visokokvalitetno rje\u0161enje za sidrenje.<\/p>\n","protected":false},"excerpt":{"rendered":"<p>Quick Genius Gp2 150w 12v &#8211; lanac od 6 mm &#8211; Vinjeg Quick Genius GP2 150W 12V &#8211; 6mm Lanac<\/p>\n","protected":false},"featured_media":5938507,"comment_status":"open","ping_status":"closed","template":"","meta":[],"product_brand":[3281],"product_cat":[1611],"product_tag":[],"class_list":{"0":"post-744881","1":"product","2":"type-product","3":"status-publish","4":"has-post-thumbnail","6":"product_brand-quick-hr","7":"product_cat-vitla-quick","9":"first","10":"instock","11":"shipping-taxable","12":"purchasable","13":"product-type-simple"},"_links":{"self":[{"href":"https:\/\/stoic-curie.212-227-153-4.plesk.page\/hr\/wp-json\/wp\/v2\/product\/744881","targetHints":{"allow":["GET"]}}],"collection":[{"href":"https:\/\/stoic-curie.212-227-153-4.plesk.page\/hr\/wp-json\/wp\/v2\/product"}],"about":[{"href":"https:\/\/stoic-curie.212-227-153-4.plesk.page\/hr\/wp-json\/wp\/v2\/types\/product"}],"replies":[{"embeddable":true,"href":"https:\/\/stoic-curie.212-227-153-4.plesk.page\/hr\/wp-json\/wp\/v2\/comments?post=744881"}],"version-history":[{"count":0,"href":"https:\/\/stoic-curie.212-227-153-4.plesk.page\/hr\/wp-json\/wp\/v2\/product\/744881\/revisions"}],"wp:featuredmedia":[{"embeddable":true,"href":"https:\/\/stoic-curie.212-227-153-4.plesk.page\/hr\/wp-json\/wp\/v2\/media\/5938507"}],"wp:attachment":[{"href":"https:\/\/stoic-curie.212-227-153-4.plesk.page\/hr\/wp-json\/wp\/v2\/media?parent=744881"}],"wp:term":[{"taxonomy":"product_brand","embeddable":true,"href":"https:\/\/stoic-curie.212-227-153-4.plesk.page\/hr\/wp-json\/wp\/v2\/product_brand?post=744881"},{"taxonomy":"product_cat","embeddable":true,"href":"https:\/\/stoic-curie.212-227-153-4.plesk.page\/hr\/wp-json\/wp\/v2\/product_cat?post=744881"},{"taxonomy":"product_tag","embeddable":true,"href":"https:\/\/stoic-curie.212-227-153-4.plesk.page\/hr\/wp-json\/wp\/v2\/product_tag?post=744881"}],"curies":[{"name":"wp","href":"https:\/\/api.w.org\/{rel}","templated":true}]}}