{"id":744883,"date":"2025-03-03T20:01:28","date_gmt":"2025-03-03T19:01:28","guid":{"rendered":"https:\/\/stoic-curie.212-227-153-4.plesk.page\/producto\/quick-qnc-chc\/"},"modified":"2026-02-25T00:01:17","modified_gmt":"2026-02-25T00:01:17","slug":"quick-qnc-chc","status":"publish","type":"product","link":"https:\/\/stoic-curie.212-227-153-4.plesk.page\/hr\/product\/quick-qnc-chc\/","title":{"rendered":"Quick QNC CHC"},"content":{"rendered":"<p>Quick QNC CHC &#8211; <\/p>\n<p>12\/24V plo\u010da za daljinsko upravljanje vitlom i istovremenu kontrolu duljine spu\u0161tenog lanca. Smanjeni IP67 vodootporni ku\u0107i\u0161te s 3,5&#8243; kolor grafi\u010dkim zaslonom od crnog kaljenog stakla s dodirnim tipkama. Opremljen 5-polnom uti\u010dnicom za CAN bus podatkovni su\u010delje i automatsko otpu\u0161tanje, alarmom za preoptere\u0107enje, povratkom sidra s senzorom loma i slobodnim padom. Uklju\u010duje senzor brojila lanca, za\u0161titni poklopac, vijke, brtvu i 0,5 metar naponskog kabela.<\/p>\n","protected":false},"excerpt":{"rendered":"<p>Quick QNC CHC &#8211; 12\/24V plo\u010da za daljinsko upravljanje vitlom i istovremenu kontrolu duljine spu\u0161tenog lanca. Smanjeni IP67 vodootporni ku\u0107i\u0161te<\/p>\n","protected":false},"featured_media":5947019,"comment_status":"open","ping_status":"closed","template":"","meta":[],"product_brand":[3281],"product_cat":[1611],"product_tag":[],"class_list":{"0":"post-744883","1":"product","2":"type-product","3":"status-publish","4":"has-post-thumbnail","6":"product_brand-quick-hr","7":"product_cat-vitla-quick","9":"first","10":"instock","11":"shipping-taxable","12":"purchasable","13":"product-type-simple"},"_links":{"self":[{"href":"https:\/\/stoic-curie.212-227-153-4.plesk.page\/hr\/wp-json\/wp\/v2\/product\/744883","targetHints":{"allow":["GET"]}}],"collection":[{"href":"https:\/\/stoic-curie.212-227-153-4.plesk.page\/hr\/wp-json\/wp\/v2\/product"}],"about":[{"href":"https:\/\/stoic-curie.212-227-153-4.plesk.page\/hr\/wp-json\/wp\/v2\/types\/product"}],"replies":[{"embeddable":true,"href":"https:\/\/stoic-curie.212-227-153-4.plesk.page\/hr\/wp-json\/wp\/v2\/comments?post=744883"}],"version-history":[{"count":0,"href":"https:\/\/stoic-curie.212-227-153-4.plesk.page\/hr\/wp-json\/wp\/v2\/product\/744883\/revisions"}],"wp:featuredmedia":[{"embeddable":true,"href":"https:\/\/stoic-curie.212-227-153-4.plesk.page\/hr\/wp-json\/wp\/v2\/media\/5947019"}],"wp:attachment":[{"href":"https:\/\/stoic-curie.212-227-153-4.plesk.page\/hr\/wp-json\/wp\/v2\/media?parent=744883"}],"wp:term":[{"taxonomy":"product_brand","embeddable":true,"href":"https:\/\/stoic-curie.212-227-153-4.plesk.page\/hr\/wp-json\/wp\/v2\/product_brand?post=744883"},{"taxonomy":"product_cat","embeddable":true,"href":"https:\/\/stoic-curie.212-227-153-4.plesk.page\/hr\/wp-json\/wp\/v2\/product_cat?post=744883"},{"taxonomy":"product_tag","embeddable":true,"href":"https:\/\/stoic-curie.212-227-153-4.plesk.page\/hr\/wp-json\/wp\/v2\/product_tag?post=744883"}],"curies":[{"name":"wp","href":"https:\/\/api.w.org\/{rel}","templated":true}]}}