{"id":744889,"date":"2025-03-03T20:01:29","date_gmt":"2025-03-03T19:01:29","guid":{"rendered":"https:\/\/stoic-curie.212-227-153-4.plesk.page\/producto\/amortizer-seadamp-evo-do-16ton\/"},"modified":"2026-02-25T00:01:17","modified_gmt":"2026-02-25T00:01:17","slug":"amortizer-seadamp-evo-do-16ton","status":"publish","type":"product","link":"https:\/\/stoic-curie.212-227-153-4.plesk.page\/hr\/product\/amortizer-seadamp-evo-do-16ton\/","title":{"rendered":"Amortizer Seadamp Evo do 16ton"},"content":{"rendered":"<p>Amortizer Seadamp Evo do 16ton &#8211; <\/p>\n<p>Do\u017eivotna garancija na Seares Seadamp Evo hidrauli\u010dni amortizer za vez s oprugom od nehr\u0111aju\u0107eg \u010delika visoke otpornosti i poklopcem te te\u0161ko anodiziranim aluminijskim ku\u0107i\u0161tem. Unutarnja opruga, uronjena u 100 % biorazgradivu hidrauli\u010dnu teku\u0107inu, jam\u010di apsolutnu ti\u0161inu i progresivno prigu\u0161ivanje koje smanjuje oscilacije i izbjegava klasi\u010dno \u0161kripanje. U kompletu s integriranom anodnom za\u0161titom od korozije. Izuzetno lagan, te\u017ei samo 3 kg. Opcionalna za\u0161titna navlaka od \u010distog silikona za idealnu za\u0161titu od udaraca.<\/p>\n","protected":false},"excerpt":{"rendered":"<p>Amortizer Seadamp Evo do 16ton &#8211; Do\u017eivotna garancija na Seares Seadamp Evo hidrauli\u010dni amortizer za vez s oprugom od nehr\u0111aju\u0107eg<\/p>\n","protected":false},"featured_media":5947023,"comment_status":"open","ping_status":"closed","template":"","meta":[],"product_brand":[3346],"product_cat":[1624],"product_tag":[],"class_list":{"0":"post-744889","1":"product","2":"type-product","3":"status-publish","4":"has-post-thumbnail","6":"product_brand-seadamp-hr","7":"product_cat-amortizeri-za-konope-za-vez","9":"first","10":"instock","11":"shipping-taxable","12":"purchasable","13":"product-type-simple"},"_links":{"self":[{"href":"https:\/\/stoic-curie.212-227-153-4.plesk.page\/hr\/wp-json\/wp\/v2\/product\/744889","targetHints":{"allow":["GET"]}}],"collection":[{"href":"https:\/\/stoic-curie.212-227-153-4.plesk.page\/hr\/wp-json\/wp\/v2\/product"}],"about":[{"href":"https:\/\/stoic-curie.212-227-153-4.plesk.page\/hr\/wp-json\/wp\/v2\/types\/product"}],"replies":[{"embeddable":true,"href":"https:\/\/stoic-curie.212-227-153-4.plesk.page\/hr\/wp-json\/wp\/v2\/comments?post=744889"}],"version-history":[{"count":0,"href":"https:\/\/stoic-curie.212-227-153-4.plesk.page\/hr\/wp-json\/wp\/v2\/product\/744889\/revisions"}],"wp:featuredmedia":[{"embeddable":true,"href":"https:\/\/stoic-curie.212-227-153-4.plesk.page\/hr\/wp-json\/wp\/v2\/media\/5947023"}],"wp:attachment":[{"href":"https:\/\/stoic-curie.212-227-153-4.plesk.page\/hr\/wp-json\/wp\/v2\/media?parent=744889"}],"wp:term":[{"taxonomy":"product_brand","embeddable":true,"href":"https:\/\/stoic-curie.212-227-153-4.plesk.page\/hr\/wp-json\/wp\/v2\/product_brand?post=744889"},{"taxonomy":"product_cat","embeddable":true,"href":"https:\/\/stoic-curie.212-227-153-4.plesk.page\/hr\/wp-json\/wp\/v2\/product_cat?post=744889"},{"taxonomy":"product_tag","embeddable":true,"href":"https:\/\/stoic-curie.212-227-153-4.plesk.page\/hr\/wp-json\/wp\/v2\/product_tag?post=744889"}],"curies":[{"name":"wp","href":"https:\/\/api.w.org\/{rel}","templated":true}]}}