{"id":744892,"date":"2025-03-03T20:01:30","date_gmt":"2025-03-03T19:01:30","guid":{"rendered":"https:\/\/stoic-curie.212-227-153-4.plesk.page\/producto\/nehrdajuci-amortizer-seadamp-do-25t\/"},"modified":"2026-02-25T00:01:17","modified_gmt":"2026-02-25T00:01:17","slug":"nehrdajuci-amortizer-seadamp-do-25t","status":"publish","type":"product","link":"https:\/\/stoic-curie.212-227-153-4.plesk.page\/hr\/product\/nehrdajuci-amortizer-seadamp-do-25t\/","title":{"rendered":"Nehr\u0111aju\u0107i amortizer Seadamp Steel-2"},"content":{"rendered":"<p>Nehr\u0111aju\u0107i amortizer Seadamp Steel-2 &#8211; <\/p>\n<p style=\"color: rgb(34, 34, 34); font-family: Arial, Helvetica, sans-serif; font-size: small;\">Seares Seadamp STEEL-2 hidrauli\u010dni apsorbent udarca za vezanje dolazi s do\u017eivotnom garancijom i sadr\u017ei visoko kvalitetnu, visokotla\u010dnu kromiranu oprugu, ku\u0107i\u0161te i poklopac od nehr\u0111aju\u0107eg \u010delika. Ovaj proizvod osigurava maksimalnu sigurnost \u010dak i pod te\u0161kim optere\u0107enjima na veznoj liniji. Unutarnja opruga je uronjena u 100% biorazgradivu hidrauli\u010dnu teku\u0107inu, \u0161to omogu\u0107uje be\u0161uman rad i progresivno prigu\u0161enje koje minimizira oscilacije i eliminira tipi\u010dno \u0161kripanje. Tako\u0111er uklju\u010duje integriranu anodnu za\u0161titu kako bi se sprije\u010dila korozija.<\/p>\n<p style=\"color: rgb(34, 34, 34); font-family: Arial, Helvetica, sans-serif; font-size: small;\">Seadamp STEEL-2 hidrauli\u010dni apsorbent udarca za vezanje predstavlja sna\u017eno rje\u0161enje koje je dizajnirano za upravljanje te\u0161kim optere\u0107enjima tijekom veznih operacija. Ima no\u0161enje optere\u0107enja od 100,000 N, radno optere\u0107enje od 12,000 N i hod od 95 mm. Te\u017eina iznosi 5.6 kg, a proizvod nosi oznaku Seares s brojem proizvoda STEEL02.<\/p>\n<p style=\"color: rgb(34, 34, 34); font-family: Arial, Helvetica, sans-serif; font-size: small;\"><strong>Seadamp STEEL-2 hidrauli\u010dni apsorbent udarca za vezanje<\/strong><\/p>\n<p style=\"color: rgb(34, 34, 34); font-family: Arial, Helvetica, sans-serif; font-size: small;\">Seadamp STEEL-2 je izdr\u017eljiv hidrauli\u010dni apsorbent udarca za vezanje, izra\u0111en za upravljanje te\u0161kim optere\u0107enjima uz osiguranje sigurnosti i u\u010dinkovitosti tijekom vezivanja.<\/p>\n<ul style=\"color: rgb(34, 34, 34); font-family: Arial, Helvetica, sans-serif; font-size: small;\">\n<li>No\u0161enje optere\u0107enja: 100,000 N<\/li>\n<li>Radno optere\u0107enje: 12,000 N<\/li>\n<li>Hod: 95 mm<\/li>\n<li>Model: STEEL-2<\/li>\n<li>Te\u017eina: 5.6 kg<\/li>\n<li>Broj proizvoda: STEEL02<\/li>\n<\/ul>\n","protected":false},"excerpt":{"rendered":"<p>Nehr\u0111aju\u0107i amortizer Seadamp Steel-2 &#8211; Seares Seadamp STEEL-2 hidrauli\u010dni apsorbent udarca za vezanje dolazi s do\u017eivotnom garancijom i sadr\u017ei visoko<\/p>\n","protected":false},"featured_media":5947028,"comment_status":"open","ping_status":"closed","template":"","meta":[],"product_brand":[3346],"product_cat":[1624],"product_tag":[],"class_list":{"0":"post-744892","1":"product","2":"type-product","3":"status-publish","4":"has-post-thumbnail","6":"product_brand-seadamp-hr","7":"product_cat-amortizeri-za-konope-za-vez","9":"first","10":"instock","11":"shipping-taxable","12":"purchasable","13":"product-type-simple"},"_links":{"self":[{"href":"https:\/\/stoic-curie.212-227-153-4.plesk.page\/hr\/wp-json\/wp\/v2\/product\/744892","targetHints":{"allow":["GET"]}}],"collection":[{"href":"https:\/\/stoic-curie.212-227-153-4.plesk.page\/hr\/wp-json\/wp\/v2\/product"}],"about":[{"href":"https:\/\/stoic-curie.212-227-153-4.plesk.page\/hr\/wp-json\/wp\/v2\/types\/product"}],"replies":[{"embeddable":true,"href":"https:\/\/stoic-curie.212-227-153-4.plesk.page\/hr\/wp-json\/wp\/v2\/comments?post=744892"}],"version-history":[{"count":0,"href":"https:\/\/stoic-curie.212-227-153-4.plesk.page\/hr\/wp-json\/wp\/v2\/product\/744892\/revisions"}],"wp:featuredmedia":[{"embeddable":true,"href":"https:\/\/stoic-curie.212-227-153-4.plesk.page\/hr\/wp-json\/wp\/v2\/media\/5947028"}],"wp:attachment":[{"href":"https:\/\/stoic-curie.212-227-153-4.plesk.page\/hr\/wp-json\/wp\/v2\/media?parent=744892"}],"wp:term":[{"taxonomy":"product_brand","embeddable":true,"href":"https:\/\/stoic-curie.212-227-153-4.plesk.page\/hr\/wp-json\/wp\/v2\/product_brand?post=744892"},{"taxonomy":"product_cat","embeddable":true,"href":"https:\/\/stoic-curie.212-227-153-4.plesk.page\/hr\/wp-json\/wp\/v2\/product_cat?post=744892"},{"taxonomy":"product_tag","embeddable":true,"href":"https:\/\/stoic-curie.212-227-153-4.plesk.page\/hr\/wp-json\/wp\/v2\/product_tag?post=744892"}],"curies":[{"name":"wp","href":"https:\/\/api.w.org\/{rel}","templated":true}]}}