{"id":744894,"date":"2025-03-03T20:01:31","date_gmt":"2025-03-03T19:01:31","guid":{"rendered":"https:\/\/stoic-curie.212-227-153-4.plesk.page\/producto\/nehrdajuci-amortizer-seadamp-do-45t\/"},"modified":"2026-02-25T00:01:17","modified_gmt":"2026-02-25T00:01:17","slug":"nehrdajuci-amortizer-seadamp-do-45t","status":"publish","type":"product","link":"https:\/\/stoic-curie.212-227-153-4.plesk.page\/hr\/product\/nehrdajuci-amortizer-seadamp-do-45t\/","title":{"rendered":"Nehr\u0111aju\u0107i amortizer Seadamp Steel-4"},"content":{"rendered":"<p>Nehr\u0111aju\u0107i amortizer Seadamp Steel-4 &#8211; <\/p>\n<p style=\"color: rgb(34, 34, 34); font-family: Arial, Helvetica, sans-serif; font-size: small;\">Do\u017eivotno jamstvo: Seares Seadamp \u010deli\u010dni hidrauli\u010dni amortizer za vezivanje<\/p>\n<p style=\"color: rgb(34, 34, 34); font-family: Arial, Helvetica, sans-serif; font-size: small;\">Seares Seadamp \u010deli\u010dni hidrauli\u010dni amortizer za vezivanje karakterizira polirani, visoko otporan nehr\u0111aju\u0107i \u010deli\u010dni opru\u017eni sustav, ku\u0107i\u0161te i kapica. Osigurava maksimalnu sigurnost \u010dak i pri velikim optere\u0107enjima na uzici. Unutra\u0161nja opruga uronjena je u 100% biorazgradivu hidrauli\u010dnu teku\u0107inu, \u0161to omogu\u0107uje tiho djelovanje i progresivno prigu\u0161enje. Ovaj dizajn u\u010dinkovito smanjuje oscilacije i eliminira tipi\u010dan squeaking zvuk. Osim toga, dolazi s integriranom anodnom za\u0161titom kako bi se sprije\u010dila korozija.<\/p>\n<p style=\"color: rgb(34, 34, 34); font-family: Arial, Helvetica, sans-serif; font-size: small;\"><strong>Seadamp STEEL-4 hidrauli\u010dni amortizer za vezivanje<\/strong><\/p>\n<p style=\"color: rgb(34, 34, 34); font-family: Arial, Helvetica, sans-serif; font-size: small;\">Seadamp STEEL-4 dizajniran je za iznimnu izdr\u017eljivost i u\u010dinkovitost, posebno osmi\u0161ljen za apsorpciju udaraca u situacijama visokog optere\u0107enja.<\/p>\n<ul style=\"color: rgb(34, 34, 34); font-family: Arial, Helvetica, sans-serif; font-size: small;\">\n<li><strong>Nosivost:<\/strong>&nbsp;150.000 N<\/li>\n<li><strong>Radno optere\u0107enje:<\/strong>&nbsp;23.000 N<\/li>\n<li><strong>Stroka:<\/strong>&nbsp;90 mm<\/li>\n<li><strong>Model:<\/strong>&nbsp;STEEL-4<\/li>\n<li><strong>Te\u017eina:<\/strong>&nbsp;6 kg<\/li>\n<li><strong>Broj proizvoda:<\/strong>&nbsp;STEEL04<\/li>\n<\/ul>\n<p style=\"color: rgb(34, 34, 34); font-family: Arial, Helvetica, sans-serif; font-size: small;\">Ovaj amortizer je pouzan izbor za ljubitelje \u010damaca koji tra\u017ee kvalitetu i performanse.<\/p>\n","protected":false},"excerpt":{"rendered":"<p>Nehr\u0111aju\u0107i amortizer Seadamp Steel-4 &#8211; Do\u017eivotno jamstvo: Seares Seadamp \u010deli\u010dni hidrauli\u010dni amortizer za vezivanje Seares Seadamp \u010deli\u010dni hidrauli\u010dni amortizer za<\/p>\n","protected":false},"featured_media":5947028,"comment_status":"open","ping_status":"closed","template":"","meta":[],"product_brand":[3346],"product_cat":[1624],"product_tag":[],"class_list":{"0":"post-744894","1":"product","2":"type-product","3":"status-publish","4":"has-post-thumbnail","6":"product_brand-seadamp-hr","7":"product_cat-amortizeri-za-konope-za-vez","9":"first","10":"instock","11":"shipping-taxable","12":"purchasable","13":"product-type-simple"},"_links":{"self":[{"href":"https:\/\/stoic-curie.212-227-153-4.plesk.page\/hr\/wp-json\/wp\/v2\/product\/744894","targetHints":{"allow":["GET"]}}],"collection":[{"href":"https:\/\/stoic-curie.212-227-153-4.plesk.page\/hr\/wp-json\/wp\/v2\/product"}],"about":[{"href":"https:\/\/stoic-curie.212-227-153-4.plesk.page\/hr\/wp-json\/wp\/v2\/types\/product"}],"replies":[{"embeddable":true,"href":"https:\/\/stoic-curie.212-227-153-4.plesk.page\/hr\/wp-json\/wp\/v2\/comments?post=744894"}],"version-history":[{"count":0,"href":"https:\/\/stoic-curie.212-227-153-4.plesk.page\/hr\/wp-json\/wp\/v2\/product\/744894\/revisions"}],"wp:featuredmedia":[{"embeddable":true,"href":"https:\/\/stoic-curie.212-227-153-4.plesk.page\/hr\/wp-json\/wp\/v2\/media\/5947028"}],"wp:attachment":[{"href":"https:\/\/stoic-curie.212-227-153-4.plesk.page\/hr\/wp-json\/wp\/v2\/media?parent=744894"}],"wp:term":[{"taxonomy":"product_brand","embeddable":true,"href":"https:\/\/stoic-curie.212-227-153-4.plesk.page\/hr\/wp-json\/wp\/v2\/product_brand?post=744894"},{"taxonomy":"product_cat","embeddable":true,"href":"https:\/\/stoic-curie.212-227-153-4.plesk.page\/hr\/wp-json\/wp\/v2\/product_cat?post=744894"},{"taxonomy":"product_tag","embeddable":true,"href":"https:\/\/stoic-curie.212-227-153-4.plesk.page\/hr\/wp-json\/wp\/v2\/product_tag?post=744894"}],"curies":[{"name":"wp","href":"https:\/\/api.w.org\/{rel}","templated":true}]}}