{"id":744895,"date":"2025-03-03T20:01:31","date_gmt":"2025-03-03T19:01:31","guid":{"rendered":"https:\/\/stoic-curie.212-227-153-4.plesk.page\/producto\/amortizeri-sidermarine-mk50-special-flex-do-30ton\/"},"modified":"2026-02-25T00:01:17","modified_gmt":"2026-02-25T00:01:17","slug":"amortizeri-sidermarine-mk50-special-flex-do-30ton","status":"publish","type":"product","link":"https:\/\/stoic-curie.212-227-153-4.plesk.page\/hr\/product\/amortizeri-sidermarine-mk50-special-flex-do-30ton\/","title":{"rendered":"Sidermarine MK50S Flex za 25 do 30 tona"},"content":{"rendered":"<p>Sidermarine MK50S Flex za 25 do 30 tona &#8211; <\/p>\n<p style=\"color: rgb(34, 34, 34); font-family: Arial, Helvetica, sans-serif; font-size: small;\">Predstavljamo MK 50 Special Flex, amortizer za sidrenje dizajniran za brodove te\u017eine izme\u0111u 25 i 30 tona. Ovaj inovativni proizvod sadr\u017ei sredi\u0161nji elastomer u obliku &#8220;BARELA&#8221; koji u\u010dinkovito apsorbira velike optere\u0107enja.<\/p>\n<p style=\"color: rgb(34, 34, 34); font-family: Arial, Helvetica, sans-serif; font-size: small;\">Klju\u010dne karakteristike:<\/p>\n<ul style=\"color: rgb(34, 34, 34); font-family: Arial, Helvetica, sans-serif; font-size: small;\">\n<li>Progresivna sila prigu\u0161enja za pobolj\u0161anu izvedbu<\/li>\n<li>Tih rad, osiguravaju\u0107i mirno okru\u017eenje<\/li>\n<li>Unutarnje komponente izra\u0111ene od nehr\u0111aju\u0107eg \u010delika 316, bez zavarenih dijelova<\/li>\n<li>Pouzdana izvedba u \u0161irokom temperaturnom rasponu, od -20\u00b0 do +80\u00b0<\/li>\n<\/ul>\n<p style=\"color: rgb(34, 34, 34); font-family: Arial, Helvetica, sans-serif; font-size: small;\">Patentirani MK 50 Special Flex posebno je in\u017eenjerski razvijen za te\u0161ke brodove. Njegov jedinstveni dizajn elastomera omogu\u0107uje mu da lako podnosi velika optere\u0107enja. Ovaj amortizer je idealan za pristani\u0161ta i mega jahte, pru\u017eaju\u0107i iznimnu izdr\u017eljivost i funkcionalnost.<\/p>\n<p style=\"color: rgb(34, 34, 34); font-family: Arial, Helvetica, sans-serif; font-size: small;\">Zna\u010dajne prednosti:<\/p>\n<ul style=\"color: rgb(34, 34, 34); font-family: Arial, Helvetica, sans-serif; font-size: small;\">\n<li>Visokokvalitetni materijali osiguravaju dugovje\u010dnost<\/li>\n<li>Tih rad za ugodnije iskustvo plovidbe<\/li>\n<li>Izvrsna modularna sposobnost prigu\u0161enja<\/li>\n<li>Dosljedna izvedba, neovisna o niskim temperaturama<\/li>\n<\/ul>\n<p style=\"color: rgb(34, 34, 34); font-family: Arial, Helvetica, sans-serif; font-size: small;\">Odr\u017eavanje je jednostavno, omogu\u0107uju\u0107i vlasnicima brodova lako brigu o jedinici. MK 50 Special Flex efikasno radi na temperaturama u rasponu od -20\u00b0 do +80\u00b0.<\/p>\n<p style=\"color: rgb(34, 34, 34); font-family: Arial, Helvetica, sans-serif; font-size: small;\">Specifikacije:<\/p>\n<ul style=\"color: rgb(34, 34, 34); font-family: Arial, Helvetica, sans-serif; font-size: small;\">\n<li>Dimenzije: 96 x 452 mm (3.78 x 17.80 in\u010da)<\/li>\n<li>Te\u017eina: 6.5 kg (14.33 lbs)<\/li>\n<li>Pogodno za brodove te\u017eine od 25 do 30 tona.<\/li>\n<\/ul>\n<p style=\"color: rgb(34, 34, 34); font-family: Arial, Helvetica, sans-serif; font-size: small;\">Odaberite MK 50 Special Flex za pouzdana i u\u010dinkovita rje\u0161enja za sidrenje.<\/p>\n","protected":false},"excerpt":{"rendered":"<p>Sidermarine MK50S Flex za 25 do 30 tona &#8211; Predstavljamo MK 50 Special Flex, amortizer za sidrenje dizajniran za brodove<\/p>\n","protected":false},"featured_media":5947032,"comment_status":"open","ping_status":"closed","template":"","meta":[],"product_brand":[3386],"product_cat":[1624],"product_tag":[],"class_list":{"0":"post-744895","1":"product","2":"type-product","3":"status-publish","4":"has-post-thumbnail","6":"product_brand-sidermarine-hr","7":"product_cat-amortizeri-za-konope-za-vez","9":"first","10":"instock","11":"shipping-taxable","12":"purchasable","13":"product-type-simple"},"_links":{"self":[{"href":"https:\/\/stoic-curie.212-227-153-4.plesk.page\/hr\/wp-json\/wp\/v2\/product\/744895","targetHints":{"allow":["GET"]}}],"collection":[{"href":"https:\/\/stoic-curie.212-227-153-4.plesk.page\/hr\/wp-json\/wp\/v2\/product"}],"about":[{"href":"https:\/\/stoic-curie.212-227-153-4.plesk.page\/hr\/wp-json\/wp\/v2\/types\/product"}],"replies":[{"embeddable":true,"href":"https:\/\/stoic-curie.212-227-153-4.plesk.page\/hr\/wp-json\/wp\/v2\/comments?post=744895"}],"version-history":[{"count":0,"href":"https:\/\/stoic-curie.212-227-153-4.plesk.page\/hr\/wp-json\/wp\/v2\/product\/744895\/revisions"}],"wp:featuredmedia":[{"embeddable":true,"href":"https:\/\/stoic-curie.212-227-153-4.plesk.page\/hr\/wp-json\/wp\/v2\/media\/5947032"}],"wp:attachment":[{"href":"https:\/\/stoic-curie.212-227-153-4.plesk.page\/hr\/wp-json\/wp\/v2\/media?parent=744895"}],"wp:term":[{"taxonomy":"product_brand","embeddable":true,"href":"https:\/\/stoic-curie.212-227-153-4.plesk.page\/hr\/wp-json\/wp\/v2\/product_brand?post=744895"},{"taxonomy":"product_cat","embeddable":true,"href":"https:\/\/stoic-curie.212-227-153-4.plesk.page\/hr\/wp-json\/wp\/v2\/product_cat?post=744895"},{"taxonomy":"product_tag","embeddable":true,"href":"https:\/\/stoic-curie.212-227-153-4.plesk.page\/hr\/wp-json\/wp\/v2\/product_tag?post=744895"}],"curies":[{"name":"wp","href":"https:\/\/api.w.org\/{rel}","templated":true}]}}