{"id":744898,"date":"2025-03-03T20:01:32","date_gmt":"2025-03-03T19:01:32","guid":{"rendered":"https:\/\/stoic-curie.212-227-153-4.plesk.page\/producto\/sklopivi-bokobran-plavi-crni-dim-500-x-320-x-40-mm\/"},"modified":"2026-02-25T00:01:17","modified_gmt":"2026-02-25T00:01:17","slug":"sklopivi-bokobran-plavi-crni-dim-500-x-320-x-40-mm","status":"publish","type":"product","link":"https:\/\/stoic-curie.212-227-153-4.plesk.page\/hr\/product\/sklopivi-bokobran-plavi-crni-dim-500-x-320-x-40-mm\/","title":{"rendered":"Sklopivi bokobran plavi\/crni dim 500 x 320 x 40 mm"},"content":{"rendered":"<p>Sklopivi bokobran plavi\/crni dim 500 x 320 x 40 mm &#8211; <\/p>\n<p>UV-otporna tkanina, zatvorenih \u0107elija polietilen, sklopivi i prilagodljivi fender. Idealno za napuhavanje i svaku neravnu povr\u0161inu, mo\u017ee se koristiti i kao jastu\u010di\u0107. Fender je dvostrane: Plava i Crna.<\/p>\n","protected":false},"excerpt":{"rendered":"<p>Sklopivi bokobran plavi\/crni dim 500 x 320 x 40 mm &#8211; UV-otporna tkanina, zatvorenih \u0107elija polietilen, sklopivi i prilagodljivi fender.<\/p>\n","protected":false},"featured_media":5947043,"comment_status":"open","ping_status":"closed","template":"","meta":[],"product_brand":[3491],"product_cat":[1848],"product_tag":[],"class_list":{"0":"post-744898","1":"product","2":"type-product","3":"status-publish","4":"has-post-thumbnail","6":"product_brand-trem-hr","7":"product_cat-brodski-bokobrani","9":"first","10":"instock","11":"shipping-taxable","12":"purchasable","13":"product-type-simple"},"_links":{"self":[{"href":"https:\/\/stoic-curie.212-227-153-4.plesk.page\/hr\/wp-json\/wp\/v2\/product\/744898","targetHints":{"allow":["GET"]}}],"collection":[{"href":"https:\/\/stoic-curie.212-227-153-4.plesk.page\/hr\/wp-json\/wp\/v2\/product"}],"about":[{"href":"https:\/\/stoic-curie.212-227-153-4.plesk.page\/hr\/wp-json\/wp\/v2\/types\/product"}],"replies":[{"embeddable":true,"href":"https:\/\/stoic-curie.212-227-153-4.plesk.page\/hr\/wp-json\/wp\/v2\/comments?post=744898"}],"version-history":[{"count":0,"href":"https:\/\/stoic-curie.212-227-153-4.plesk.page\/hr\/wp-json\/wp\/v2\/product\/744898\/revisions"}],"wp:featuredmedia":[{"embeddable":true,"href":"https:\/\/stoic-curie.212-227-153-4.plesk.page\/hr\/wp-json\/wp\/v2\/media\/5947043"}],"wp:attachment":[{"href":"https:\/\/stoic-curie.212-227-153-4.plesk.page\/hr\/wp-json\/wp\/v2\/media?parent=744898"}],"wp:term":[{"taxonomy":"product_brand","embeddable":true,"href":"https:\/\/stoic-curie.212-227-153-4.plesk.page\/hr\/wp-json\/wp\/v2\/product_brand?post=744898"},{"taxonomy":"product_cat","embeddable":true,"href":"https:\/\/stoic-curie.212-227-153-4.plesk.page\/hr\/wp-json\/wp\/v2\/product_cat?post=744898"},{"taxonomy":"product_tag","embeddable":true,"href":"https:\/\/stoic-curie.212-227-153-4.plesk.page\/hr\/wp-json\/wp\/v2\/product_tag?post=744898"}],"curies":[{"name":"wp","href":"https:\/\/api.w.org\/{rel}","templated":true}]}}