{"id":744899,"date":"2025-03-03T20:01:32","date_gmt":"2025-03-03T19:01:32","guid":{"rendered":"https:\/\/stoic-curie.212-227-153-4.plesk.page\/producto\/majoni-visedjelni-bokobran-boja-plava-dimenzije-60-x-30-x-8-cm\/"},"modified":"2026-02-25T00:01:17","modified_gmt":"2026-02-25T00:01:17","slug":"majoni-visedjelni-bokobran-boja-plava-dimenzije-60-x-30-x-8-cm","status":"publish","type":"product","link":"https:\/\/stoic-curie.212-227-153-4.plesk.page\/hr\/product\/majoni-visedjelni-bokobran-boja-plava-dimenzije-60-x-30-x-8-cm\/","title":{"rendered":"Majoni vi\u0161edjelni bokobran boja plava  dimenzije 60 x 30 x 8 cm"},"content":{"rendered":"<p>Majoni vi\u0161edjelni bokobran boja plava  dimenzije 60 x 30 x 8 cm &#8211; <\/p>\n<p>Sklopiva elasti\u010dna struktura odbojnika koja omogu\u0107ava zaobljavanje i za\u0161titu svake nepravilne ili ravne povr\u0161ine. Mo\u017ee se primijeniti na zidovima, stupovima, ogradama, kutovima i koristiti kao pram\u010dana boja.<\/p>\n","protected":false},"excerpt":{"rendered":"<p>Majoni vi\u0161edjelni bokobran boja plava dimenzije 60 x 30 x 8 cm &#8211; Sklopiva elasti\u010dna struktura odbojnika koja omogu\u0107ava zaobljavanje<\/p>\n","protected":false},"featured_media":5947048,"comment_status":"open","ping_status":"closed","template":"","meta":[],"product_brand":[2178,3091],"product_cat":[1849],"product_tag":[],"class_list":{"0":"post-744899","1":"product","2":"type-product","3":"status-publish","4":"has-post-thumbnail","6":"product_brand-majoni","7":"product_brand-majoni-hr","8":"product_cat-bokobrani-za-dokove","10":"first","11":"instock","12":"shipping-taxable","13":"purchasable","14":"product-type-simple"},"_links":{"self":[{"href":"https:\/\/stoic-curie.212-227-153-4.plesk.page\/hr\/wp-json\/wp\/v2\/product\/744899","targetHints":{"allow":["GET"]}}],"collection":[{"href":"https:\/\/stoic-curie.212-227-153-4.plesk.page\/hr\/wp-json\/wp\/v2\/product"}],"about":[{"href":"https:\/\/stoic-curie.212-227-153-4.plesk.page\/hr\/wp-json\/wp\/v2\/types\/product"}],"replies":[{"embeddable":true,"href":"https:\/\/stoic-curie.212-227-153-4.plesk.page\/hr\/wp-json\/wp\/v2\/comments?post=744899"}],"version-history":[{"count":0,"href":"https:\/\/stoic-curie.212-227-153-4.plesk.page\/hr\/wp-json\/wp\/v2\/product\/744899\/revisions"}],"wp:featuredmedia":[{"embeddable":true,"href":"https:\/\/stoic-curie.212-227-153-4.plesk.page\/hr\/wp-json\/wp\/v2\/media\/5947048"}],"wp:attachment":[{"href":"https:\/\/stoic-curie.212-227-153-4.plesk.page\/hr\/wp-json\/wp\/v2\/media?parent=744899"}],"wp:term":[{"taxonomy":"product_brand","embeddable":true,"href":"https:\/\/stoic-curie.212-227-153-4.plesk.page\/hr\/wp-json\/wp\/v2\/product_brand?post=744899"},{"taxonomy":"product_cat","embeddable":true,"href":"https:\/\/stoic-curie.212-227-153-4.plesk.page\/hr\/wp-json\/wp\/v2\/product_cat?post=744899"},{"taxonomy":"product_tag","embeddable":true,"href":"https:\/\/stoic-curie.212-227-153-4.plesk.page\/hr\/wp-json\/wp\/v2\/product_tag?post=744899"}],"curies":[{"name":"wp","href":"https:\/\/api.w.org\/{rel}","templated":true}]}}