{"id":744900,"date":"2025-03-03T20:01:32","date_gmt":"2025-03-03T19:01:32","guid":{"rendered":"https:\/\/stoic-curie.212-227-153-4.plesk.page\/producto\/ravni-bokobran-100-x-60-x-20-cm\/"},"modified":"2026-02-25T00:01:17","modified_gmt":"2026-02-25T00:01:17","slug":"ravni-bokobran-100-x-60-x-20-cm","status":"publish","type":"product","link":"https:\/\/stoic-curie.212-227-153-4.plesk.page\/hr\/product\/ravni-bokobran-100-x-60-x-20-cm\/","title":{"rendered":"Ravni bokobran 100 x 60 x 20 cm"},"content":{"rendered":"<p>Ravni bokobran 100 x 60 x 20 cm &#8211; <\/p>\n<p>Ravni napuhavaju\u0107i fenderi od visoko otporne PVC prekrivene Dropstich poliester mre\u017ee. Mogu se lako montirati pomo\u0107u isporu\u010denih D-prstenova od nehr\u0111aju\u0107eg \u010delika. Pokrivaju ve\u0107u povr\u0161inu od tradicionalnih fendera, \u0161tite\u0107i bo\u010dne strane i bilo koji drugi dio \u010damca, a tako\u0111er se mogu ispuhati i brzo pohraniti bez zauzimanja prostora.<\/p>\n","protected":false},"excerpt":{"rendered":"<p>Ravni bokobran 100 x 60 x 20 cm &#8211; Ravni napuhavaju\u0107i fenderi od visoko otporne PVC prekrivene Dropstich poliester mre\u017ee.<\/p>\n","protected":false},"featured_media":5947059,"comment_status":"open","ping_status":"closed","template":"","meta":[],"product_brand":[3236],"product_cat":[1848],"product_tag":[],"class_list":{"0":"post-744900","1":"product","2":"type-product","3":"status-publish","4":"has-post-thumbnail","6":"product_brand-osculati-hr","7":"product_cat-brodski-bokobrani","9":"first","10":"instock","11":"shipping-taxable","12":"purchasable","13":"product-type-simple"},"_links":{"self":[{"href":"https:\/\/stoic-curie.212-227-153-4.plesk.page\/hr\/wp-json\/wp\/v2\/product\/744900","targetHints":{"allow":["GET"]}}],"collection":[{"href":"https:\/\/stoic-curie.212-227-153-4.plesk.page\/hr\/wp-json\/wp\/v2\/product"}],"about":[{"href":"https:\/\/stoic-curie.212-227-153-4.plesk.page\/hr\/wp-json\/wp\/v2\/types\/product"}],"replies":[{"embeddable":true,"href":"https:\/\/stoic-curie.212-227-153-4.plesk.page\/hr\/wp-json\/wp\/v2\/comments?post=744900"}],"version-history":[{"count":0,"href":"https:\/\/stoic-curie.212-227-153-4.plesk.page\/hr\/wp-json\/wp\/v2\/product\/744900\/revisions"}],"wp:featuredmedia":[{"embeddable":true,"href":"https:\/\/stoic-curie.212-227-153-4.plesk.page\/hr\/wp-json\/wp\/v2\/media\/5947059"}],"wp:attachment":[{"href":"https:\/\/stoic-curie.212-227-153-4.plesk.page\/hr\/wp-json\/wp\/v2\/media?parent=744900"}],"wp:term":[{"taxonomy":"product_brand","embeddable":true,"href":"https:\/\/stoic-curie.212-227-153-4.plesk.page\/hr\/wp-json\/wp\/v2\/product_brand?post=744900"},{"taxonomy":"product_cat","embeddable":true,"href":"https:\/\/stoic-curie.212-227-153-4.plesk.page\/hr\/wp-json\/wp\/v2\/product_cat?post=744900"},{"taxonomy":"product_tag","embeddable":true,"href":"https:\/\/stoic-curie.212-227-153-4.plesk.page\/hr\/wp-json\/wp\/v2\/product_tag?post=744900"}],"curies":[{"name":"wp","href":"https:\/\/api.w.org\/{rel}","templated":true}]}}