{"id":744903,"date":"2025-03-03T20:01:33","date_gmt":"2025-03-03T19:01:33","guid":{"rendered":"https:\/\/stoic-curie.212-227-153-4.plesk.page\/producto\/bino-90-bokostitnik-bijeli-12mt\/"},"modified":"2026-02-25T00:01:17","modified_gmt":"2026-02-25T00:01:17","slug":"bino-90-bokostitnik-bijeli-12mt","status":"publish","type":"product","link":"https:\/\/stoic-curie.212-227-153-4.plesk.page\/hr\/product\/bino-90-bokostitnik-bijeli-12mt\/","title":{"rendered":"Bino 90 boko\u0161titnik, bijeli 12mt"},"content":{"rendered":"<p>Bino 90 boko\u0161titnik, bijeli 12mt &#8211; <\/p>\n<p>\u010cvrsti i lagani profil fendera koji je pogodan za za\u0161titu radnih brodova, dokova i molova zahvaljuju\u0107i svojoj \u010dvrstoj strukturi.<\/p>\n","protected":false},"excerpt":{"rendered":"<p>Bino 90 boko\u0161titnik, bijeli 12mt &#8211; \u010cvrsti i lagani profil fendera koji je pogodan za za\u0161titu radnih brodova, dokova i<\/p>\n","protected":false},"featured_media":5945145,"comment_status":"open","ping_status":"closed","template":"","meta":[],"product_brand":[3481],"product_cat":[1852],"product_tag":[],"class_list":{"0":"post-744903","1":"product","2":"type-product","3":"status-publish","4":"has-post-thumbnail","6":"product_brand-tessilmare-hr","7":"product_cat-profili-za-bokobrane","9":"first","10":"outofstock","11":"shipping-taxable","12":"purchasable","13":"product-type-simple"},"_links":{"self":[{"href":"https:\/\/stoic-curie.212-227-153-4.plesk.page\/hr\/wp-json\/wp\/v2\/product\/744903","targetHints":{"allow":["GET"]}}],"collection":[{"href":"https:\/\/stoic-curie.212-227-153-4.plesk.page\/hr\/wp-json\/wp\/v2\/product"}],"about":[{"href":"https:\/\/stoic-curie.212-227-153-4.plesk.page\/hr\/wp-json\/wp\/v2\/types\/product"}],"replies":[{"embeddable":true,"href":"https:\/\/stoic-curie.212-227-153-4.plesk.page\/hr\/wp-json\/wp\/v2\/comments?post=744903"}],"version-history":[{"count":0,"href":"https:\/\/stoic-curie.212-227-153-4.plesk.page\/hr\/wp-json\/wp\/v2\/product\/744903\/revisions"}],"wp:featuredmedia":[{"embeddable":true,"href":"https:\/\/stoic-curie.212-227-153-4.plesk.page\/hr\/wp-json\/wp\/v2\/media\/5945145"}],"wp:attachment":[{"href":"https:\/\/stoic-curie.212-227-153-4.plesk.page\/hr\/wp-json\/wp\/v2\/media?parent=744903"}],"wp:term":[{"taxonomy":"product_brand","embeddable":true,"href":"https:\/\/stoic-curie.212-227-153-4.plesk.page\/hr\/wp-json\/wp\/v2\/product_brand?post=744903"},{"taxonomy":"product_cat","embeddable":true,"href":"https:\/\/stoic-curie.212-227-153-4.plesk.page\/hr\/wp-json\/wp\/v2\/product_cat?post=744903"},{"taxonomy":"product_tag","embeddable":true,"href":"https:\/\/stoic-curie.212-227-153-4.plesk.page\/hr\/wp-json\/wp\/v2\/product_tag?post=744903"}],"curies":[{"name":"wp","href":"https:\/\/api.w.org\/{rel}","templated":true}]}}