{"id":744921,"date":"2025-03-03T20:01:38","date_gmt":"2025-03-03T19:01:38","guid":{"rendered":"https:\/\/stoic-curie.212-227-153-4.plesk.page\/producto\/tessilmare-radial-30-crna-16mt\/"},"modified":"2026-02-25T00:01:17","modified_gmt":"2026-02-25T00:01:17","slug":"tessilmare-radial-30-crna-16mt","status":"publish","type":"product","link":"https:\/\/stoic-curie.212-227-153-4.plesk.page\/hr\/product\/tessilmare-radial-30-crna-16mt\/","title":{"rendered":"Tessilmare Radial 30 Crna 16mt"},"content":{"rendered":"<p>Tessilmare Radial 30 Crna 16mt &#8211; <\/p>\n<p>Ovaj patentirani sustav obodnog za\u0161titnika sastoji se od dva osnovna komponente:<\/p>\n<ol>\n<li>\u010cvrsta \u0161ipka koja se mo\u017ee \u010dvrsto pri\u010dvrstiti na plovilo pomo\u0107u vijaka ili zakovica, eliminiraju\u0107i potrebu za specijalnim alatom.<\/li>\n<li>Fleksibilni gumeni profil koji se spaja s bazom. Ova be\u0161avna umetka dostupna je u prilago\u0111enim rolama kako bi se smanjio otpad. Radijalni PVC rubni \u0161titnici mogu se savijati u bilo kojem smjeru bez potrebe za zagrijavanjem, \u0161to rezultira 70% smanjenjem vremena monta\u017ee, u\u0161tedom tro\u0161kova, lako\u0107om popravka i br\u017eim ponovnim postavljanjem.<\/li>\n<\/ol>\n<p>Radijalni rubni \u0161titnik odlikuje se jednostavnim procesom instalacije, koji ne zahtijeva nikakve specijalizirane alate. Njegov svestrani PVC pokrov omogu\u0107ava jednostavno postavljanje, \u010dak i na ni\u017eim temperaturama, \u010dime se eliminira potreba za zagrijavanjem. Nakon instalacije, segmenti staze su diskretno skriveni ispod pokrova, \u010dime se osigurava sofisticiran i profinjen izgled.<\/p>\n<p>Kitske opreme uklju\u010duju sve bitne komponente: kontinuiranu rolu mekog pokrova rubnog \u0161titnika, potrebni broj polu-krutih dijelova staze od vinila, dvije vinilne zavr\u0161ne kapice i jedan kapak za spoj vinila. Postavljanje ovog obodnog profila je jednostavan zadatak. Potrebno je samo osigurati duralenu \u0161ipku pomo\u0107u vijaka ili Sika ljepila, a zatim kliziti rubni profil na \u0161ipku.<\/p>\n<p>Ovaj obodni profil ne samo da pobolj\u0161ava estetski izgled va\u0161eg plovila, ve\u0107 i pove\u0107ava njegovu funkcionalnost. Patentni dizajni Tessilmarea besprijekorno spajaju visokotla\u010dnu izdr\u017eljivost s stilom i pristupa\u010dno\u0161\u0107u, u\u010dinkovito moderniziraju\u0107i tradicionalni izgled rubnih \u0161titnika. Radijalni obodni profili nude kohezivno i vizualno ugodno rje\u0161enje, bez vidljivih spojeva ili o\u0161trih rubova, \u0161to rezultira \u010di\u0161\u0107im i atraktivnijim zavr\u0161etkom u usporedbi s konvencionalnim vi\u0161edijelnim rubnim \u0161titnicima.<\/p>\n<p>Prilago\u0111eni posebno za pomorsku industriju, Tessilmare Radijal mo\u017ee se sastaviti u samo nekoliko minuta. Proces instalacije je jednostavan: priklju\u010dite dijelove staze na trup \u010damca i osigurajte vanjski pokrov preko staze. Pokrov se prakti\u010dno odvija iz velikih rolni, a uklju\u010dene zavr\u0161ne kapice dovr\u0161avaju instalaciju.<\/p>\n","protected":false},"excerpt":{"rendered":"<p>Tessilmare Radial 30 Crna 16mt &#8211; Ovaj patentirani sustav obodnog za\u0161titnika sastoji se od dva osnovna komponente: \u010cvrsta \u0161ipka koja<\/p>\n","protected":false},"featured_media":5945154,"comment_status":"open","ping_status":"closed","template":"","meta":[],"product_brand":[3481],"product_cat":[1852],"product_tag":[],"class_list":{"0":"post-744921","1":"product","2":"type-product","3":"status-publish","4":"has-post-thumbnail","6":"product_brand-tessilmare-hr","7":"product_cat-profili-za-bokobrane","9":"first","10":"instock","11":"shipping-taxable","12":"purchasable","13":"product-type-simple"},"_links":{"self":[{"href":"https:\/\/stoic-curie.212-227-153-4.plesk.page\/hr\/wp-json\/wp\/v2\/product\/744921","targetHints":{"allow":["GET"]}}],"collection":[{"href":"https:\/\/stoic-curie.212-227-153-4.plesk.page\/hr\/wp-json\/wp\/v2\/product"}],"about":[{"href":"https:\/\/stoic-curie.212-227-153-4.plesk.page\/hr\/wp-json\/wp\/v2\/types\/product"}],"replies":[{"embeddable":true,"href":"https:\/\/stoic-curie.212-227-153-4.plesk.page\/hr\/wp-json\/wp\/v2\/comments?post=744921"}],"version-history":[{"count":0,"href":"https:\/\/stoic-curie.212-227-153-4.plesk.page\/hr\/wp-json\/wp\/v2\/product\/744921\/revisions"}],"wp:featuredmedia":[{"embeddable":true,"href":"https:\/\/stoic-curie.212-227-153-4.plesk.page\/hr\/wp-json\/wp\/v2\/media\/5945154"}],"wp:attachment":[{"href":"https:\/\/stoic-curie.212-227-153-4.plesk.page\/hr\/wp-json\/wp\/v2\/media?parent=744921"}],"wp:term":[{"taxonomy":"product_brand","embeddable":true,"href":"https:\/\/stoic-curie.212-227-153-4.plesk.page\/hr\/wp-json\/wp\/v2\/product_brand?post=744921"},{"taxonomy":"product_cat","embeddable":true,"href":"https:\/\/stoic-curie.212-227-153-4.plesk.page\/hr\/wp-json\/wp\/v2\/product_cat?post=744921"},{"taxonomy":"product_tag","embeddable":true,"href":"https:\/\/stoic-curie.212-227-153-4.plesk.page\/hr\/wp-json\/wp\/v2\/product_tag?post=744921"}],"curies":[{"name":"wp","href":"https:\/\/api.w.org\/{rel}","templated":true}]}}