{"id":744922,"date":"2025-03-03T20:01:39","date_gmt":"2025-03-03T19:01:39","guid":{"rendered":"https:\/\/stoic-curie.212-227-153-4.plesk.page\/producto\/tessilmare-radial-30-bijela-16mt\/"},"modified":"2026-02-25T00:01:17","modified_gmt":"2026-02-25T00:01:17","slug":"tessilmare-radial-30-bijela-16mt","status":"publish","type":"product","link":"https:\/\/stoic-curie.212-227-153-4.plesk.page\/hr\/product\/tessilmare-radial-30-bijela-16mt\/","title":{"rendered":"Tessilmare Radial 30 Bijela 16mt"},"content":{"rendered":"<p>Tessilmare Radial 30 Bijela 16mt &#8211; <\/p>\n<p style=\"color: rgb(34, 34, 34); font-family: Arial, Helvetica, sans-serif; font-size: small;\">Ovaj patentirani sustav za\u0161titnih guma sastoji se od dva glavna sastavna dijela:<\/p>\n<ol style=\"color: rgb(34, 34, 34); font-family: Arial, Helvetica, sans-serif; font-size: small;\">\n<li>\u010cvrsta \u0161ipka koja se mo\u017ee sigurno pri\u010dvrstiti na plovilo pomo\u0107u vijaka ili zakovica, \u010dime se eliminira potreba za specijaliziranim alatom.<\/li>\n<li>Fleksibilni gumeni profil koji se spaja s podlogom. Ovaj be\u0161avni umetni dio dostupan je u prilago\u0111enim kolutima kako bi se smanjio otpad. Radijalne PVC za\u0161titne daske mogu se savijati u bilo kojem smjeru bez potrebe za zagrijavanjem, \u0161to rezultira smanjenjem vremena sklapanja za 70%, u\u0161tedama, jednostavno\u0161\u0107u popravka i br\u017eim ponovnim postavljanjem.<\/li>\n<\/ol>\n<p style=\"color: rgb(34, 34, 34); font-family: Arial, Helvetica, sans-serif; font-size: small;\">Radijalne za\u0161titne daske prepoznate su po jednostavnom postupku ugradnje, koji ne zahtijeva specijalizirani alat. Njihova prilagodljiva PVC obloga omogu\u0107ava jednostavno postavljanje, \u010dak i na hladnijim temperaturama, \u010dime se uklanja potreba za zagrijavanjem. Nakon instalacije, segmenti tra\u010dnica diskretno su skriveni ispod obloge, pru\u017eaju\u0107i ugla\u0111eni i rafinirani izgled.<\/p>\n<p style=\"color: rgb(34, 34, 34); font-family: Arial, Helvetica, sans-serif; font-size: small;\">Kit uklju\u010duje sve potrebne komponente: kontinuirani kolut meke obloge za\u0161titne daske, potreban broj polukrute vinilne monta\u017ene tra\u010dnice, dva vinilna zavr\u0161na poklopca i jedan vinilni poklopac za spoj. Instalacija ovog za\u0161titnog profila jednostavan je zadatak. Samo je potrebno pri\u010dvrstiti duralene \u0161ipku pomo\u0107u vijaka ili Sika ljepila, a zatim kliziti za\u0161titni profil na \u0161ipku.<\/p>\n<p style=\"color: rgb(34, 34, 34); font-family: Arial, Helvetica, sans-serif; font-size: small;\">Ovaj za\u0161titni profil ne samo da pobolj\u0161ava vizualnu privla\u010dnost va\u0161eg plovila, ve\u0107 i pobolj\u0161ava njegovu funkcionalnost. Patentni dizajni tvrtke Tessilmare u\u010dinkovito kombiniraju visoku otpornost na udarce s stilom i pristupa\u010dno\u0161\u0107u, moderniziraju\u0107i tradicionalni izgled za\u0161titnih dasaka. Radijalni za\u0161titni profili nude kohezivno i estetski ugodno rje\u0161enje, bez vidljivih spojeva ili o\u0161trih rubova, rezultiraju\u0107i \u010di\u0161\u0107im i privla\u010dnijim zavr\u0161etkom u usporedbi sa standardnim vi\u0161edijelnim za\u0161titnim daskama.<\/p>\n<p style=\"color: rgb(34, 34, 34); font-family: Arial, Helvetica, sans-serif; font-size: small;\">Specijalno dizajnirane za pomorski sektor, Tessilmare Radijalne mogu se sastaviti u samo nekoliko minuta. Postupak ugradnje je jednostavan: pri\u010dvrstite segmente tra\u010dnica na trup \u010damca i u\u010dvrstite vanjsku oblogu preko tra\u010dnice. Obloge se prakti\u010dno odmotavaju iz velikog koluta, a uklju\u010deni zavr\u0161ni poklopci upotpunjuju instalaciju.<\/p>\n","protected":false},"excerpt":{"rendered":"<p>Tessilmare Radial 30 Bijela 16mt &#8211; Ovaj patentirani sustav za\u0161titnih guma sastoji se od dva glavna sastavna dijela: \u010cvrsta \u0161ipka<\/p>\n","protected":false},"featured_media":5945169,"comment_status":"open","ping_status":"closed","template":"","meta":[],"product_brand":[3481],"product_cat":[1852],"product_tag":[],"class_list":{"0":"post-744922","1":"product","2":"type-product","3":"status-publish","4":"has-post-thumbnail","6":"product_brand-tessilmare-hr","7":"product_cat-profili-za-bokobrane","9":"first","10":"instock","11":"shipping-taxable","12":"purchasable","13":"product-type-simple"},"_links":{"self":[{"href":"https:\/\/stoic-curie.212-227-153-4.plesk.page\/hr\/wp-json\/wp\/v2\/product\/744922","targetHints":{"allow":["GET"]}}],"collection":[{"href":"https:\/\/stoic-curie.212-227-153-4.plesk.page\/hr\/wp-json\/wp\/v2\/product"}],"about":[{"href":"https:\/\/stoic-curie.212-227-153-4.plesk.page\/hr\/wp-json\/wp\/v2\/types\/product"}],"replies":[{"embeddable":true,"href":"https:\/\/stoic-curie.212-227-153-4.plesk.page\/hr\/wp-json\/wp\/v2\/comments?post=744922"}],"version-history":[{"count":0,"href":"https:\/\/stoic-curie.212-227-153-4.plesk.page\/hr\/wp-json\/wp\/v2\/product\/744922\/revisions"}],"wp:featuredmedia":[{"embeddable":true,"href":"https:\/\/stoic-curie.212-227-153-4.plesk.page\/hr\/wp-json\/wp\/v2\/media\/5945169"}],"wp:attachment":[{"href":"https:\/\/stoic-curie.212-227-153-4.plesk.page\/hr\/wp-json\/wp\/v2\/media?parent=744922"}],"wp:term":[{"taxonomy":"product_brand","embeddable":true,"href":"https:\/\/stoic-curie.212-227-153-4.plesk.page\/hr\/wp-json\/wp\/v2\/product_brand?post=744922"},{"taxonomy":"product_cat","embeddable":true,"href":"https:\/\/stoic-curie.212-227-153-4.plesk.page\/hr\/wp-json\/wp\/v2\/product_cat?post=744922"},{"taxonomy":"product_tag","embeddable":true,"href":"https:\/\/stoic-curie.212-227-153-4.plesk.page\/hr\/wp-json\/wp\/v2\/product_tag?post=744922"}],"curies":[{"name":"wp","href":"https:\/\/api.w.org\/{rel}","templated":true}]}}