{"id":744923,"date":"2025-03-03T20:01:39","date_gmt":"2025-03-03T19:01:39","guid":{"rendered":"https:\/\/stoic-curie.212-227-153-4.plesk.page\/producto\/tessilmare-radial-30-siva-16mt\/"},"modified":"2026-02-25T00:01:17","modified_gmt":"2026-02-25T00:01:17","slug":"tessilmare-radial-30-siva-16mt","status":"publish","type":"product","link":"https:\/\/stoic-curie.212-227-153-4.plesk.page\/hr\/product\/tessilmare-radial-30-siva-16mt\/","title":{"rendered":"Tessilmare Radial 30 Siva 16mt"},"content":{"rendered":"<p>Tessilmare Radial 30 Siva 16mt &#8211; <\/p>\n<p style=\"color: rgb(34, 34, 34); font-family: Arial, Helvetica, sans-serif; font-size: small;\">Ovaj patentirani sustav obloge sastoji se od dva glavna elementa:<\/p>\n<ol style=\"color: rgb(34, 34, 34); font-family: Arial, Helvetica, sans-serif; font-size: small;\">\n<li>Robustna \u0161ipka koja se mo\u017ee \u010dvrsto pri\u010dvrstiti na plovilo pomo\u0107u vijaka ili zakovica, \u0161to eliminira potrebu za specijaliziranim alatom.<\/li>\n<li>Fleksibilni gumeni profil koji se povezuje s bazom. Ovaj be\u0161avni umetak dostupan je u posebnim rolnama kako bi se smanjio otpad. Radijalne PVC obloge mogu se savijati u bilo kojem smjeru bez potrebe za toplinom, \u0161to dovodi do 70% smanjenja vremena sklapanja, u\u0161tede tro\u0161kova, lak\u0161eg popravka i br\u017eeg preure\u0111enja.<\/li>\n<\/ol>\n<p style=\"color: rgb(34, 34, 34); font-family: Arial, Helvetica, sans-serif; font-size: small;\">Radijalna obloga poznata je po jednostavnom postupku instalacije koji ne zahtijeva nikakve specijalizirane alate. Njezina prilagodljiva PVC prevlaka omogu\u0107uje jednostavno prilago\u0111avanje, \u010dak i po hladnijem vremenu, \u0161to negira potrebu za grijanjem. Nakon postavljanja, segmenti staze diskretno su skriveni ispod prevlake, \u0161to daje poliran i elegantan izgled.<\/p>\n<p style=\"color: rgb(34, 34, 34); font-family: Arial, Helvetica, sans-serif; font-size: small;\">Kits se sastoji od svih potrebnih komponenti: kontinuirane role meke obloge, potrebnog broja polukrutih sekcija monta\u017ene staze od vinila, dva zavr\u0161na poklopca od vinila i jednog poklopca spoja od vinila. Postavljanje ovog profila obloge je jednostavno. Jednostavno je potrebno u\u010dvrstiti duralene \u0161ipku vijcima ili Sika ljepilom, a zatim kliznuti profil obloge preko \u0161ipke.<\/p>\n<p style=\"color: rgb(34, 34, 34); font-family: Arial, Helvetica, sans-serif; font-size: small;\">Ovaj profil obloge ne samo da pobolj\u0161ava vizualnu privla\u010dnost va\u0161eg plovila, ve\u0107 i pobolj\u0161ava njegovu funkcionalnost. Patentirani dizajni tvrtke Tessilmare u\u010dinkovito kombiniraju visoku otpornost na udarce s stilom i pristupa\u010dno\u0161\u0107u, uspje\u0161no moderniziraju\u0107i tradicionalni izgled obloga. Radijalni profili obloge pru\u017eaju kohezivno i estetski privla\u010dno rje\u0161enje, bez vidljivih spojeva ili o\u0161trih rubova, rezultiraju\u0107i \u010di\u0161\u0107im i privla\u010dnijim zavr\u0161etkom u usporedbi sa standardnim vi\u0161edijelnim oblogama.<\/p>\n<p style=\"color: rgb(34, 34, 34); font-family: Arial, Helvetica, sans-serif; font-size: small;\">Posebno dizajnirani za morski sektor, Tessilmare Radijal mo\u017ee se sastaviti u samo nekoliko minuta. Postupak instalacije je jednostavan: pri\u010dvrstite segmente staze na trupu \u010damca i u\u010dvrstite vanjsku oblogu preko staze. Prevleka se prakticno odvaljuje iz velike role, a uklju\u010deni zavr\u0161ni poklopci zavr\u0161avaju instalaciju.<\/p>\n","protected":false},"excerpt":{"rendered":"<p>Tessilmare Radial 30 Siva 16mt &#8211; Ovaj patentirani sustav obloge sastoji se od dva glavna elementa: Robustna \u0161ipka koja se<\/p>\n","protected":false},"featured_media":5945170,"comment_status":"open","ping_status":"closed","template":"","meta":[],"product_brand":[3481],"product_cat":[1852],"product_tag":[],"class_list":{"0":"post-744923","1":"product","2":"type-product","3":"status-publish","4":"has-post-thumbnail","6":"product_brand-tessilmare-hr","7":"product_cat-profili-za-bokobrane","9":"first","10":"instock","11":"shipping-taxable","12":"purchasable","13":"product-type-simple"},"_links":{"self":[{"href":"https:\/\/stoic-curie.212-227-153-4.plesk.page\/hr\/wp-json\/wp\/v2\/product\/744923","targetHints":{"allow":["GET"]}}],"collection":[{"href":"https:\/\/stoic-curie.212-227-153-4.plesk.page\/hr\/wp-json\/wp\/v2\/product"}],"about":[{"href":"https:\/\/stoic-curie.212-227-153-4.plesk.page\/hr\/wp-json\/wp\/v2\/types\/product"}],"replies":[{"embeddable":true,"href":"https:\/\/stoic-curie.212-227-153-4.plesk.page\/hr\/wp-json\/wp\/v2\/comments?post=744923"}],"version-history":[{"count":0,"href":"https:\/\/stoic-curie.212-227-153-4.plesk.page\/hr\/wp-json\/wp\/v2\/product\/744923\/revisions"}],"wp:featuredmedia":[{"embeddable":true,"href":"https:\/\/stoic-curie.212-227-153-4.plesk.page\/hr\/wp-json\/wp\/v2\/media\/5945170"}],"wp:attachment":[{"href":"https:\/\/stoic-curie.212-227-153-4.plesk.page\/hr\/wp-json\/wp\/v2\/media?parent=744923"}],"wp:term":[{"taxonomy":"product_brand","embeddable":true,"href":"https:\/\/stoic-curie.212-227-153-4.plesk.page\/hr\/wp-json\/wp\/v2\/product_brand?post=744923"},{"taxonomy":"product_cat","embeddable":true,"href":"https:\/\/stoic-curie.212-227-153-4.plesk.page\/hr\/wp-json\/wp\/v2\/product_cat?post=744923"},{"taxonomy":"product_tag","embeddable":true,"href":"https:\/\/stoic-curie.212-227-153-4.plesk.page\/hr\/wp-json\/wp\/v2\/product_tag?post=744923"}],"curies":[{"name":"wp","href":"https:\/\/api.w.org\/{rel}","templated":true}]}}