{"id":744928,"date":"2025-03-03T20:01:40","date_gmt":"2025-03-03T19:01:40","guid":{"rendered":"https:\/\/stoic-curie.212-227-153-4.plesk.page\/producto\/baza-za-tessilmare-radial-52-65-2mt\/"},"modified":"2026-02-25T00:01:17","modified_gmt":"2026-02-25T00:01:17","slug":"baza-za-tessilmare-radial-52-65-2mt","status":"publish","type":"product","link":"https:\/\/stoic-curie.212-227-153-4.plesk.page\/hr\/product\/baza-za-tessilmare-radial-52-65-2mt\/","title":{"rendered":"Baza za Tessilmare Radial 52-65"},"content":{"rendered":"<p>Baza za Tessilmare Radial 52-65 &#8211; <\/p>\n<p>Radijalne krute potporne \u0161ipke Tessilmare dostupne su u duljini od 2 metra. Ove \u010dvrste \u0161ipke mo\u017eete lako pri\u010dvrstiti na svoju brodicu koriste\u0107i vijke ili zakovice, \u0161to zna\u010di da vam nisu potrebni nikakvi specijalizirani alati. Tessilmare profil za odbojnik ne samo da pobolj\u0161ava vizualnu privla\u010dnost va\u0161eg plovila, ve\u0107 i pove\u0107ava njegovu funkcionalnost. S patentiranim dizajnom, Tessilmare kombinira izdr\u017eljivost otpornu na udarce s stilom i pristupa\u010dno\u0161\u0107u, pru\u017eaju\u0107i modernu interpretaciju tradicionalnih odbojnih \u0161ina. Radijalni profili odbojnika nude elegantno i estetski privla\u010dno rje\u0161enje, bez vidljivih spojeva ili o\u0161trih rubova, rezultiraju\u0107i \u010di\u0161\u0107im i privla\u010dnijim zavr\u0161etkom u usporedbi s konvencionalnim vi\u0161edijelnim odbojnicima.<\/p>\n<p>Dizajnirane posebno za pomorsku industriju, Tessilmare Radijalne \u0161ipke mogu se sastaviti za samo nekoliko minuta. Instalacija je jednostavna: samo pri\u010dvrstite segmente \u0161ipki na trup broda i osigurajte vanjsku navlaku preko osnovice.<\/p>\n","protected":false},"excerpt":{"rendered":"<p>Baza za Tessilmare Radial 52-65 &#8211; Radijalne krute potporne \u0161ipke Tessilmare dostupne su u duljini od 2 metra. Ove \u010dvrste<\/p>\n","protected":false},"featured_media":5947083,"comment_status":"open","ping_status":"closed","template":"","meta":[],"product_brand":[3481],"product_cat":[1852],"product_tag":[],"class_list":{"0":"post-744928","1":"product","2":"type-product","3":"status-publish","4":"has-post-thumbnail","6":"product_brand-tessilmare-hr","7":"product_cat-profili-za-bokobrane","9":"first","10":"instock","11":"shipping-taxable","12":"purchasable","13":"product-type-simple"},"_links":{"self":[{"href":"https:\/\/stoic-curie.212-227-153-4.plesk.page\/hr\/wp-json\/wp\/v2\/product\/744928","targetHints":{"allow":["GET"]}}],"collection":[{"href":"https:\/\/stoic-curie.212-227-153-4.plesk.page\/hr\/wp-json\/wp\/v2\/product"}],"about":[{"href":"https:\/\/stoic-curie.212-227-153-4.plesk.page\/hr\/wp-json\/wp\/v2\/types\/product"}],"replies":[{"embeddable":true,"href":"https:\/\/stoic-curie.212-227-153-4.plesk.page\/hr\/wp-json\/wp\/v2\/comments?post=744928"}],"version-history":[{"count":0,"href":"https:\/\/stoic-curie.212-227-153-4.plesk.page\/hr\/wp-json\/wp\/v2\/product\/744928\/revisions"}],"wp:featuredmedia":[{"embeddable":true,"href":"https:\/\/stoic-curie.212-227-153-4.plesk.page\/hr\/wp-json\/wp\/v2\/media\/5947083"}],"wp:attachment":[{"href":"https:\/\/stoic-curie.212-227-153-4.plesk.page\/hr\/wp-json\/wp\/v2\/media?parent=744928"}],"wp:term":[{"taxonomy":"product_brand","embeddable":true,"href":"https:\/\/stoic-curie.212-227-153-4.plesk.page\/hr\/wp-json\/wp\/v2\/product_brand?post=744928"},{"taxonomy":"product_cat","embeddable":true,"href":"https:\/\/stoic-curie.212-227-153-4.plesk.page\/hr\/wp-json\/wp\/v2\/product_cat?post=744928"},{"taxonomy":"product_tag","embeddable":true,"href":"https:\/\/stoic-curie.212-227-153-4.plesk.page\/hr\/wp-json\/wp\/v2\/product_tag?post=744928"}],"curies":[{"name":"wp","href":"https:\/\/api.w.org\/{rel}","templated":true}]}}