{"id":744929,"date":"2025-03-03T20:01:41","date_gmt":"2025-03-03T19:01:41","guid":{"rendered":"https:\/\/stoic-curie.212-227-153-4.plesk.page\/producto\/tessilmare-radial-52-bijela-16mt\/"},"modified":"2026-02-25T00:01:17","modified_gmt":"2026-02-25T00:01:17","slug":"tessilmare-radial-52-bijela-16mt","status":"publish","type":"product","link":"https:\/\/stoic-curie.212-227-153-4.plesk.page\/hr\/product\/tessilmare-radial-52-bijela-16mt\/","title":{"rendered":"Tessilmare Radial 52 Bijela 16mt"},"content":{"rendered":"<p>Tessilmare Radial 52 Bijela 16mt &#8211; <\/p>\n<p style=\"color: rgb(34, 34, 34); font-family: Arial, Helvetica, sans-serif; font-size: small;\">Tessilmare Radial pomno je dizajniran za pomorski sektor, omogu\u0107uju\u0107i sastavljanje unutar samo nekoliko minuta. Postupak instalacije je jednostavan; uklju\u010duje pri\u010dvr\u0161\u0107ivanje trakastih segmenata na trup \u010damca i osiguranje vanjskog pokrova preko trake. Pokrov se mo\u017ee prakti\u010dno odmotati iz velike kolutne mase, a prilo\u017eeni zavr\u0161ni \u010depovi dovr\u0161avaju proces instalacije.<\/p>\n<p style=\"color: rgb(34, 34, 34); font-family: Arial, Helvetica, sans-serif; font-size: small;\">Zna\u010dajna prednost Radial Rub Rail-a je njegova jednostavna instalacija, koja ne zahtijeva specijalizirane alate. Njegov fleksibilni PVC pokrov omogu\u0107ava jednostavno prila\u017eenje, \u010dak i u hladnijem vremenu, \u010dime se eliminira potreba za zagrijavanjem. Kada je instalacija zavr\u0161ena, trakasti segmenti su potpuno skriveni ispod pokrova, rezultiraju\u0107i elegantnim i rafiniranim izgledom. Paket dolazi sa svim potrebnim komponentama: kontinuiranim kolutom mekog pokrova rubnog raula, potrebnim brojem polukrutih sekcija monta\u017ene trake od vinila, dva vinilna zavr\u0161na \u010depa i jedan vinilni \u010dep za spoj.<\/p>\n<p style=\"color: rgb(34, 34, 34); font-family: Arial, Helvetica, sans-serif; font-size: small;\">Ovaj patentirani sustav fenderinga sastoji se od dva glavna elementa:<\/p>\n<ol style=\"color: rgb(34, 34, 34); font-family: Arial, Helvetica, sans-serif; font-size: small;\">\n<li>Robustan profil koji se mo\u017ee \u010dvrsto pri\u010dvrstiti za \u010damac pomo\u0107u vijaka ili zakovica, bez potrebe za specijalnim alatima.<\/li>\n<li>Fleksibilni gumeni profil koji se povezuje s bazom. Ovaj besprijekorni umetak dostupan je u prilago\u0111enim kolutima kako bi se minimizirao otpad. Radial PVC rubnici mogu se ru\u010dno savijati u bilo kojem smjeru bez potrebe za dodatnim zagrijavanjem. Skuplja se 70% br\u017ee, isplativo je, lako se popravlja i brzo se zamjenjuje.<\/li>\n<\/ol>\n<p style=\"color: rgb(34, 34, 34); font-family: Arial, Helvetica, sans-serif; font-size: small;\">Zavr\u0161ni i spojni \u010depovi dostupni su u dva materijala: PVC i nehr\u0111aju\u0107i \u010delik. Radial je prikladan za sve pomorske primjene, uklju\u010duju\u0107i \u010damce i jahte s kutovima.<\/p>\n<p style=\"color: rgb(34, 34, 34); font-family: Arial, Helvetica, sans-serif; font-size: small;\">Za instalaciju, jednostavno je potrebno u\u010dvrstiti duraleni profil pomo\u0107i vijaka ili Sika ljepila, a zatim kliziti fendering profil na bar. Fendering profil \u010damca mo\u017ee spojiti estetiku i prakti\u010dnost. Tessilmareovi patentirani profili fenderinga spajaju visoku otpornost na udarce sa sofisticirano\u0161\u0107u i povoljnom cijenom. Njihovi inovativni dizajni revolucioniraju izgled tradicionalnih rubnih traka. Radial fendering profili nude besprijekorno i vizualno privla\u010dno rje\u0161enje, bez vidljivih spojeva ili o\u0161trih rubova, rezultiraju\u0107i \u010di\u0161\u0107im i atraktivnijim zavr\u0161etkom u usporedbi s standardnim vi\u0161edijelnim rubnim trakama.<\/p>\n","protected":false},"excerpt":{"rendered":"<p>Tessilmare Radial 52 Bijela 16mt &#8211; Tessilmare Radial pomno je dizajniran za pomorski sektor, omogu\u0107uju\u0107i sastavljanje unutar samo nekoliko minuta.<\/p>\n","protected":false},"featured_media":5945169,"comment_status":"open","ping_status":"closed","template":"","meta":[],"product_brand":[3481],"product_cat":[1852],"product_tag":[],"class_list":{"0":"post-744929","1":"product","2":"type-product","3":"status-publish","4":"has-post-thumbnail","6":"product_brand-tessilmare-hr","7":"product_cat-profili-za-bokobrane","9":"first","10":"instock","11":"shipping-taxable","12":"purchasable","13":"product-type-simple"},"_links":{"self":[{"href":"https:\/\/stoic-curie.212-227-153-4.plesk.page\/hr\/wp-json\/wp\/v2\/product\/744929","targetHints":{"allow":["GET"]}}],"collection":[{"href":"https:\/\/stoic-curie.212-227-153-4.plesk.page\/hr\/wp-json\/wp\/v2\/product"}],"about":[{"href":"https:\/\/stoic-curie.212-227-153-4.plesk.page\/hr\/wp-json\/wp\/v2\/types\/product"}],"replies":[{"embeddable":true,"href":"https:\/\/stoic-curie.212-227-153-4.plesk.page\/hr\/wp-json\/wp\/v2\/comments?post=744929"}],"version-history":[{"count":0,"href":"https:\/\/stoic-curie.212-227-153-4.plesk.page\/hr\/wp-json\/wp\/v2\/product\/744929\/revisions"}],"wp:featuredmedia":[{"embeddable":true,"href":"https:\/\/stoic-curie.212-227-153-4.plesk.page\/hr\/wp-json\/wp\/v2\/media\/5945169"}],"wp:attachment":[{"href":"https:\/\/stoic-curie.212-227-153-4.plesk.page\/hr\/wp-json\/wp\/v2\/media?parent=744929"}],"wp:term":[{"taxonomy":"product_brand","embeddable":true,"href":"https:\/\/stoic-curie.212-227-153-4.plesk.page\/hr\/wp-json\/wp\/v2\/product_brand?post=744929"},{"taxonomy":"product_cat","embeddable":true,"href":"https:\/\/stoic-curie.212-227-153-4.plesk.page\/hr\/wp-json\/wp\/v2\/product_cat?post=744929"},{"taxonomy":"product_tag","embeddable":true,"href":"https:\/\/stoic-curie.212-227-153-4.plesk.page\/hr\/wp-json\/wp\/v2\/product_tag?post=744929"}],"curies":[{"name":"wp","href":"https:\/\/api.w.org\/{rel}","templated":true}]}}