{"id":744930,"date":"2025-03-03T20:01:41","date_gmt":"2025-03-03T19:01:41","guid":{"rendered":"https:\/\/stoic-curie.212-227-153-4.plesk.page\/producto\/tessilmare-radial-52-bijela-24mt\/"},"modified":"2026-02-25T00:01:17","modified_gmt":"2026-02-25T00:01:17","slug":"tessilmare-radial-52-bijela-24mt","status":"publish","type":"product","link":"https:\/\/stoic-curie.212-227-153-4.plesk.page\/hr\/product\/tessilmare-radial-52-bijela-24mt\/","title":{"rendered":"Tessilmare Radial 52 Bijela 24mt"},"content":{"rendered":"<p>Tessilmare Radial 52 Bijela 24mt &#8211; <\/p>\n<p style=\"color: rgb(34, 34, 34); font-family: Arial, Helvetica, sans-serif; font-size: small;\">Tessilmare Radial pa\u017eljivo je dizajniran za pomorsku industriju i mo\u017ee se sastaviti u nekoliko minuta. Proces instalacije je jednostavan; uklju\u010duje pri\u010dvr\u0161\u0107ivanje segmenta tra\u010dnica na trup i postavljanje vanjskog pokrova preko tra\u010dnice. Pokrov se mo\u017ee jednostavno odmotati iz velike kolutice, a uklju\u010deni zavr\u0161ni poklopci zaokru\u017euju instalaciju.<\/p>\n<p style=\"color: rgb(34, 34, 34); font-family: Arial, Helvetica, sans-serif; font-size: small;\">Zna\u010dajna prednost Radial Rub Rail-a je jednostavnost instalacije koja ne zahtijeva specijalizirane alate. Njegov fleksibilni PVC pokrov omogu\u0107ava lako postavljanje, \u010dak i na ni\u017eim temperaturama, \u010dime se eliminira potreba za zagrijavanjem. Po zavr\u0161etku instalacije, segmenti tra\u010dnica su potpuno skriveni pokrovom, \u0161to rezultira elegantnim i profinjenim izgledom. Kit sadr\u017ei sve potrebne komponente: kontinuirani rolat mekog pokrova rubnog profila, potrebni broj polukrutih vinilnih sekcija za montiranje tra\u010dnica, dva vinilna zavr\u0161na poklopca i jedan vinilni poklopac spoja.<\/p>\n<p style=\"color: rgb(34, 34, 34); font-family: Arial, Helvetica, sans-serif; font-size: small;\">Ovaj patentirani sustav fenderinga sastoji se od dva osnovna komponente:<\/p>\n<ol style=\"color: rgb(34, 34, 34); font-family: Arial, Helvetica, sans-serif; font-size: small;\">\n<li>Robustan okvir koji se mo\u017ee sigurno pri\u010dvrstiti za \u010damac pomo\u0107u vijaka ili zakovica, bez potrebe za specijaliziranim alatima.<\/li>\n<li>Fleksibilni gumeni profil koji se spaja s bazom. Ovaj neprekidni umetak dostupan je u prilago\u0111enim rolanim bojama kako bi se minimizirao otpad. Radial PVC rubni profili se mogu ru\u010dno savijati u svim smjerovima bez potrebe za zagrijavanjem. Sastavljaju se 70% br\u017ee, isplative su, lake za popravak i brze za ponovnu ugradnju.<\/li>\n<\/ol>\n<p style=\"color: rgb(34, 34, 34); font-family: Arial, Helvetica, sans-serif; font-size: small;\">Zavr\u0161ni i spojni poklopci dostupni su u dva materijala: PVC-u i nehr\u0111aju\u0107em \u010deliku. Radial je prikladan za sve morske primjene, uklju\u010duju\u0107i \u010damce i jahte s kutnim spojevima.<\/p>\n<p style=\"color: rgb(34, 34, 34); font-family: Arial, Helvetica, sans-serif; font-size: small;\">Za instalaciju, potrebno je samo osigurati duralene trakama pomo\u0107u vijaka ili Sika ljepila, a zatim jednostavno kliziti fendering profil na trakama. Fendering profil \u010damca mo\u017ee utjeloviti i stil i funkcionalnost. Tessilmare-ovi patentirani fendering profili kombiniraju visoku otpornost na udarce s elegancijom i povoljnim cijenama. Njihovi inovativni dizajni redefinirali su izgled tradicionalnih rubnih profila. Radial fendering profili nude besprijekorno i estetski ugodno rje\u0161enje, bez vidljivih spojeva ili o\u0161trih rubova, rezultiraju\u0107i \u010di\u0161\u0107im i privla\u010dnijim zavr\u0161etkom u usporedbi s konvencionalnim vi\u0161ekomponentnim rubnim profilima.<\/p>\n","protected":false},"excerpt":{"rendered":"<p>Tessilmare Radial 52 Bijela 24mt &#8211; Tessilmare Radial pa\u017eljivo je dizajniran za pomorsku industriju i mo\u017ee se sastaviti u nekoliko<\/p>\n","protected":false},"featured_media":5945169,"comment_status":"open","ping_status":"closed","template":"","meta":[],"product_brand":[3481],"product_cat":[1852],"product_tag":[],"class_list":{"0":"post-744930","1":"product","2":"type-product","3":"status-publish","4":"has-post-thumbnail","6":"product_brand-tessilmare-hr","7":"product_cat-profili-za-bokobrane","9":"first","10":"instock","11":"shipping-taxable","12":"purchasable","13":"product-type-simple"},"_links":{"self":[{"href":"https:\/\/stoic-curie.212-227-153-4.plesk.page\/hr\/wp-json\/wp\/v2\/product\/744930","targetHints":{"allow":["GET"]}}],"collection":[{"href":"https:\/\/stoic-curie.212-227-153-4.plesk.page\/hr\/wp-json\/wp\/v2\/product"}],"about":[{"href":"https:\/\/stoic-curie.212-227-153-4.plesk.page\/hr\/wp-json\/wp\/v2\/types\/product"}],"replies":[{"embeddable":true,"href":"https:\/\/stoic-curie.212-227-153-4.plesk.page\/hr\/wp-json\/wp\/v2\/comments?post=744930"}],"version-history":[{"count":0,"href":"https:\/\/stoic-curie.212-227-153-4.plesk.page\/hr\/wp-json\/wp\/v2\/product\/744930\/revisions"}],"wp:featuredmedia":[{"embeddable":true,"href":"https:\/\/stoic-curie.212-227-153-4.plesk.page\/hr\/wp-json\/wp\/v2\/media\/5945169"}],"wp:attachment":[{"href":"https:\/\/stoic-curie.212-227-153-4.plesk.page\/hr\/wp-json\/wp\/v2\/media?parent=744930"}],"wp:term":[{"taxonomy":"product_brand","embeddable":true,"href":"https:\/\/stoic-curie.212-227-153-4.plesk.page\/hr\/wp-json\/wp\/v2\/product_brand?post=744930"},{"taxonomy":"product_cat","embeddable":true,"href":"https:\/\/stoic-curie.212-227-153-4.plesk.page\/hr\/wp-json\/wp\/v2\/product_cat?post=744930"},{"taxonomy":"product_tag","embeddable":true,"href":"https:\/\/stoic-curie.212-227-153-4.plesk.page\/hr\/wp-json\/wp\/v2\/product_tag?post=744930"}],"curies":[{"name":"wp","href":"https:\/\/api.w.org\/{rel}","templated":true}]}}