{"id":744931,"date":"2025-03-03T20:01:41","date_gmt":"2025-03-03T19:01:41","guid":{"rendered":"https:\/\/stoic-curie.212-227-153-4.plesk.page\/producto\/tessilmare-radial-52-siva-16mt\/"},"modified":"2026-02-25T00:01:17","modified_gmt":"2026-02-25T00:01:17","slug":"tessilmare-radial-52-siva-16mt","status":"publish","type":"product","link":"https:\/\/stoic-curie.212-227-153-4.plesk.page\/hr\/product\/tessilmare-radial-52-siva-16mt\/","title":{"rendered":"Tessilmare Radial 52 siva 16mt"},"content":{"rendered":"<p>Tessilmare Radial 52 siva 16mt &#8211; <\/p>\n<p style=\"color: rgb(34, 34, 34); font-family: Arial, Helvetica, sans-serif; font-size: small;\">Tessilmare Radial pa\u017eljivo je izra\u0111en za pomorsku industriju, omogu\u0107avaju\u0107i sastavljanje u samo nekoliko minuta. Proces instalacije je prili\u010dno jednostavan; uklju\u010duje pri\u010dvr\u0161\u0107ivanje segmenta staze na trup \u010damca i osiguravanje vanjske obloge preko staze. Obloga se lako odvija s rolnice, a uklju\u010dene zavr\u0161ne kapice upotpunjuju instalaciju.<\/p>\n<p style=\"color: rgb(34, 34, 34); font-family: Arial, Helvetica, sans-serif; font-size: small;\">Jedna od klju\u010dnih prednosti Radial Rub Rail-a je njegova jednostavna instalacija, koja ne zahtijeva posebne alate. Njegova fleksibilna PVC obloga omogu\u0107ava jednostavno prilago\u0111avanje, \u010dak i na ni\u017eim temperaturama, eliminiraju\u0107i potrebu za zagrijavanjem. Nakon zavr\u0161ene instalacije, segmenti staze potpuno su skriveni ispod obloge, \u0161to rezultira elegantnim i uskla\u0111enim izgledom. Kit uklju\u010duje sve potrebne komponente: neprekinutu rolu meke obloge rubnog profila, odgovaraju\u0107i broj polu-\u010dvrstih vinilnih segmenta za monta\u017eu, dvije vinilne zavr\u0161ne kapice i jednu vinilnu kapicu za spoj.<\/p>\n<p style=\"color: rgb(34, 34, 34); font-family: Arial, Helvetica, sans-serif; font-size: small;\">Ovaj patentirani sustav fenderinga sastoji se od dvije glavne komponente:<\/p>\n<ol style=\"color: rgb(34, 34, 34); font-family: Arial, Helvetica, sans-serif; font-size: small;\">\n<li>\u010cvrsta \u0161ipka koja se mo\u017ee sigurno pri\u010dvrstiti za \u010damac pomo\u0107u vijaka ili zakovica, bez potrebe za specijalnim alatima.<\/li>\n<li>Fleksibilni gumeni profil koji se povezuje s bazom. Ova be\u0161avna umetka dostupna je u unaprijed izrezanim rolama kako bi se smanjio otpad. Radial PVC rubni profili mogu se ru\u010dno savijati u bilo kojem smjeru bez potrebe za zagrijavanjem. Oni su 70% br\u017ei za sastavljanje, isplativi, lako se popravljaju i brzo se prepravljaju.<\/li>\n<\/ol>\n<p style=\"color: rgb(34, 34, 34); font-family: Arial, Helvetica, sans-serif; font-size: small;\">Zavr\u0161ne i spojne kapice dostupne su u dva materijala: PVC-u i nehr\u0111aju\u0107em \u010deliku. Radial je pogodan za sve pomorske primjene, uklju\u010duju\u0107i \u010damce i jahte s kutnim spojevima.<\/p>\n<p style=\"color: rgb(34, 34, 34); font-family: Arial, Helvetica, sans-serif; font-size: small;\">Za instalaciju, potrebno je samo osigurati duralene \u0161tap pomo\u0107u vijaka ili Sika ljepila, a zatim kliziti profil fenderinga na \u0161tap. Profil fenderinga \u010damca mo\u017ee spojiti estetiku i funkcionalnost. Tessilmare-ovi patentirani profili fenderinga blago visoku otpornost na udarce s elegancijom i pristupa\u010dno\u0161\u0107u. Njihovi inovativni dizajni transformirali su izgled tradicionalnih rubnih profila. Radial profili fenderinga pru\u017eaju be\u0161avno i vizualno privla\u010dno rje\u0161enje, bez vidljivih spojeva ili o\u0161trih rubova, rezultiraju\u0107i \u010di\u0161\u0107im i privla\u010dnijim zavr\u0161etkom u usporedbi s konvencionalnim vi\u0161edijelnim rubnim profilima.<\/p>\n","protected":false},"excerpt":{"rendered":"<p>Tessilmare Radial 52 siva 16mt &#8211; Tessilmare Radial pa\u017eljivo je izra\u0111en za pomorsku industriju, omogu\u0107avaju\u0107i sastavljanje u samo nekoliko minuta.<\/p>\n","protected":false},"featured_media":5945170,"comment_status":"open","ping_status":"closed","template":"","meta":[],"product_brand":[3481],"product_cat":[1852],"product_tag":[],"class_list":{"0":"post-744931","1":"product","2":"type-product","3":"status-publish","4":"has-post-thumbnail","6":"product_brand-tessilmare-hr","7":"product_cat-profili-za-bokobrane","9":"first","10":"instock","11":"shipping-taxable","12":"purchasable","13":"product-type-simple"},"_links":{"self":[{"href":"https:\/\/stoic-curie.212-227-153-4.plesk.page\/hr\/wp-json\/wp\/v2\/product\/744931","targetHints":{"allow":["GET"]}}],"collection":[{"href":"https:\/\/stoic-curie.212-227-153-4.plesk.page\/hr\/wp-json\/wp\/v2\/product"}],"about":[{"href":"https:\/\/stoic-curie.212-227-153-4.plesk.page\/hr\/wp-json\/wp\/v2\/types\/product"}],"replies":[{"embeddable":true,"href":"https:\/\/stoic-curie.212-227-153-4.plesk.page\/hr\/wp-json\/wp\/v2\/comments?post=744931"}],"version-history":[{"count":0,"href":"https:\/\/stoic-curie.212-227-153-4.plesk.page\/hr\/wp-json\/wp\/v2\/product\/744931\/revisions"}],"wp:featuredmedia":[{"embeddable":true,"href":"https:\/\/stoic-curie.212-227-153-4.plesk.page\/hr\/wp-json\/wp\/v2\/media\/5945170"}],"wp:attachment":[{"href":"https:\/\/stoic-curie.212-227-153-4.plesk.page\/hr\/wp-json\/wp\/v2\/media?parent=744931"}],"wp:term":[{"taxonomy":"product_brand","embeddable":true,"href":"https:\/\/stoic-curie.212-227-153-4.plesk.page\/hr\/wp-json\/wp\/v2\/product_brand?post=744931"},{"taxonomy":"product_cat","embeddable":true,"href":"https:\/\/stoic-curie.212-227-153-4.plesk.page\/hr\/wp-json\/wp\/v2\/product_cat?post=744931"},{"taxonomy":"product_tag","embeddable":true,"href":"https:\/\/stoic-curie.212-227-153-4.plesk.page\/hr\/wp-json\/wp\/v2\/product_tag?post=744931"}],"curies":[{"name":"wp","href":"https:\/\/api.w.org\/{rel}","templated":true}]}}