{"id":744932,"date":"2025-03-03T20:01:41","date_gmt":"2025-03-03T19:01:41","guid":{"rendered":"https:\/\/stoic-curie.212-227-153-4.plesk.page\/producto\/baza-za-tessilmare-radial-85-2mt\/"},"modified":"2026-02-25T00:01:17","modified_gmt":"2026-02-25T00:01:17","slug":"baza-za-tessilmare-radial-85-2mt","status":"publish","type":"product","link":"https:\/\/stoic-curie.212-227-153-4.plesk.page\/hr\/product\/baza-za-tessilmare-radial-85-2mt\/","title":{"rendered":"Baza za Tessilmare Radial 85"},"content":{"rendered":"<p>Baza za Tessilmare Radial 85 &#8211; <\/p>\n<p>Tessilmare Radijalne \u010dvrste potpornje dolaze u du\u017einama od 2 metra. Ove robusne \u0161ipke mogu se jednostavno pri\u010dvrstiti na va\u0161e plovilo pomo\u0107u vijaka ili zakovica, \u010dime se eliminira potreba za bilo kakvim specijalizovanim alatima. Tessilmare oblika za fenderiranje ne samo da pobolj\u0161ava estetski dojam va\u0161e brodice, ve\u0107 tako\u0111er pove\u0107ava njezinu funkcionalnost. Sa patentiranim dizajnima, Tessilmare spaja otpornost na visoke udarce sa stilom i isplativo\u0161\u0107u, nude\u0107i suvremeni pristup tradicionalnim rubnim \u0161ipkama. Radijalni profili za fenderiranje pru\u017eaju glatko i vizualno privla\u010dno rje\u0161enje, bez vidljivih spojeva ili o\u0161trih rubova, \u0161to rezultira urednijim i atraktivnijim zavr\u0161etkom u usporedbi sa standardnim vi\u0161edijelnim rubnim \u0161ipkama.<\/p>\n<p>Posebno prilago\u0111eno za sektor nautike, Tessilmare Radijalni se mo\u017ee sastaviti za samo nekoliko minuta. Proces instalacije je jednostavan: samo pri\u010dvrstite segmente \u0161ipki na trup broda i osigurajte vanjski pokrov preko osnove.<\/p>\n","protected":false},"excerpt":{"rendered":"<p>Baza za Tessilmare Radial 85 &#8211; Tessilmare Radijalne \u010dvrste potpornje dolaze u du\u017einama od 2 metra. Ove robusne \u0161ipke mogu<\/p>\n","protected":false},"featured_media":5947087,"comment_status":"open","ping_status":"closed","template":"","meta":[],"product_brand":[3481],"product_cat":[1852],"product_tag":[],"class_list":{"0":"post-744932","1":"product","2":"type-product","3":"status-publish","4":"has-post-thumbnail","6":"product_brand-tessilmare-hr","7":"product_cat-profili-za-bokobrane","9":"first","10":"instock","11":"shipping-taxable","12":"purchasable","13":"product-type-simple"},"_links":{"self":[{"href":"https:\/\/stoic-curie.212-227-153-4.plesk.page\/hr\/wp-json\/wp\/v2\/product\/744932","targetHints":{"allow":["GET"]}}],"collection":[{"href":"https:\/\/stoic-curie.212-227-153-4.plesk.page\/hr\/wp-json\/wp\/v2\/product"}],"about":[{"href":"https:\/\/stoic-curie.212-227-153-4.plesk.page\/hr\/wp-json\/wp\/v2\/types\/product"}],"replies":[{"embeddable":true,"href":"https:\/\/stoic-curie.212-227-153-4.plesk.page\/hr\/wp-json\/wp\/v2\/comments?post=744932"}],"version-history":[{"count":0,"href":"https:\/\/stoic-curie.212-227-153-4.plesk.page\/hr\/wp-json\/wp\/v2\/product\/744932\/revisions"}],"wp:featuredmedia":[{"embeddable":true,"href":"https:\/\/stoic-curie.212-227-153-4.plesk.page\/hr\/wp-json\/wp\/v2\/media\/5947087"}],"wp:attachment":[{"href":"https:\/\/stoic-curie.212-227-153-4.plesk.page\/hr\/wp-json\/wp\/v2\/media?parent=744932"}],"wp:term":[{"taxonomy":"product_brand","embeddable":true,"href":"https:\/\/stoic-curie.212-227-153-4.plesk.page\/hr\/wp-json\/wp\/v2\/product_brand?post=744932"},{"taxonomy":"product_cat","embeddable":true,"href":"https:\/\/stoic-curie.212-227-153-4.plesk.page\/hr\/wp-json\/wp\/v2\/product_cat?post=744932"},{"taxonomy":"product_tag","embeddable":true,"href":"https:\/\/stoic-curie.212-227-153-4.plesk.page\/hr\/wp-json\/wp\/v2\/product_tag?post=744932"}],"curies":[{"name":"wp","href":"https:\/\/api.w.org\/{rel}","templated":true}]}}