{"id":744936,"date":"2025-03-03T20:01:42","date_gmt":"2025-03-03T19:01:42","guid":{"rendered":"https:\/\/stoic-curie.212-227-153-4.plesk.page\/producto\/brava-za-vrata-od-nehrdajuceg-celika-desna-kvaka\/"},"modified":"2026-02-25T00:01:17","modified_gmt":"2026-02-25T00:01:17","slug":"brava-za-vrata-od-nehrdajuceg-celika-desna-kvaka","status":"publish","type":"product","link":"https:\/\/stoic-curie.212-227-153-4.plesk.page\/hr\/product\/brava-za-vrata-od-nehrdajuceg-celika-desna-kvaka\/","title":{"rendered":"Brava za vrata od nehr\u0111aju\u0107eg \u010delika, desna kvaka"},"content":{"rendered":"<p>Brava za vrata od nehr\u0111aju\u0107eg \u010delika, desna kvaka &#8211; <\/p>\n<p>Brava za privatnost s klju\u010devima, idealna za vrata, poklopce i ormari\u0107e. Uklju\u010duje unutarnju bravu za privatnost. Ku\u0107i\u0161te i dijelovi od nehr\u0111aju\u0107eg \u010delika 316 i najlona. Daska se mora kupiti odvojeno. Debljina vrata 1722 mm.<\/p>\n","protected":false},"excerpt":{"rendered":"<p>Brava za vrata od nehr\u0111aju\u0107eg \u010delika, desna kvaka &#8211; Brava za privatnost s klju\u010devima, idealna za vrata, poklopce i ormari\u0107e.<\/p>\n","protected":false},"featured_media":5947174,"comment_status":"open","ping_status":"closed","template":"","meta":[],"product_brand":[2946],"product_cat":[1708],"product_tag":[],"class_list":{"0":"post-744936","1":"product","2":"type-product","3":"status-publish","4":"has-post-thumbnail","6":"product_brand-foresti-suardi-hr","7":"product_cat-brave-za-vrata","9":"first","10":"instock","11":"shipping-taxable","12":"purchasable","13":"product-type-simple"},"_links":{"self":[{"href":"https:\/\/stoic-curie.212-227-153-4.plesk.page\/hr\/wp-json\/wp\/v2\/product\/744936","targetHints":{"allow":["GET"]}}],"collection":[{"href":"https:\/\/stoic-curie.212-227-153-4.plesk.page\/hr\/wp-json\/wp\/v2\/product"}],"about":[{"href":"https:\/\/stoic-curie.212-227-153-4.plesk.page\/hr\/wp-json\/wp\/v2\/types\/product"}],"replies":[{"embeddable":true,"href":"https:\/\/stoic-curie.212-227-153-4.plesk.page\/hr\/wp-json\/wp\/v2\/comments?post=744936"}],"version-history":[{"count":0,"href":"https:\/\/stoic-curie.212-227-153-4.plesk.page\/hr\/wp-json\/wp\/v2\/product\/744936\/revisions"}],"wp:featuredmedia":[{"embeddable":true,"href":"https:\/\/stoic-curie.212-227-153-4.plesk.page\/hr\/wp-json\/wp\/v2\/media\/5947174"}],"wp:attachment":[{"href":"https:\/\/stoic-curie.212-227-153-4.plesk.page\/hr\/wp-json\/wp\/v2\/media?parent=744936"}],"wp:term":[{"taxonomy":"product_brand","embeddable":true,"href":"https:\/\/stoic-curie.212-227-153-4.plesk.page\/hr\/wp-json\/wp\/v2\/product_brand?post=744936"},{"taxonomy":"product_cat","embeddable":true,"href":"https:\/\/stoic-curie.212-227-153-4.plesk.page\/hr\/wp-json\/wp\/v2\/product_cat?post=744936"},{"taxonomy":"product_tag","embeddable":true,"href":"https:\/\/stoic-curie.212-227-153-4.plesk.page\/hr\/wp-json\/wp\/v2\/product_tag?post=744936"}],"curies":[{"name":"wp","href":"https:\/\/api.w.org\/{rel}","templated":true}]}}