{"id":744938,"date":"2025-03-03T20:01:43","date_gmt":"2025-03-03T19:01:43","guid":{"rendered":"https:\/\/stoic-curie.212-227-153-4.plesk.page\/producto\/samodrzeci-sarnir-roca-76x50\/"},"modified":"2026-02-25T00:01:17","modified_gmt":"2026-02-25T00:01:17","slug":"samodrzeci-sarnir-roca-76x50","status":"publish","type":"product","link":"https:\/\/stoic-curie.212-227-153-4.plesk.page\/hr\/product\/samodrzeci-sarnir-roca-76x50\/","title":{"rendered":"Samodr\u017eeci \u0161arnir, Roca, 76&#215;50"},"content":{"rendered":"<p>Samodr\u017eeci \u0161arnir, Roca, 76&#215;50 &#8211; <\/p>\n<p>Roca \u010deli\u010dno \u0161arke s trenjem i GEM bron\u010danim le\u017eajevima. Dizajniran za morsku okolinu, omogu\u0107uje otvaranje i zatvaranje vrata, otvora i ormari\u0107a bez udarca i o\u0161te\u0107enja uzrokovanih krajnjim pomakom ili udarima vjetra. Moment trenja mo\u017ee se prilagoditi imbus klju\u010dem na osovini, \u010dime se pove\u0107ava njegova u\u010dinkovitost.<\/p>\n","protected":false},"excerpt":{"rendered":"<p>Samodr\u017eeci \u0161arnir, Roca, 76&#215;50 &#8211; Roca \u010deli\u010dno \u0161arke s trenjem i GEM bron\u010danim le\u017eajevima. Dizajniran za morsku okolinu, omogu\u0107uje otvaranje<\/p>\n","protected":false},"featured_media":5947202,"comment_status":"open","ping_status":"closed","template":"","meta":[],"product_brand":[3236],"product_cat":[1711],"product_tag":[],"class_list":{"0":"post-744938","1":"product","2":"type-product","3":"status-publish","4":"has-post-thumbnail","6":"product_brand-osculati-hr","7":"product_cat-brodske-sarke","9":"first","10":"instock","11":"shipping-taxable","12":"purchasable","13":"product-type-simple"},"_links":{"self":[{"href":"https:\/\/stoic-curie.212-227-153-4.plesk.page\/hr\/wp-json\/wp\/v2\/product\/744938","targetHints":{"allow":["GET"]}}],"collection":[{"href":"https:\/\/stoic-curie.212-227-153-4.plesk.page\/hr\/wp-json\/wp\/v2\/product"}],"about":[{"href":"https:\/\/stoic-curie.212-227-153-4.plesk.page\/hr\/wp-json\/wp\/v2\/types\/product"}],"replies":[{"embeddable":true,"href":"https:\/\/stoic-curie.212-227-153-4.plesk.page\/hr\/wp-json\/wp\/v2\/comments?post=744938"}],"version-history":[{"count":0,"href":"https:\/\/stoic-curie.212-227-153-4.plesk.page\/hr\/wp-json\/wp\/v2\/product\/744938\/revisions"}],"wp:featuredmedia":[{"embeddable":true,"href":"https:\/\/stoic-curie.212-227-153-4.plesk.page\/hr\/wp-json\/wp\/v2\/media\/5947202"}],"wp:attachment":[{"href":"https:\/\/stoic-curie.212-227-153-4.plesk.page\/hr\/wp-json\/wp\/v2\/media?parent=744938"}],"wp:term":[{"taxonomy":"product_brand","embeddable":true,"href":"https:\/\/stoic-curie.212-227-153-4.plesk.page\/hr\/wp-json\/wp\/v2\/product_brand?post=744938"},{"taxonomy":"product_cat","embeddable":true,"href":"https:\/\/stoic-curie.212-227-153-4.plesk.page\/hr\/wp-json\/wp\/v2\/product_cat?post=744938"},{"taxonomy":"product_tag","embeddable":true,"href":"https:\/\/stoic-curie.212-227-153-4.plesk.page\/hr\/wp-json\/wp\/v2\/product_tag?post=744938"}],"curies":[{"name":"wp","href":"https:\/\/api.w.org\/{rel}","templated":true}]}}