{"id":744939,"date":"2025-03-03T20:01:43","date_gmt":"2025-03-03T19:01:43","guid":{"rendered":"https:\/\/stoic-curie.212-227-153-4.plesk.page\/producto\/samodrzeci-sarnir-zaobljeni-s-otporom-38x76\/"},"modified":"2026-02-25T00:01:17","modified_gmt":"2026-02-25T00:01:17","slug":"samodrzeci-sarnir-zaobljeni-s-otporom-38x76","status":"publish","type":"product","link":"https:\/\/stoic-curie.212-227-153-4.plesk.page\/hr\/product\/samodrzeci-sarnir-zaobljeni-s-otporom-38x76\/","title":{"rendered":"Samodr\u017ee\u0107i \u0161arnir zaobljeni s otporom 38&#215;76"},"content":{"rendered":"<p>Samodr\u017ee\u0107i \u0161arnir zaobljeni s otporom 38&#215;76 &#8211; <\/p>\n<p>Roca \u0161arka od nehr\u0111aju\u0107eg \u010delika s GEM bron\u010danim le\u017eajevima. Dizajnirana za morsko okru\u017eenje, omogu\u0107ava otvaranje i zatvaranje vrata, otvora i ormari\u0107a bez udarca i o\u0161te\u0107enja od praznine ili udara vjetra. Moment trenja mo\u017ee se prilagoditi imbus vijakom na iglici, \u010dime se pove\u0107ava njegova u\u010dinkovitost.<\/p>\n","protected":false},"excerpt":{"rendered":"<p>Samodr\u017ee\u0107i \u0161arnir zaobljeni s otporom 38&#215;76 &#8211; Roca \u0161arka od nehr\u0111aju\u0107eg \u010delika s GEM bron\u010danim le\u017eajevima. Dizajnirana za morsko okru\u017eenje,<\/p>\n","protected":false},"featured_media":5947206,"comment_status":"open","ping_status":"closed","template":"","meta":[],"product_brand":[3316,2208],"product_cat":[1711],"product_tag":[],"class_list":{"0":"post-744939","1":"product","2":"type-product","3":"status-publish","4":"has-post-thumbnail","6":"product_brand-roca-marine-hr","7":"product_brand-roca-marine","8":"product_cat-brodske-sarke","10":"first","11":"instock","12":"shipping-taxable","13":"purchasable","14":"product-type-simple"},"_links":{"self":[{"href":"https:\/\/stoic-curie.212-227-153-4.plesk.page\/hr\/wp-json\/wp\/v2\/product\/744939","targetHints":{"allow":["GET"]}}],"collection":[{"href":"https:\/\/stoic-curie.212-227-153-4.plesk.page\/hr\/wp-json\/wp\/v2\/product"}],"about":[{"href":"https:\/\/stoic-curie.212-227-153-4.plesk.page\/hr\/wp-json\/wp\/v2\/types\/product"}],"replies":[{"embeddable":true,"href":"https:\/\/stoic-curie.212-227-153-4.plesk.page\/hr\/wp-json\/wp\/v2\/comments?post=744939"}],"version-history":[{"count":0,"href":"https:\/\/stoic-curie.212-227-153-4.plesk.page\/hr\/wp-json\/wp\/v2\/product\/744939\/revisions"}],"wp:featuredmedia":[{"embeddable":true,"href":"https:\/\/stoic-curie.212-227-153-4.plesk.page\/hr\/wp-json\/wp\/v2\/media\/5947206"}],"wp:attachment":[{"href":"https:\/\/stoic-curie.212-227-153-4.plesk.page\/hr\/wp-json\/wp\/v2\/media?parent=744939"}],"wp:term":[{"taxonomy":"product_brand","embeddable":true,"href":"https:\/\/stoic-curie.212-227-153-4.plesk.page\/hr\/wp-json\/wp\/v2\/product_brand?post=744939"},{"taxonomy":"product_cat","embeddable":true,"href":"https:\/\/stoic-curie.212-227-153-4.plesk.page\/hr\/wp-json\/wp\/v2\/product_cat?post=744939"},{"taxonomy":"product_tag","embeddable":true,"href":"https:\/\/stoic-curie.212-227-153-4.plesk.page\/hr\/wp-json\/wp\/v2\/product_tag?post=744939"}],"curies":[{"name":"wp","href":"https:\/\/api.w.org\/{rel}","templated":true}]}}