{"id":744940,"date":"2025-03-03T20:01:44","date_gmt":"2025-03-03T19:01:44","guid":{"rendered":"https:\/\/stoic-curie.212-227-153-4.plesk.page\/producto\/tarne-sarke-od-nehrdajuceg-celika-123-x-28-5-mm\/"},"modified":"2026-02-25T00:01:17","modified_gmt":"2026-02-25T00:01:17","slug":"tarne-sarke-od-nehrdajuceg-celika-123-x-28-5-mm","status":"publish","type":"product","link":"https:\/\/stoic-curie.212-227-153-4.plesk.page\/hr\/product\/tarne-sarke-od-nehrdajuceg-celika-123-x-28-5-mm\/","title":{"rendered":"Tarne \u0161arke od nehr\u0111aju\u0107eg \u010delika 123 x 28.5 mm"},"content":{"rendered":"<p>Tarne \u0161arke od nehr\u0111aju\u0107eg \u010delika 123 x 28.5 mm &#8211; <\/p>\n<p>A4 316 \u010deli\u010dna \u0161arka s trenjem s momentom od 1,9 Nm i komponentama protiv vibracija. Za otvaranje i zatvaranje vrata, otvora i ormari\u0107a bez udarcima i o\u0161te\u0107enjima zbog dvostrukih ili vjetrovitih udaraca.<\/p>\n","protected":false},"excerpt":{"rendered":"<p>Tarne \u0161arke od nehr\u0111aju\u0107eg \u010delika 123 x 28.5 mm &#8211; A4 316 \u010deli\u010dna \u0161arka s trenjem s momentom od 1,9<\/p>\n","protected":false},"featured_media":5947216,"comment_status":"open","ping_status":"closed","template":"","meta":[],"product_brand":[3236],"product_cat":[1711],"product_tag":[],"class_list":{"0":"post-744940","1":"product","2":"type-product","3":"status-publish","4":"has-post-thumbnail","6":"product_brand-osculati-hr","7":"product_cat-brodske-sarke","9":"first","10":"instock","11":"shipping-taxable","12":"purchasable","13":"product-type-simple"},"_links":{"self":[{"href":"https:\/\/stoic-curie.212-227-153-4.plesk.page\/hr\/wp-json\/wp\/v2\/product\/744940","targetHints":{"allow":["GET"]}}],"collection":[{"href":"https:\/\/stoic-curie.212-227-153-4.plesk.page\/hr\/wp-json\/wp\/v2\/product"}],"about":[{"href":"https:\/\/stoic-curie.212-227-153-4.plesk.page\/hr\/wp-json\/wp\/v2\/types\/product"}],"replies":[{"embeddable":true,"href":"https:\/\/stoic-curie.212-227-153-4.plesk.page\/hr\/wp-json\/wp\/v2\/comments?post=744940"}],"version-history":[{"count":0,"href":"https:\/\/stoic-curie.212-227-153-4.plesk.page\/hr\/wp-json\/wp\/v2\/product\/744940\/revisions"}],"wp:featuredmedia":[{"embeddable":true,"href":"https:\/\/stoic-curie.212-227-153-4.plesk.page\/hr\/wp-json\/wp\/v2\/media\/5947216"}],"wp:attachment":[{"href":"https:\/\/stoic-curie.212-227-153-4.plesk.page\/hr\/wp-json\/wp\/v2\/media?parent=744940"}],"wp:term":[{"taxonomy":"product_brand","embeddable":true,"href":"https:\/\/stoic-curie.212-227-153-4.plesk.page\/hr\/wp-json\/wp\/v2\/product_brand?post=744940"},{"taxonomy":"product_cat","embeddable":true,"href":"https:\/\/stoic-curie.212-227-153-4.plesk.page\/hr\/wp-json\/wp\/v2\/product_cat?post=744940"},{"taxonomy":"product_tag","embeddable":true,"href":"https:\/\/stoic-curie.212-227-153-4.plesk.page\/hr\/wp-json\/wp\/v2\/product_tag?post=744940"}],"curies":[{"name":"wp","href":"https:\/\/api.w.org\/{rel}","templated":true}]}}