{"id":744941,"date":"2025-03-03T20:01:44","date_gmt":"2025-03-03T19:01:44","guid":{"rendered":"https:\/\/stoic-curie.212-227-153-4.plesk.page\/producto\/tarne-sarke-od-nehrdajuceg-celika-130-x-45-mm\/"},"modified":"2026-02-25T00:01:17","modified_gmt":"2026-02-25T00:01:17","slug":"tarne-sarke-od-nehrdajuceg-celika-130-x-45-mm","status":"publish","type":"product","link":"https:\/\/stoic-curie.212-227-153-4.plesk.page\/hr\/product\/tarne-sarke-od-nehrdajuceg-celika-130-x-45-mm\/","title":{"rendered":"Tarne \u0161arke od nehr\u0111aju\u0107eg \u010delika 130 x 45 mm"},"content":{"rendered":"<p>Tarne \u0161arke od nehr\u0111aju\u0107eg \u010delika 130 x 45 mm &#8211; <\/p>\n<p>A4 316 od nehr\u0111aju\u0107eg \u010delika spona s trenjem s momentom od 2,0 Nm i komponentama protiv vibracija. Otvaranje i zatvaranje vrata, poklopaca i ormari\u0107a bez udaraca i \u0161teta uzrokovanih gibanjima ili rafalama vjetra.<\/p>\n","protected":false},"excerpt":{"rendered":"<p>Tarne \u0161arke od nehr\u0111aju\u0107eg \u010delika 130 x 45 mm &#8211; A4 316 od nehr\u0111aju\u0107eg \u010delika spona s trenjem s momentom<\/p>\n","protected":false},"featured_media":5947222,"comment_status":"open","ping_status":"closed","template":"","meta":[],"product_brand":[3236],"product_cat":[1711],"product_tag":[],"class_list":{"0":"post-744941","1":"product","2":"type-product","3":"status-publish","4":"has-post-thumbnail","6":"product_brand-osculati-hr","7":"product_cat-brodske-sarke","9":"first","10":"instock","11":"shipping-taxable","12":"purchasable","13":"product-type-simple"},"_links":{"self":[{"href":"https:\/\/stoic-curie.212-227-153-4.plesk.page\/hr\/wp-json\/wp\/v2\/product\/744941","targetHints":{"allow":["GET"]}}],"collection":[{"href":"https:\/\/stoic-curie.212-227-153-4.plesk.page\/hr\/wp-json\/wp\/v2\/product"}],"about":[{"href":"https:\/\/stoic-curie.212-227-153-4.plesk.page\/hr\/wp-json\/wp\/v2\/types\/product"}],"replies":[{"embeddable":true,"href":"https:\/\/stoic-curie.212-227-153-4.plesk.page\/hr\/wp-json\/wp\/v2\/comments?post=744941"}],"version-history":[{"count":0,"href":"https:\/\/stoic-curie.212-227-153-4.plesk.page\/hr\/wp-json\/wp\/v2\/product\/744941\/revisions"}],"wp:featuredmedia":[{"embeddable":true,"href":"https:\/\/stoic-curie.212-227-153-4.plesk.page\/hr\/wp-json\/wp\/v2\/media\/5947222"}],"wp:attachment":[{"href":"https:\/\/stoic-curie.212-227-153-4.plesk.page\/hr\/wp-json\/wp\/v2\/media?parent=744941"}],"wp:term":[{"taxonomy":"product_brand","embeddable":true,"href":"https:\/\/stoic-curie.212-227-153-4.plesk.page\/hr\/wp-json\/wp\/v2\/product_brand?post=744941"},{"taxonomy":"product_cat","embeddable":true,"href":"https:\/\/stoic-curie.212-227-153-4.plesk.page\/hr\/wp-json\/wp\/v2\/product_cat?post=744941"},{"taxonomy":"product_tag","embeddable":true,"href":"https:\/\/stoic-curie.212-227-153-4.plesk.page\/hr\/wp-json\/wp\/v2\/product_tag?post=744941"}],"curies":[{"name":"wp","href":"https:\/\/api.w.org\/{rel}","templated":true}]}}