{"id":744946,"date":"2025-03-03T20:03:13","date_gmt":"2025-03-03T19:03:13","guid":{"rendered":"https:\/\/stoic-curie.212-227-153-4.plesk.page\/producto\/zakrivljene-ljestve-4-nogostupa-za-camce-na-napuhavanje\/"},"modified":"2026-02-25T00:01:17","modified_gmt":"2026-02-25T00:01:17","slug":"zakrivljene-ljestve-4-nogostupa-za-camce-na-napuhavanje","status":"publish","type":"product","link":"https:\/\/stoic-curie.212-227-153-4.plesk.page\/hr\/product\/zakrivljene-ljestve-4-nogostupa-za-camce-na-napuhavanje\/","title":{"rendered":"Zakrivljene ljestve 4 nogostupa za \u010damce na napuhavanje"},"content":{"rendered":"<p>Zakrivljene ljestve 4 nogostupa za \u010damce na napuhavanje &#8211; <\/p>\n<p>Telescopjske sklopive ljestve od nehr\u0111aju\u0107eg \u010delika za napuhane \u010damce. Uklju\u010duje pri\u010dvr\u0161\u0107iva\u010de.<\/p>\n","protected":false},"excerpt":{"rendered":"<p>Zakrivljene ljestve 4 nogostupa za \u010damce na napuhavanje &#8211; Telescopjske sklopive ljestve od nehr\u0111aju\u0107eg \u010delika za napuhane \u010damce. Uklju\u010duje pri\u010dvr\u0161\u0107iva\u010de.<\/p>\n","protected":false},"featured_media":5945236,"comment_status":"open","ping_status":"closed","template":"","meta":[],"product_brand":[3491],"product_cat":[1618,1839],"product_tag":[],"class_list":{"0":"post-744946","1":"product","2":"type-product","3":"status-publish","4":"has-post-thumbnail","6":"product_brand-trem-hr","7":"product_cat-ljestve-za-brodove","8":"product_cat-oprema-za-pomocne-brodice","10":"first","11":"instock","12":"shipping-taxable","13":"purchasable","14":"product-type-simple"},"_links":{"self":[{"href":"https:\/\/stoic-curie.212-227-153-4.plesk.page\/hr\/wp-json\/wp\/v2\/product\/744946","targetHints":{"allow":["GET"]}}],"collection":[{"href":"https:\/\/stoic-curie.212-227-153-4.plesk.page\/hr\/wp-json\/wp\/v2\/product"}],"about":[{"href":"https:\/\/stoic-curie.212-227-153-4.plesk.page\/hr\/wp-json\/wp\/v2\/types\/product"}],"replies":[{"embeddable":true,"href":"https:\/\/stoic-curie.212-227-153-4.plesk.page\/hr\/wp-json\/wp\/v2\/comments?post=744946"}],"version-history":[{"count":0,"href":"https:\/\/stoic-curie.212-227-153-4.plesk.page\/hr\/wp-json\/wp\/v2\/product\/744946\/revisions"}],"wp:featuredmedia":[{"embeddable":true,"href":"https:\/\/stoic-curie.212-227-153-4.plesk.page\/hr\/wp-json\/wp\/v2\/media\/5945236"}],"wp:attachment":[{"href":"https:\/\/stoic-curie.212-227-153-4.plesk.page\/hr\/wp-json\/wp\/v2\/media?parent=744946"}],"wp:term":[{"taxonomy":"product_brand","embeddable":true,"href":"https:\/\/stoic-curie.212-227-153-4.plesk.page\/hr\/wp-json\/wp\/v2\/product_brand?post=744946"},{"taxonomy":"product_cat","embeddable":true,"href":"https:\/\/stoic-curie.212-227-153-4.plesk.page\/hr\/wp-json\/wp\/v2\/product_cat?post=744946"},{"taxonomy":"product_tag","embeddable":true,"href":"https:\/\/stoic-curie.212-227-153-4.plesk.page\/hr\/wp-json\/wp\/v2\/product_tag?post=744946"}],"curies":[{"name":"wp","href":"https:\/\/api.w.org\/{rel}","templated":true}]}}