{"id":744948,"date":"2025-03-03T20:04:44","date_gmt":"2025-03-03T19:04:44","guid":{"rendered":"https:\/\/stoic-curie.212-227-153-4.plesk.page\/producto\/sklopivi-mostic-od-ugljicnih-vlakana-260-x-45cm\/"},"modified":"2026-02-25T00:01:17","modified_gmt":"2026-02-25T00:01:17","slug":"sklopivi-mostic-od-ugljicnih-vlakana-260-x-45cm","status":"publish","type":"product","link":"https:\/\/stoic-curie.212-227-153-4.plesk.page\/hr\/product\/sklopivi-mostic-od-ugljicnih-vlakana-260-x-45cm\/","title":{"rendered":"Sklopivi mosti\u0107 od ugljicnih vlakana 260 x 45cm"},"content":{"rendered":"<p>Sklopivi mosti\u0107 od ugljicnih vlakana 260 x 45cm &#8211; <\/p>\n<p>Sa zadovoljstvom vam predstavljamo izuzetno robusnu, a ipak iznena\u0111uju\u0107e laganu pristupnu stazu, stru\u010dno konstruiranu od kompozitnog materijala koji spaja izdr\u017eljivost karbonskih vlakana s naprednim polymerima. Ova najmodernija pristupna staza dizajnirana je kao jedna, kontinuirana jedinica, u\u010dinkovito uklanjaju\u0107i potrebu za bilo kakvim veznim tehnikama, \u0161to dodatno ja\u010da njezinu strukturalnu \u010dvrsto\u0107u i prikladnost za kori\u0161tenje. Za va\u0161u udobnost, opremljena je iglom i ugradnim uti\u010dnicom, \u0161to omogu\u0107uje jednostavnu instalaciju na va\u0161oj \u010damcu.<\/p>\n<p>Zna\u010dajna karakteristika ove pristupne staze je njezina plovnost, koja osigurava da ostane na povr\u0161ini \u010dak i pod te\u0161kim uvjetima. Osim toga, otporna je na koroziju, \u010dine\u0107i je izvrsnim izborom za morska okru\u017eenja, i otporna je na UV o\u0161te\u0107enja, \u0161to poma\u017ee o\u010duvanju njezinog izgleda i funkcionalnosti s vremenom. Pristupna staza ima protukliznu povr\u0161inu koja osigurava sigurnost i stabilnost tijekom kori\u0161tenja te je dodatno pobolj\u0161ana elasti\u010dnom za\u0161titnom trakom sa strane kako bi se za\u0161titila od neuglednih ogrebotina. \u0160tovi\u0161e, kit za stanchion je dostupan kao pribor (Referenca 0607888) kako bi se jo\u0161 pobolj\u0161ala va\u0161a oprema.<\/p>\n","protected":false},"excerpt":{"rendered":"<p>Sklopivi mosti\u0107 od ugljicnih vlakana 260 x 45cm &#8211; Sa zadovoljstvom vam predstavljamo izuzetno robusnu, a ipak iznena\u0111uju\u0107e laganu pristupnu<\/p>\n","protected":false},"featured_media":5947252,"comment_status":"open","ping_status":"closed","template":"","meta":[],"product_brand":[3491],"product_cat":[1612],"product_tag":[],"class_list":{"0":"post-744948","1":"product","2":"type-product","3":"status-publish","4":"has-post-thumbnail","6":"product_brand-trem-hr","7":"product_cat-gangways-za-brodove","9":"first","10":"instock","11":"shipping-taxable","12":"purchasable","13":"product-type-simple"},"_links":{"self":[{"href":"https:\/\/stoic-curie.212-227-153-4.plesk.page\/hr\/wp-json\/wp\/v2\/product\/744948","targetHints":{"allow":["GET"]}}],"collection":[{"href":"https:\/\/stoic-curie.212-227-153-4.plesk.page\/hr\/wp-json\/wp\/v2\/product"}],"about":[{"href":"https:\/\/stoic-curie.212-227-153-4.plesk.page\/hr\/wp-json\/wp\/v2\/types\/product"}],"replies":[{"embeddable":true,"href":"https:\/\/stoic-curie.212-227-153-4.plesk.page\/hr\/wp-json\/wp\/v2\/comments?post=744948"}],"version-history":[{"count":0,"href":"https:\/\/stoic-curie.212-227-153-4.plesk.page\/hr\/wp-json\/wp\/v2\/product\/744948\/revisions"}],"wp:featuredmedia":[{"embeddable":true,"href":"https:\/\/stoic-curie.212-227-153-4.plesk.page\/hr\/wp-json\/wp\/v2\/media\/5947252"}],"wp:attachment":[{"href":"https:\/\/stoic-curie.212-227-153-4.plesk.page\/hr\/wp-json\/wp\/v2\/media?parent=744948"}],"wp:term":[{"taxonomy":"product_brand","embeddable":true,"href":"https:\/\/stoic-curie.212-227-153-4.plesk.page\/hr\/wp-json\/wp\/v2\/product_brand?post=744948"},{"taxonomy":"product_cat","embeddable":true,"href":"https:\/\/stoic-curie.212-227-153-4.plesk.page\/hr\/wp-json\/wp\/v2\/product_cat?post=744948"},{"taxonomy":"product_tag","embeddable":true,"href":"https:\/\/stoic-curie.212-227-153-4.plesk.page\/hr\/wp-json\/wp\/v2\/product_tag?post=744948"}],"curies":[{"name":"wp","href":"https:\/\/api.w.org\/{rel}","templated":true}]}}