{"id":744950,"date":"2025-03-03T20:04:45","date_gmt":"2025-03-03T19:04:45","guid":{"rendered":"https:\/\/stoic-curie.212-227-153-4.plesk.page\/producto\/jastuk-na-napuhavanje-60-x-40-x-5cm\/"},"modified":"2026-02-25T00:01:17","modified_gmt":"2026-02-25T00:01:17","slug":"jastuk-na-napuhavanje-60-x-40-x-5cm","status":"publish","type":"product","link":"https:\/\/stoic-curie.212-227-153-4.plesk.page\/hr\/product\/jastuk-na-napuhavanje-60-x-40-x-5cm\/","title":{"rendered":"Jastuk na napuhavanje 60 x 40 x 5cm"},"content":{"rendered":"<p>Jastuk na napuhavanje 60 x 40 x 5cm &#8211; <\/p>\n<p>Napuhavanje jastu\u010di\u0107 za sjedenje od visokotvrdog PVC-om oblo\u017eenog Dropstitch poliesterske mre\u017ee. Sastoji se od sjedala i naslona s prilagodljivim \u010di\u010dak zatvaranjem za bo\u010dne \u0161ine i parafil. Mo\u017ee se brzo ispuhati i pohraniti bez zauzimanja prostora.<\/p>\n","protected":false},"excerpt":{"rendered":"<p>Jastuk na napuhavanje 60 x 40 x 5cm &#8211; Napuhavanje jastu\u010di\u0107 za sjedenje od visokotvrdog PVC-om oblo\u017eenog Dropstitch poliesterske mre\u017ee.<\/p>\n","protected":false},"featured_media":5947281,"comment_status":"open","ping_status":"closed","template":"","meta":[],"product_brand":[3206],"product_cat":[1678,1642],"product_tag":[],"class_list":{"0":"post-744950","1":"product","2":"type-product","3":"status-publish","4":"has-post-thumbnail","6":"product_brand-nova-argonautica-hr","7":"product_cat-brodska-sjedala","8":"product_cat-brodske-stolice-i-stolovi","10":"first","11":"instock","12":"shipping-taxable","13":"purchasable","14":"product-type-simple"},"_links":{"self":[{"href":"https:\/\/stoic-curie.212-227-153-4.plesk.page\/hr\/wp-json\/wp\/v2\/product\/744950","targetHints":{"allow":["GET"]}}],"collection":[{"href":"https:\/\/stoic-curie.212-227-153-4.plesk.page\/hr\/wp-json\/wp\/v2\/product"}],"about":[{"href":"https:\/\/stoic-curie.212-227-153-4.plesk.page\/hr\/wp-json\/wp\/v2\/types\/product"}],"replies":[{"embeddable":true,"href":"https:\/\/stoic-curie.212-227-153-4.plesk.page\/hr\/wp-json\/wp\/v2\/comments?post=744950"}],"version-history":[{"count":0,"href":"https:\/\/stoic-curie.212-227-153-4.plesk.page\/hr\/wp-json\/wp\/v2\/product\/744950\/revisions"}],"wp:featuredmedia":[{"embeddable":true,"href":"https:\/\/stoic-curie.212-227-153-4.plesk.page\/hr\/wp-json\/wp\/v2\/media\/5947281"}],"wp:attachment":[{"href":"https:\/\/stoic-curie.212-227-153-4.plesk.page\/hr\/wp-json\/wp\/v2\/media?parent=744950"}],"wp:term":[{"taxonomy":"product_brand","embeddable":true,"href":"https:\/\/stoic-curie.212-227-153-4.plesk.page\/hr\/wp-json\/wp\/v2\/product_brand?post=744950"},{"taxonomy":"product_cat","embeddable":true,"href":"https:\/\/stoic-curie.212-227-153-4.plesk.page\/hr\/wp-json\/wp\/v2\/product_cat?post=744950"},{"taxonomy":"product_tag","embeddable":true,"href":"https:\/\/stoic-curie.212-227-153-4.plesk.page\/hr\/wp-json\/wp\/v2\/product_tag?post=744950"}],"curies":[{"name":"wp","href":"https:\/\/api.w.org\/{rel}","templated":true}]}}