{"id":744954,"date":"2025-03-03T20:04:48","date_gmt":"2025-03-03T19:04:48","guid":{"rendered":"https:\/\/stoic-curie.212-227-153-4.plesk.page\/producto\/stolica-od-tikovine-crna-mb-45-x-36-x-h46\/"},"modified":"2026-02-25T00:01:17","modified_gmt":"2026-02-25T00:01:17","slug":"stolica-od-tikovine-crna-mb-45-x-36-x-h46","status":"publish","type":"product","link":"https:\/\/stoic-curie.212-227-153-4.plesk.page\/hr\/product\/stolica-od-tikovine-crna-mb-45-x-36-x-h46\/","title":{"rendered":"Stolica od tikovine crna MB 45 x 36 x H46"},"content":{"rendered":"<p>Stolica od tikovine crna MB 45 x 36 x H46 &#8211; <\/p>\n<p>Sklopiva stoli\u0107 za palubu od kvalitetnog tikovine otporan na UV zrake. Metalni dijelovi i vijci od nehr\u0111aju\u0107eg \u010delika s uvu\u010denim \u0161arkama. Neprobojna olefinska tkanina koja odbija vodu, otporna na sunce (ne gubi boju) i mo\u017ee se prati s izbjeljiva\u010dem. Zamjenska tkanina dostupna u 5 boja.<\/p>\n","protected":false},"excerpt":{"rendered":"<p>Stolica od tikovine crna MB 45 x 36 x H46 &#8211; Sklopiva stoli\u0107 za palubu od kvalitetnog tikovine otporan na<\/p>\n","protected":false},"featured_media":5947295,"comment_status":"open","ping_status":"closed","template":"","meta":[],"product_brand":[3111],"product_cat":[1642],"product_tag":[],"class_list":{"0":"post-744954","1":"product","2":"type-product","3":"status-publish","4":"has-post-thumbnail","6":"product_brand-marine-business-mb-hr","7":"product_cat-brodske-stolice-i-stolovi","9":"first","10":"instock","11":"shipping-taxable","12":"purchasable","13":"product-type-simple"},"_links":{"self":[{"href":"https:\/\/stoic-curie.212-227-153-4.plesk.page\/hr\/wp-json\/wp\/v2\/product\/744954","targetHints":{"allow":["GET"]}}],"collection":[{"href":"https:\/\/stoic-curie.212-227-153-4.plesk.page\/hr\/wp-json\/wp\/v2\/product"}],"about":[{"href":"https:\/\/stoic-curie.212-227-153-4.plesk.page\/hr\/wp-json\/wp\/v2\/types\/product"}],"replies":[{"embeddable":true,"href":"https:\/\/stoic-curie.212-227-153-4.plesk.page\/hr\/wp-json\/wp\/v2\/comments?post=744954"}],"version-history":[{"count":0,"href":"https:\/\/stoic-curie.212-227-153-4.plesk.page\/hr\/wp-json\/wp\/v2\/product\/744954\/revisions"}],"wp:featuredmedia":[{"embeddable":true,"href":"https:\/\/stoic-curie.212-227-153-4.plesk.page\/hr\/wp-json\/wp\/v2\/media\/5947295"}],"wp:attachment":[{"href":"https:\/\/stoic-curie.212-227-153-4.plesk.page\/hr\/wp-json\/wp\/v2\/media?parent=744954"}],"wp:term":[{"taxonomy":"product_brand","embeddable":true,"href":"https:\/\/stoic-curie.212-227-153-4.plesk.page\/hr\/wp-json\/wp\/v2\/product_brand?post=744954"},{"taxonomy":"product_cat","embeddable":true,"href":"https:\/\/stoic-curie.212-227-153-4.plesk.page\/hr\/wp-json\/wp\/v2\/product_cat?post=744954"},{"taxonomy":"product_tag","embeddable":true,"href":"https:\/\/stoic-curie.212-227-153-4.plesk.page\/hr\/wp-json\/wp\/v2\/product_tag?post=744954"}],"curies":[{"name":"wp","href":"https:\/\/api.w.org\/{rel}","templated":true}]}}