{"id":744956,"date":"2025-03-03T20:04:48","date_gmt":"2025-03-03T19:04:48","guid":{"rendered":"https:\/\/stoic-curie.212-227-153-4.plesk.page\/producto\/teleskopski-podesavac-poklopca-290-500mm\/"},"modified":"2026-02-25T00:01:17","modified_gmt":"2026-02-25T00:01:17","slug":"teleskopski-podesavac-poklopca-290-500mm","status":"publish","type":"product","link":"https:\/\/stoic-curie.212-227-153-4.plesk.page\/hr\/product\/teleskopski-podesavac-poklopca-290-500mm\/","title":{"rendered":"Teleskopski pode\u0161ava\u010d poklopca 290-500mm"},"content":{"rendered":"<p>Teleskopski pode\u0161ava\u010d poklopca 290-500mm &#8211; <\/p>\n<p>Teleskopski pode\u0161ava\u010d otvora od kromiranog mesinga za prozore. S okretnim postoljima i gumbom za zaklju\u010davanje otvora u \u017eeljenom polo\u017eaju.<\/p>\n","protected":false},"excerpt":{"rendered":"<p>Teleskopski pode\u0161ava\u010d poklopca 290-500mm &#8211; Teleskopski pode\u0161ava\u010d otvora od kromiranog mesinga za prozore. S okretnim postoljima i gumbom za zaklju\u010davanje<\/p>\n","protected":false},"featured_media":5947297,"comment_status":"open","ping_status":"closed","template":"","meta":[],"product_brand":[3236],"product_cat":[1688],"product_tag":[],"class_list":{"0":"post-744956","1":"product","2":"type-product","3":"status-publish","4":"has-post-thumbnail","6":"product_brand-osculati-hr","7":"product_cat-plinske-opruge-za-poklopce","9":"first","10":"instock","11":"shipping-taxable","12":"purchasable","13":"product-type-simple"},"_links":{"self":[{"href":"https:\/\/stoic-curie.212-227-153-4.plesk.page\/hr\/wp-json\/wp\/v2\/product\/744956","targetHints":{"allow":["GET"]}}],"collection":[{"href":"https:\/\/stoic-curie.212-227-153-4.plesk.page\/hr\/wp-json\/wp\/v2\/product"}],"about":[{"href":"https:\/\/stoic-curie.212-227-153-4.plesk.page\/hr\/wp-json\/wp\/v2\/types\/product"}],"replies":[{"embeddable":true,"href":"https:\/\/stoic-curie.212-227-153-4.plesk.page\/hr\/wp-json\/wp\/v2\/comments?post=744956"}],"version-history":[{"count":0,"href":"https:\/\/stoic-curie.212-227-153-4.plesk.page\/hr\/wp-json\/wp\/v2\/product\/744956\/revisions"}],"wp:featuredmedia":[{"embeddable":true,"href":"https:\/\/stoic-curie.212-227-153-4.plesk.page\/hr\/wp-json\/wp\/v2\/media\/5947297"}],"wp:attachment":[{"href":"https:\/\/stoic-curie.212-227-153-4.plesk.page\/hr\/wp-json\/wp\/v2\/media?parent=744956"}],"wp:term":[{"taxonomy":"product_brand","embeddable":true,"href":"https:\/\/stoic-curie.212-227-153-4.plesk.page\/hr\/wp-json\/wp\/v2\/product_brand?post=744956"},{"taxonomy":"product_cat","embeddable":true,"href":"https:\/\/stoic-curie.212-227-153-4.plesk.page\/hr\/wp-json\/wp\/v2\/product_cat?post=744956"},{"taxonomy":"product_tag","embeddable":true,"href":"https:\/\/stoic-curie.212-227-153-4.plesk.page\/hr\/wp-json\/wp\/v2\/product_tag?post=744956"}],"curies":[{"name":"wp","href":"https:\/\/api.w.org\/{rel}","templated":true}]}}