{"id":744961,"date":"2025-03-03T20:04:50","date_gmt":"2025-03-03T19:04:50","guid":{"rendered":"https:\/\/stoic-curie.212-227-153-4.plesk.page\/producto\/prijenosni-hladnjak-jazo-za-boce-h335mm\/"},"modified":"2026-02-25T00:01:17","modified_gmt":"2026-02-25T00:01:17","slug":"prijenosni-hladnjak-jazo-za-boce-h335mm","status":"publish","type":"product","link":"https:\/\/stoic-curie.212-227-153-4.plesk.page\/hr\/product\/prijenosni-hladnjak-jazo-za-boce-h335mm\/","title":{"rendered":"Prijenosni hladnjak Jazo za boce H335mm"},"content":{"rendered":"<p>Prijenosni hladnjak Jazo za boce H335mm &#8211; <\/p>\n<p>Vrlo lagane, visokou\u010dinkovite prijenosne hladnjake dizajnirane za \u010duvanje do 5 boca na idealnoj temperaturi. Izra\u0111ene od inovativnog EPS materijala koji jam\u010di izuzetnu otpornost i izolaciju uz smanjene tro\u0161kove. Uz dodatak blokova leda uklju\u010denih s hladnjacom, mogu\u0107e je odr\u017eavati temperaturu tijekom 12 sati, gube\u0107i samo jedan stupanj. Opremljene sustavom zatvaranja na \u010di\u010dak i podesivim remenom za rame.<\/p>\n","protected":false},"excerpt":{"rendered":"<p>Prijenosni hladnjak Jazo za boce H335mm &#8211; Vrlo lagane, visokou\u010dinkovite prijenosne hladnjake dizajnirane za \u010duvanje do 5 boca na idealnoj<\/p>\n","protected":false},"featured_media":5947360,"comment_status":"open","ping_status":"closed","template":"","meta":[],"product_brand":[3236],"product_cat":[1646],"product_tag":[],"class_list":{"0":"post-744961","1":"product","2":"type-product","3":"status-publish","4":"has-post-thumbnail","6":"product_brand-osculati-hr","7":"product_cat-cool-box-hladnjaci","9":"first","10":"instock","11":"shipping-taxable","12":"purchasable","13":"product-type-simple"},"_links":{"self":[{"href":"https:\/\/stoic-curie.212-227-153-4.plesk.page\/hr\/wp-json\/wp\/v2\/product\/744961","targetHints":{"allow":["GET"]}}],"collection":[{"href":"https:\/\/stoic-curie.212-227-153-4.plesk.page\/hr\/wp-json\/wp\/v2\/product"}],"about":[{"href":"https:\/\/stoic-curie.212-227-153-4.plesk.page\/hr\/wp-json\/wp\/v2\/types\/product"}],"replies":[{"embeddable":true,"href":"https:\/\/stoic-curie.212-227-153-4.plesk.page\/hr\/wp-json\/wp\/v2\/comments?post=744961"}],"version-history":[{"count":0,"href":"https:\/\/stoic-curie.212-227-153-4.plesk.page\/hr\/wp-json\/wp\/v2\/product\/744961\/revisions"}],"wp:featuredmedia":[{"embeddable":true,"href":"https:\/\/stoic-curie.212-227-153-4.plesk.page\/hr\/wp-json\/wp\/v2\/media\/5947360"}],"wp:attachment":[{"href":"https:\/\/stoic-curie.212-227-153-4.plesk.page\/hr\/wp-json\/wp\/v2\/media?parent=744961"}],"wp:term":[{"taxonomy":"product_brand","embeddable":true,"href":"https:\/\/stoic-curie.212-227-153-4.plesk.page\/hr\/wp-json\/wp\/v2\/product_brand?post=744961"},{"taxonomy":"product_cat","embeddable":true,"href":"https:\/\/stoic-curie.212-227-153-4.plesk.page\/hr\/wp-json\/wp\/v2\/product_cat?post=744961"},{"taxonomy":"product_tag","embeddable":true,"href":"https:\/\/stoic-curie.212-227-153-4.plesk.page\/hr\/wp-json\/wp\/v2\/product_tag?post=744961"}],"curies":[{"name":"wp","href":"https:\/\/api.w.org\/{rel}","templated":true}]}}