{"id":744962,"date":"2025-03-03T20:04:50","date_gmt":"2025-03-03T19:04:50","guid":{"rendered":"https:\/\/stoic-curie.212-227-153-4.plesk.page\/producto\/hladnjak-dometic-coolmatic-crd50\/"},"modified":"2026-02-25T00:01:17","modified_gmt":"2026-02-25T00:01:17","slug":"hladnjak-dometic-coolmatic-crd50","status":"publish","type":"product","link":"https:\/\/stoic-curie.212-227-153-4.plesk.page\/hr\/product\/hladnjak-dometic-coolmatic-crd50\/","title":{"rendered":"Hladnjak Dometic Coolmatic CRD50"},"content":{"rendered":"<p>Hladnjak Dometic Coolmatic CRD50 &#8211; <\/p>\n<p style=\"color: rgb(34, 34, 34); font-family: Arial, Helvetica, sans-serif; font-size: small;\">Dometic CoolMatic CRD ladica hladnjaci rade na 12\/24V i opremljeni su vanjskom (neuklonjivom) jedinicom za hla\u0111enje promjenjive brzine koja u\u010dinkovito smanjuje potro\u0161nju energije za 25%. Dizajn uklju\u010duje odjeljak za zamrzavanje koji se mo\u017ee ukloniti, dok panel s dodirnom kontrolom omogu\u0107uje korisnicima odabir izme\u0111u hla\u0111enja, zamrzavanja ili kori\u0161tenja obje funkcije istovremeno. Integrirano LED svjetlo pobolj\u0161ava vidljivost unutar hladnjaka. Ova jedinica je dostupna sa srebrnim vratima i mo\u017ee se instalirati pomo\u0107u okvira za standardno ili ugradbeno monta\u017eu kao opcionalnog pribora.<\/p>\n<p style=\"color: rgb(34, 34, 34); font-family: Arial, Helvetica, sans-serif; font-size: small;\">Hladnjak sa ladicom od 38,5 litara predstavlja prakti\u010dno rje\u0161enje za upravljanje va\u0161om hranom i opskrbom, s bocama sigurnim na mjestu zahvaljuju\u0107i namjenskoj dr\u017ea\u010du. Uklonjivi odjeljak za zamrzavanje nudi dodatni prostor za hla\u0111enje kada je to potrebno, \u0161to ga \u010dini odli\u010dnom opcijom hla\u0111enja za manje plovila. Kupci mogu birati izme\u0111u dva modela: jedan s prednjom plo\u010dom od nehr\u0111aju\u0107eg \u010delika i drugi u mat srebrnoj zavr\u0161noj obradi.<\/p>\n<p style=\"color: rgb(34, 34, 34); font-family: Arial, Helvetica, sans-serif; font-size: small;\"><strong>Solarna energija \u2013 Iskori\u0161tavanje energije sunca<\/strong><br \/>Hladnjak je dizajniran s hladnom plavom unutarnjom svjetlo\u0161\u0107u i pogodna je za ugradnju u zid, omogu\u0107uju\u0107i sofisticiran i prostor-\u0161tedljiv dizajn. Njegov zavr\u0161ni sloj od nehr\u0111aju\u0107eg \u010delika i premium estetika pobolj\u0161avaju njegov vizualni privla\u010dnost, a dekorativna plo\u010da se mo\u017ee lako zamijeniti.<\/p>\n<p style=\"color: rgb(34, 34, 34); font-family: Arial, Helvetica, sans-serif; font-size: small;\">Dometic CoolMatic CRD 50 je elegantan hladnjak s ladicom s pribli\u017eno kapacitetom od 50 litara, koji uklju\u010duje 4-litreno zamrzavanje. Pru\u017ea izvrsnu radnu performansu hla\u0111enja i ima solarne energetske mogu\u0107nosti zajedno s hladnim plavim unutarnjim svjetlom. Ova premium dizajn je idealna za one koji tra\u017ee luksuzno, ugradbeno rje\u0161enje.<\/p>\n<p style=\"color: rgb(34, 34, 34); font-family: Arial, Helvetica, sans-serif; font-size: small;\"><strong>Specifikacije proizvoda<\/strong><\/p>\n<ul style=\"color: rgb(34, 34, 34); font-family: Arial, Helvetica, sans-serif; font-size: small;\">\n<li>Unutra\u0161nji bruto\/neto kapacitet: 47 litara<\/li>\n<li>Bruto\/neto obujam pohrane zamrziva\u010da: 6 litara<\/li>\n<li>Vanjske dimenzije (mm \u0160xDxV): 380 x 500 x 534<\/li>\n<li>Police\/Kosare: 1<\/li>\n<li>Fakulteti: 1<\/li>\n<li>Pani panel: Razmjerno mjerenje<\/li>\n<li>Unutra\u0161nje svjetlo: Da<\/li>\n<li>Odvla\u017eivanje: Ru\u010dno<\/li>\n<li>Tehnologija hla\u0111enja: Kompresor<\/li>\n<li>Hladivo: R134a<\/li>\n<\/ul>\n","protected":false},"excerpt":{"rendered":"<p>Hladnjak Dometic Coolmatic CRD50 &#8211; Dometic CoolMatic CRD ladica hladnjaci rade na 12\/24V i opremljeni su vanjskom (neuklonjivom) jedinicom za<\/p>\n","protected":false},"featured_media":5947362,"comment_status":"open","ping_status":"closed","template":"","meta":[],"product_brand":[2896],"product_cat":[1751],"product_tag":[],"class_list":{"0":"post-744962","1":"product","2":"type-product","3":"status-publish","4":"has-post-thumbnail","6":"product_brand-dometic-hr","7":"product_cat-hladnjaci-i-zamrzivaci","9":"first","10":"instock","11":"shipping-taxable","12":"purchasable","13":"product-type-simple"},"_links":{"self":[{"href":"https:\/\/stoic-curie.212-227-153-4.plesk.page\/hr\/wp-json\/wp\/v2\/product\/744962","targetHints":{"allow":["GET"]}}],"collection":[{"href":"https:\/\/stoic-curie.212-227-153-4.plesk.page\/hr\/wp-json\/wp\/v2\/product"}],"about":[{"href":"https:\/\/stoic-curie.212-227-153-4.plesk.page\/hr\/wp-json\/wp\/v2\/types\/product"}],"replies":[{"embeddable":true,"href":"https:\/\/stoic-curie.212-227-153-4.plesk.page\/hr\/wp-json\/wp\/v2\/comments?post=744962"}],"version-history":[{"count":0,"href":"https:\/\/stoic-curie.212-227-153-4.plesk.page\/hr\/wp-json\/wp\/v2\/product\/744962\/revisions"}],"wp:featuredmedia":[{"embeddable":true,"href":"https:\/\/stoic-curie.212-227-153-4.plesk.page\/hr\/wp-json\/wp\/v2\/media\/5947362"}],"wp:attachment":[{"href":"https:\/\/stoic-curie.212-227-153-4.plesk.page\/hr\/wp-json\/wp\/v2\/media?parent=744962"}],"wp:term":[{"taxonomy":"product_brand","embeddable":true,"href":"https:\/\/stoic-curie.212-227-153-4.plesk.page\/hr\/wp-json\/wp\/v2\/product_brand?post=744962"},{"taxonomy":"product_cat","embeddable":true,"href":"https:\/\/stoic-curie.212-227-153-4.plesk.page\/hr\/wp-json\/wp\/v2\/product_cat?post=744962"},{"taxonomy":"product_tag","embeddable":true,"href":"https:\/\/stoic-curie.212-227-153-4.plesk.page\/hr\/wp-json\/wp\/v2\/product_tag?post=744962"}],"curies":[{"name":"wp","href":"https:\/\/api.w.org\/{rel}","templated":true}]}}