{"id":744966,"date":"2025-03-03T20:04:51","date_gmt":"2025-03-03T19:04:51","guid":{"rendered":"https:\/\/stoic-curie.212-227-153-4.plesk.page\/producto\/rucni-wc-johnson-aquat-kompakt\/"},"modified":"2026-02-25T00:01:17","modified_gmt":"2026-02-25T00:01:17","slug":"rucni-wc-johnson-aquat-kompakt","status":"publish","type":"product","link":"https:\/\/stoic-curie.212-227-153-4.plesk.page\/hr\/product\/rucni-wc-johnson-aquat-kompakt\/","title":{"rendered":"Ru\u010dni WC Johnson AquaT kompakt"},"content":{"rendered":"<p>Ru\u010dni WC Johnson AquaT kompakt &#8211; <\/p>\n<p>Johnson AquaT WC opremljen je ergonomskom ru\u010dnom pumpom s dvostrukim djelovanjem koja se mo\u017ee montirati s desne ili lijeve strane. Radi s slatkom i slanom vodom te se mo\u017ee montirati iznad ili ispod razine vode.<br \/>Dostupno u tri modela:<br \/>\u2022 Kompaktno \u2013 kompaktnije za ograni\u010dene prostore s okruglim sjedalom<br \/>\u2022 Udobno \u2013 ve\u0107e i udobnije s ovalnim sjedalom<br \/>\u2022 Super kompaktno \u2013 manji i lak\u0161i s okruglim sjedalom<br \/>Izra\u0111eno od izuzetno kvalitetne bijele staklaste porculane za savr\u0161enu higijenu. Prakti\u010dno, tiho i pouzdano. Jaka vrtlo\u017ena akcija za u\u010dinkovito ispiranje. Vodilica klipa od mesinga za produ\u017eenje \u017eivotnog vijeka. Proliveni gornji ventil s oprugom za lak\u0161e primanje. Dvostruki nepovratni ventili punog promjera od 38 mm (1 1\/2&#8243;) za sprje\u010davanje povratnog toka. Vi\u0161enamjenska izlazna cijev za ve\u0107u slobodu monta\u017ee. Dvostruko zape\u010da\u0107en \u010dep za dno za zimsko ispu\u0161tanje i lak pristup \u010di\u0161\u0107enju. Pristupa\u010dne to\u010dke monta\u017ee za br\u017eu instalaciju bez posebnog alata. Fleksibilan uzorak rupa na bazi za jednostavnu zamjenu s naj\u010de\u0161\u0107im WC-ima na tr\u017ei\u0161tu. Ulaz \u00d8 20 mm (3\/4&#8243;) izlaz \u00d8 38 mm (1&#8243; 1\/2). 3 godine jamstva.<\/p>\n","protected":false},"excerpt":{"rendered":"<p>Ru\u010dni WC Johnson AquaT kompakt &#8211; Johnson AquaT WC opremljen je ergonomskom ru\u010dnom pumpom s dvostrukim djelovanjem koja se mo\u017ee<\/p>\n","protected":false},"featured_media":5947379,"comment_status":"open","ping_status":"closed","template":"","meta":[],"product_brand":[3046],"product_cat":[1675],"product_tag":[],"class_list":{"0":"post-744966","1":"product","2":"type-product","3":"status-publish","4":"has-post-thumbnail","6":"product_brand-johnson-marine-hr","7":"product_cat-brodski-wc","9":"first","10":"instock","11":"shipping-taxable","12":"purchasable","13":"product-type-simple"},"_links":{"self":[{"href":"https:\/\/stoic-curie.212-227-153-4.plesk.page\/hr\/wp-json\/wp\/v2\/product\/744966","targetHints":{"allow":["GET"]}}],"collection":[{"href":"https:\/\/stoic-curie.212-227-153-4.plesk.page\/hr\/wp-json\/wp\/v2\/product"}],"about":[{"href":"https:\/\/stoic-curie.212-227-153-4.plesk.page\/hr\/wp-json\/wp\/v2\/types\/product"}],"replies":[{"embeddable":true,"href":"https:\/\/stoic-curie.212-227-153-4.plesk.page\/hr\/wp-json\/wp\/v2\/comments?post=744966"}],"version-history":[{"count":0,"href":"https:\/\/stoic-curie.212-227-153-4.plesk.page\/hr\/wp-json\/wp\/v2\/product\/744966\/revisions"}],"wp:featuredmedia":[{"embeddable":true,"href":"https:\/\/stoic-curie.212-227-153-4.plesk.page\/hr\/wp-json\/wp\/v2\/media\/5947379"}],"wp:attachment":[{"href":"https:\/\/stoic-curie.212-227-153-4.plesk.page\/hr\/wp-json\/wp\/v2\/media?parent=744966"}],"wp:term":[{"taxonomy":"product_brand","embeddable":true,"href":"https:\/\/stoic-curie.212-227-153-4.plesk.page\/hr\/wp-json\/wp\/v2\/product_brand?post=744966"},{"taxonomy":"product_cat","embeddable":true,"href":"https:\/\/stoic-curie.212-227-153-4.plesk.page\/hr\/wp-json\/wp\/v2\/product_cat?post=744966"},{"taxonomy":"product_tag","embeddable":true,"href":"https:\/\/stoic-curie.212-227-153-4.plesk.page\/hr\/wp-json\/wp\/v2\/product_tag?post=744966"}],"curies":[{"name":"wp","href":"https:\/\/api.w.org\/{rel}","templated":true}]}}