{"id":744976,"date":"2025-03-03T20:04:54","date_gmt":"2025-03-03T19:04:54","guid":{"rendered":"https:\/\/stoic-curie.212-227-153-4.plesk.page\/producto\/porta-potty-seaflo-kemijski-wc-22lt\/"},"modified":"2026-02-25T00:01:18","modified_gmt":"2026-02-25T00:01:18","slug":"porta-potty-seaflo-kemijski-wc-22lt","status":"publish","type":"product","link":"https:\/\/stoic-curie.212-227-153-4.plesk.page\/hr\/product\/porta-potty-seaflo-kemijski-wc-22lt\/","title":{"rendered":"Porta Potty Seaflo kemijski WC 22lt"},"content":{"rendered":"<p>Porta Potty Seaflo kemijski WC 22lt &#8211; <\/p>\n<p>Kompaktni i otporni prijenosni Porta Potty WC, idealan za male \u010damce i za svaku nauti\u010dku aktivnost gdje nema toaleta. Potpuno opremljen ergonomskom i udobnom stolicom, sustavom ispiranja s raspr\u0161iva\u010dem, bezmirisnim zatvorenim rezervoarom s pokaziva\u010dem razine, poklopcem s dr\u0161kom i rotiraju\u0107im priklju\u010dkom za otpad.<\/p>\n","protected":false},"excerpt":{"rendered":"<p>Porta Potty Seaflo kemijski WC 22lt &#8211; Kompaktni i otporni prijenosni Porta Potty WC, idealan za male \u010damce i za<\/p>\n","protected":false},"featured_media":5947392,"comment_status":"open","ping_status":"closed","template":"","meta":[],"product_brand":[3351],"product_cat":[1675],"product_tag":[],"class_list":{"0":"post-744976","1":"product","2":"type-product","3":"status-publish","4":"has-post-thumbnail","6":"product_brand-seaflo-hr","7":"product_cat-brodski-wc","9":"first","10":"instock","11":"shipping-taxable","12":"purchasable","13":"product-type-simple"},"_links":{"self":[{"href":"https:\/\/stoic-curie.212-227-153-4.plesk.page\/hr\/wp-json\/wp\/v2\/product\/744976","targetHints":{"allow":["GET"]}}],"collection":[{"href":"https:\/\/stoic-curie.212-227-153-4.plesk.page\/hr\/wp-json\/wp\/v2\/product"}],"about":[{"href":"https:\/\/stoic-curie.212-227-153-4.plesk.page\/hr\/wp-json\/wp\/v2\/types\/product"}],"replies":[{"embeddable":true,"href":"https:\/\/stoic-curie.212-227-153-4.plesk.page\/hr\/wp-json\/wp\/v2\/comments?post=744976"}],"version-history":[{"count":0,"href":"https:\/\/stoic-curie.212-227-153-4.plesk.page\/hr\/wp-json\/wp\/v2\/product\/744976\/revisions"}],"wp:featuredmedia":[{"embeddable":true,"href":"https:\/\/stoic-curie.212-227-153-4.plesk.page\/hr\/wp-json\/wp\/v2\/media\/5947392"}],"wp:attachment":[{"href":"https:\/\/stoic-curie.212-227-153-4.plesk.page\/hr\/wp-json\/wp\/v2\/media?parent=744976"}],"wp:term":[{"taxonomy":"product_brand","embeddable":true,"href":"https:\/\/stoic-curie.212-227-153-4.plesk.page\/hr\/wp-json\/wp\/v2\/product_brand?post=744976"},{"taxonomy":"product_cat","embeddable":true,"href":"https:\/\/stoic-curie.212-227-153-4.plesk.page\/hr\/wp-json\/wp\/v2\/product_cat?post=744976"},{"taxonomy":"product_tag","embeddable":true,"href":"https:\/\/stoic-curie.212-227-153-4.plesk.page\/hr\/wp-json\/wp\/v2\/product_tag?post=744976"}],"curies":[{"name":"wp","href":"https:\/\/api.w.org\/{rel}","templated":true}]}}