{"id":744981,"date":"2025-03-03T20:04:56","date_gmt":"2025-03-03T19:04:56","guid":{"rendered":"https:\/\/stoic-curie.212-227-153-4.plesk.page\/producto\/senzor-razine-otpadnih-voda-can-sb-11-4\/"},"modified":"2026-02-25T00:01:18","modified_gmt":"2026-02-25T00:01:18","slug":"senzor-razine-otpadnih-voda-can-sb-11-4","status":"publish","type":"product","link":"https:\/\/stoic-curie.212-227-153-4.plesk.page\/hr\/product\/senzor-razine-otpadnih-voda-can-sb-11-4\/","title":{"rendered":"Senzor razine otpadnih voda Can-SB 1&#8243;1\/4"},"content":{"rendered":"<p>Senzor razine otpadnih voda Can-SB 1&#8243;1\/4 &#8211; <\/p>\n<p>Senzor razine za intenzivnu upotrebu otpadnih voda. Prilago\u0111ava se svakom rezervoaru do maksimalne visine od 60 cm pode\u0161avanjem du\u017eine \u017eica. Signal se prenosi na tri to\u010dke (prazan-pola-pun). Univerzalno napajanje 12\/24V, potpuno s prekida\u010dem otpora od 10-180 ili 240-33 Ohm.<\/p>\n","protected":false},"excerpt":{"rendered":"<p>Senzor razine otpadnih voda Can-SB 1&#8243;1\/4 &#8211; Senzor razine za intenzivnu upotrebu otpadnih voda. Prilago\u0111ava se svakom rezervoaru do maksimalne<\/p>\n","protected":false},"featured_media":5947404,"comment_status":"open","ping_status":"closed","template":"","meta":[],"product_brand":[2856],"product_cat":[1649],"product_tag":[],"class_list":{"0":"post-744981","1":"product","2":"type-product","3":"status-publish","4":"has-post-thumbnail","6":"product_brand-can-marine-hr","7":"product_cat-spremnici-za-otpadne-vode","9":"first","10":"instock","11":"shipping-taxable","12":"purchasable","13":"product-type-simple"},"_links":{"self":[{"href":"https:\/\/stoic-curie.212-227-153-4.plesk.page\/hr\/wp-json\/wp\/v2\/product\/744981","targetHints":{"allow":["GET"]}}],"collection":[{"href":"https:\/\/stoic-curie.212-227-153-4.plesk.page\/hr\/wp-json\/wp\/v2\/product"}],"about":[{"href":"https:\/\/stoic-curie.212-227-153-4.plesk.page\/hr\/wp-json\/wp\/v2\/types\/product"}],"replies":[{"embeddable":true,"href":"https:\/\/stoic-curie.212-227-153-4.plesk.page\/hr\/wp-json\/wp\/v2\/comments?post=744981"}],"version-history":[{"count":0,"href":"https:\/\/stoic-curie.212-227-153-4.plesk.page\/hr\/wp-json\/wp\/v2\/product\/744981\/revisions"}],"wp:featuredmedia":[{"embeddable":true,"href":"https:\/\/stoic-curie.212-227-153-4.plesk.page\/hr\/wp-json\/wp\/v2\/media\/5947404"}],"wp:attachment":[{"href":"https:\/\/stoic-curie.212-227-153-4.plesk.page\/hr\/wp-json\/wp\/v2\/media?parent=744981"}],"wp:term":[{"taxonomy":"product_brand","embeddable":true,"href":"https:\/\/stoic-curie.212-227-153-4.plesk.page\/hr\/wp-json\/wp\/v2\/product_brand?post=744981"},{"taxonomy":"product_cat","embeddable":true,"href":"https:\/\/stoic-curie.212-227-153-4.plesk.page\/hr\/wp-json\/wp\/v2\/product_cat?post=744981"},{"taxonomy":"product_tag","embeddable":true,"href":"https:\/\/stoic-curie.212-227-153-4.plesk.page\/hr\/wp-json\/wp\/v2\/product_tag?post=744981"}],"curies":[{"name":"wp","href":"https:\/\/api.w.org\/{rel}","templated":true}]}}