{"id":744982,"date":"2025-03-03T20:04:56","date_gmt":"2025-03-03T19:04:56","guid":{"rendered":"https:\/\/stoic-curie.212-227-153-4.plesk.page\/producto\/kromirana-izlazna-spojka-za-prikljucak-vode-na-kopno-can-sb-98mm\/"},"modified":"2026-02-25T00:01:18","modified_gmt":"2026-02-25T00:01:18","slug":"kromirana-izlazna-spojka-za-prikljucak-vode-na-kopno-can-sb-98mm","status":"publish","type":"product","link":"https:\/\/stoic-curie.212-227-153-4.plesk.page\/hr\/product\/kromirana-izlazna-spojka-za-prikljucak-vode-na-kopno-can-sb-98mm\/","title":{"rendered":"Kromirana izlazna spojka za priklju\u010dak vode na kopno Can-SB 98mm"},"content":{"rendered":"<p>Kromirana izlazna spojka za priklju\u010dak vode na kopno Can-SB 98mm &#8211; <\/p>\n<p>Ugra\u0111ena brza spojna ulazna\/izlazna vodena kutija od udarno otpornog bijelog ili kromiranog plastike. Ulaz vode: opremljen s 3 Bar 3\/4&#8243; navojnim smanjiva\u010dem pritiska kako bi se izbjegla o\u0161te\u0107enja cijevi prilikom povezivanja vodenog kruga \u010damca s vodenim krugom uz obalu. Izlaz vode: s brzim spojem za vrt za pranje palube i kutnim priklju\u010dkom od 3\/4&#8243; za povezivanje s vodenim krugom \u010damca.<\/p>\n","protected":false},"excerpt":{"rendered":"<p>Kromirana izlazna spojka za priklju\u010dak vode na kopno Can-SB 98mm &#8211; Ugra\u0111ena brza spojna ulazna\/izlazna vodena kutija od udarno otpornog<\/p>\n","protected":false},"featured_media":5947432,"comment_status":"open","ping_status":"closed","template":"","meta":[],"product_brand":[2856],"product_cat":[1652,1648],"product_tag":[],"class_list":{"0":"post-744982","1":"product","2":"type-product","3":"status-publish","4":"has-post-thumbnail","6":"product_brand-can-marine-hr","7":"product_cat-brodski-tusevi","8":"product_cat-pumpe-za-pranje-brodova","10":"first","11":"instock","12":"shipping-taxable","13":"purchasable","14":"product-type-simple"},"_links":{"self":[{"href":"https:\/\/stoic-curie.212-227-153-4.plesk.page\/hr\/wp-json\/wp\/v2\/product\/744982","targetHints":{"allow":["GET"]}}],"collection":[{"href":"https:\/\/stoic-curie.212-227-153-4.plesk.page\/hr\/wp-json\/wp\/v2\/product"}],"about":[{"href":"https:\/\/stoic-curie.212-227-153-4.plesk.page\/hr\/wp-json\/wp\/v2\/types\/product"}],"replies":[{"embeddable":true,"href":"https:\/\/stoic-curie.212-227-153-4.plesk.page\/hr\/wp-json\/wp\/v2\/comments?post=744982"}],"version-history":[{"count":0,"href":"https:\/\/stoic-curie.212-227-153-4.plesk.page\/hr\/wp-json\/wp\/v2\/product\/744982\/revisions"}],"wp:featuredmedia":[{"embeddable":true,"href":"https:\/\/stoic-curie.212-227-153-4.plesk.page\/hr\/wp-json\/wp\/v2\/media\/5947432"}],"wp:attachment":[{"href":"https:\/\/stoic-curie.212-227-153-4.plesk.page\/hr\/wp-json\/wp\/v2\/media?parent=744982"}],"wp:term":[{"taxonomy":"product_brand","embeddable":true,"href":"https:\/\/stoic-curie.212-227-153-4.plesk.page\/hr\/wp-json\/wp\/v2\/product_brand?post=744982"},{"taxonomy":"product_cat","embeddable":true,"href":"https:\/\/stoic-curie.212-227-153-4.plesk.page\/hr\/wp-json\/wp\/v2\/product_cat?post=744982"},{"taxonomy":"product_tag","embeddable":true,"href":"https:\/\/stoic-curie.212-227-153-4.plesk.page\/hr\/wp-json\/wp\/v2\/product_tag?post=744982"}],"curies":[{"name":"wp","href":"https:\/\/api.w.org\/{rel}","templated":true}]}}