{"id":744996,"date":"2025-03-03T20:05:00","date_gmt":"2025-03-03T19:05:00","guid":{"rendered":"https:\/\/stoic-curie.212-227-153-4.plesk.page\/producto\/filter-za-morsku-vodu-rgl-1162-1\/"},"modified":"2026-02-25T00:01:18","modified_gmt":"2026-02-25T00:01:18","slug":"filter-za-morsku-vodu-rgl-1162-1","status":"publish","type":"product","link":"https:\/\/stoic-curie.212-227-153-4.plesk.page\/hr\/product\/filter-za-morsku-vodu-rgl-1162-1\/","title":{"rendered":"Filter za morsku vodu Guidi RGL-1162 1"},"content":{"rendered":"<p>Filter za morsku vodu Guidi RGL-1162 1 &#8211; <\/p>\n<p><strong>Guidi bron\u010dani filtri za morsku vodu &#8211; Serija 1162<\/strong><\/p>\n<ul>\n<li><strong>Materijal tijela:<\/strong> Niklom oblo\u017eena bronca <\/li>\n<li><strong>Gornja plo\u010da:<\/strong> Prozirni polikarbonat <\/li>\n<li><strong>O-prsten:<\/strong> Neopren <\/li>\n<li><strong>Ko\u0161ara za filtriranje i vijci:<\/strong> AISI 316L nehr\u0111aju\u0107i \u010delik <\/li>\n<li><strong>Tip ulaza:<\/strong> Bo\u010dni ulaz<\/li>\n<\/ul>\n<p><strong>Tehni\u010dke specifikacije:<\/strong><\/p>\n<ul>\n<li><strong>Veli\u010dina ulaza\/izlaza:<\/strong> 1 in\u010d <\/li>\n<li><strong>Veli\u010dina perforacije ko\u0161are:<\/strong> 0,9 mm <\/li>\n<li><strong>Protok pri padu tlaka od 0,1 bara:<\/strong> 5.700 L\/h <\/li>\n<li><strong>Protok pri padu tlaka od 1 bara:<\/strong> 17.900 L\/h <\/li>\n<li><strong>Duljina (L):<\/strong> 169 mm <\/li>\n<li><strong>Visina (H):<\/strong> 151 mm <\/li>\n<li><strong>Visina do ulaza (H1):<\/strong> 106 mm <\/li>\n<li><strong>Visina do filtra (Hf):<\/strong> 77 mm <\/li>\n<li><strong>Promjer (Df):<\/strong> 87 mm <\/li>\n<li><strong>Te\u017eina:<\/strong> 3,7 kg<\/li>\n<\/ul>\n<p>Ova serija filtara dizajnirana je za izdr\u017eljivost i u\u010dinkovitost, \u0161to je \u010dini odli\u010dnim izborom za va\u0161e plovne potrebe.<\/p>\n","protected":false},"excerpt":{"rendered":"<p>Filter za morsku vodu Guidi RGL-1162 1 &#8211; Guidi bron\u010dani filtri za morsku vodu &#8211; Serija 1162 Materijal tijela: Niklom<\/p>\n","protected":false},"featured_media":5947451,"comment_status":"open","ping_status":"closed","template":"","meta":[],"product_brand":[2996],"product_cat":[1814],"product_tag":[],"class_list":{"0":"post-744996","1":"product","2":"type-product","3":"status-publish","4":"has-post-thumbnail","6":"product_brand-guidi-marine-hr","7":"product_cat-filtri-morske-vode","9":"first","10":"outofstock","11":"shipping-taxable","12":"purchasable","13":"product-type-simple"},"_links":{"self":[{"href":"https:\/\/stoic-curie.212-227-153-4.plesk.page\/hr\/wp-json\/wp\/v2\/product\/744996","targetHints":{"allow":["GET"]}}],"collection":[{"href":"https:\/\/stoic-curie.212-227-153-4.plesk.page\/hr\/wp-json\/wp\/v2\/product"}],"about":[{"href":"https:\/\/stoic-curie.212-227-153-4.plesk.page\/hr\/wp-json\/wp\/v2\/types\/product"}],"replies":[{"embeddable":true,"href":"https:\/\/stoic-curie.212-227-153-4.plesk.page\/hr\/wp-json\/wp\/v2\/comments?post=744996"}],"version-history":[{"count":0,"href":"https:\/\/stoic-curie.212-227-153-4.plesk.page\/hr\/wp-json\/wp\/v2\/product\/744996\/revisions"}],"wp:featuredmedia":[{"embeddable":true,"href":"https:\/\/stoic-curie.212-227-153-4.plesk.page\/hr\/wp-json\/wp\/v2\/media\/5947451"}],"wp:attachment":[{"href":"https:\/\/stoic-curie.212-227-153-4.plesk.page\/hr\/wp-json\/wp\/v2\/media?parent=744996"}],"wp:term":[{"taxonomy":"product_brand","embeddable":true,"href":"https:\/\/stoic-curie.212-227-153-4.plesk.page\/hr\/wp-json\/wp\/v2\/product_brand?post=744996"},{"taxonomy":"product_cat","embeddable":true,"href":"https:\/\/stoic-curie.212-227-153-4.plesk.page\/hr\/wp-json\/wp\/v2\/product_cat?post=744996"},{"taxonomy":"product_tag","embeddable":true,"href":"https:\/\/stoic-curie.212-227-153-4.plesk.page\/hr\/wp-json\/wp\/v2\/product_tag?post=744996"}],"curies":[{"name":"wp","href":"https:\/\/api.w.org\/{rel}","templated":true}]}}