{"id":744997,"date":"2025-03-03T20:05:00","date_gmt":"2025-03-03T19:05:00","guid":{"rendered":"https:\/\/stoic-curie.212-227-153-4.plesk.page\/producto\/filtar-za-morsku-vodu-rgl-1162-11-4\/"},"modified":"2026-02-25T00:01:18","modified_gmt":"2026-02-25T00:01:18","slug":"filtar-za-morsku-vodu-rgl-1162-11-4","status":"publish","type":"product","link":"https:\/\/stoic-curie.212-227-153-4.plesk.page\/hr\/product\/filtar-za-morsku-vodu-rgl-1162-11-4\/","title":{"rendered":"Filter za morsku vodu Guidi RGL-1162 1 1\/4"},"content":{"rendered":"<p>Filter za morsku vodu Guidi RGL-1162 1 1\/4 &#8211; <\/p>\n<p><strong>Guidi bron\u010dani filtriraju\u0107i ure\u0111aji &#8211; serija 1162<\/strong><\/p>\n<ul>\n<li><strong>Materijal tijela:<\/strong> bronza s niklovim premazom<\/li>\n<li><strong>Gornja plo\u010da:<\/strong> proziran polikarbonat<\/li>\n<li><strong>O-prsten:<\/strong> neopren<\/li>\n<li><strong>Ko\u0161 za filtriranje i vijci:<\/strong> nehr\u0111aju\u0107i \u010delik AISI 316L<\/li>\n<li><strong>Vrsta ulaza:<\/strong> bo\u010dni ulaz<\/li>\n<\/ul>\n<p><strong>Specifikacije:<\/strong><\/p>\n<ul>\n<li><strong>Veli\u010dina ulaza\/izlaza:<\/strong> 1\u00bc in\u010da<\/li>\n<li><strong>Veli\u010dina perforacije ko\u0161a:<\/strong> 0,9 mm<\/li>\n<li><strong>Protok pri opadanju tlaka od 0,1 bara:<\/strong> 8.800 L\/h<\/li>\n<li><strong>Protok pri opadanju tlaka od 1 bara:<\/strong> 27.700 L\/h<\/li>\n<li><strong>Duljina (L):<\/strong> 184 mm<\/li>\n<li><strong>Visina (H):<\/strong> 176 mm<\/li>\n<li><strong>Visina do ulaza (H1):<\/strong> 122 mm<\/li>\n<li><strong>Visina do filtra (Hf):<\/strong> 95 mm<\/li>\n<li><strong>Promjer (Df):<\/strong> 98 mm<\/li>\n<li><strong>Te\u017eina:<\/strong> 4,6 kg<\/li>\n<\/ul>\n<p>Ova serija filtarskih ure\u0111aja dizajnirana je za trajnost i u\u010dinkovitost, \u010dine\u0107i je izvrsnim izborom za va\u0161e nauticke potrebe.<\/p>\n","protected":false},"excerpt":{"rendered":"<p>Filter za morsku vodu Guidi RGL-1162 1 1\/4 &#8211; Guidi bron\u010dani filtriraju\u0107i ure\u0111aji &#8211; serija 1162 Materijal tijela: bronza s<\/p>\n","protected":false},"featured_media":5947451,"comment_status":"open","ping_status":"closed","template":"","meta":[],"product_brand":[2996],"product_cat":[1814],"product_tag":[],"class_list":{"0":"post-744997","1":"product","2":"type-product","3":"status-publish","4":"has-post-thumbnail","6":"product_brand-guidi-marine-hr","7":"product_cat-filtri-morske-vode","9":"first","10":"instock","11":"shipping-taxable","12":"purchasable","13":"product-type-simple"},"_links":{"self":[{"href":"https:\/\/stoic-curie.212-227-153-4.plesk.page\/hr\/wp-json\/wp\/v2\/product\/744997","targetHints":{"allow":["GET"]}}],"collection":[{"href":"https:\/\/stoic-curie.212-227-153-4.plesk.page\/hr\/wp-json\/wp\/v2\/product"}],"about":[{"href":"https:\/\/stoic-curie.212-227-153-4.plesk.page\/hr\/wp-json\/wp\/v2\/types\/product"}],"replies":[{"embeddable":true,"href":"https:\/\/stoic-curie.212-227-153-4.plesk.page\/hr\/wp-json\/wp\/v2\/comments?post=744997"}],"version-history":[{"count":0,"href":"https:\/\/stoic-curie.212-227-153-4.plesk.page\/hr\/wp-json\/wp\/v2\/product\/744997\/revisions"}],"wp:featuredmedia":[{"embeddable":true,"href":"https:\/\/stoic-curie.212-227-153-4.plesk.page\/hr\/wp-json\/wp\/v2\/media\/5947451"}],"wp:attachment":[{"href":"https:\/\/stoic-curie.212-227-153-4.plesk.page\/hr\/wp-json\/wp\/v2\/media?parent=744997"}],"wp:term":[{"taxonomy":"product_brand","embeddable":true,"href":"https:\/\/stoic-curie.212-227-153-4.plesk.page\/hr\/wp-json\/wp\/v2\/product_brand?post=744997"},{"taxonomy":"product_cat","embeddable":true,"href":"https:\/\/stoic-curie.212-227-153-4.plesk.page\/hr\/wp-json\/wp\/v2\/product_cat?post=744997"},{"taxonomy":"product_tag","embeddable":true,"href":"https:\/\/stoic-curie.212-227-153-4.plesk.page\/hr\/wp-json\/wp\/v2\/product_tag?post=744997"}],"curies":[{"name":"wp","href":"https:\/\/api.w.org\/{rel}","templated":true}]}}