{"id":744998,"date":"2025-03-03T20:05:00","date_gmt":"2025-03-03T19:05:00","guid":{"rendered":"https:\/\/stoic-curie.212-227-153-4.plesk.page\/producto\/filter-za-morsku-vodu-rgl-1162-11-2\/"},"modified":"2026-02-25T00:01:18","modified_gmt":"2026-02-25T00:01:18","slug":"filter-za-morsku-vodu-rgl-1162-11-2","status":"publish","type":"product","link":"https:\/\/stoic-curie.212-227-153-4.plesk.page\/hr\/product\/filter-za-morsku-vodu-rgl-1162-11-2\/","title":{"rendered":"Filtar za more Guidi RGL-1162 1 1\/2"},"content":{"rendered":"<p>Filtar za more Guidi RGL-1162 1 1\/2 &#8211; <\/p>\n<p style=\"margin-bottom: 1rem; line-height: 1.75;\">Guidi bron\u010dani morski filtri serije 1162<br \/>Ku\u0107i\u0161te: niklovana bron\u010da<br \/>Gornja plo\u010da: prozirni policarbonat<br \/>O-prsten: neopren<br \/>Ko\u0161ara filtra i vijci: nehr\u0111aju\u0107i \u010delik AISI 316L<br \/>Bo\u010dni ulaz<\/p>\n<ul style=\"margin-bottom: 1rem;\">\n<li style=\"\">Ulaz\/izlaz: 1&#8243;1\/2<\/li>\n<li style=\"\">Veli\u010dina perforacije ko\u0161are: 0.9mm<\/li>\n<li style=\"\">Proto\u010dnost pri padu tlaka od 0.1 bara: 12800 L\/h<\/li>\n<li style=\"\">Proto\u010dnost pri padu tlaka od 1 bara: 40600 L\/h<\/li>\n<li style=\"\">Duljina: 202mm<\/li>\n<li style=\"\">Visina: 193mm<\/li>\n<li style=\"\">H1: 135mm<\/li>\n<li style=\"\">Hf: 100mm<\/li>\n<li style=\"\">Df: 105mm<\/li>\n<li style=\"\">Te\u017eina: 5.5 kg<\/li>\n<\/ul>\n","protected":false},"excerpt":{"rendered":"<p>Filtar za more Guidi RGL-1162 1 1\/2 &#8211; Guidi bron\u010dani morski filtri serije 1162Ku\u0107i\u0161te: niklovana bron\u010daGornja plo\u010da: prozirni policarbonatO-prsten: neoprenKo\u0161ara<\/p>\n","protected":false},"featured_media":5947451,"comment_status":"open","ping_status":"closed","template":"","meta":[],"product_brand":[2996],"product_cat":[1814],"product_tag":[],"class_list":{"0":"post-744998","1":"product","2":"type-product","3":"status-publish","4":"has-post-thumbnail","6":"product_brand-guidi-marine-hr","7":"product_cat-filtri-morske-vode","9":"first","10":"instock","11":"shipping-taxable","12":"purchasable","13":"product-type-simple"},"_links":{"self":[{"href":"https:\/\/stoic-curie.212-227-153-4.plesk.page\/hr\/wp-json\/wp\/v2\/product\/744998","targetHints":{"allow":["GET"]}}],"collection":[{"href":"https:\/\/stoic-curie.212-227-153-4.plesk.page\/hr\/wp-json\/wp\/v2\/product"}],"about":[{"href":"https:\/\/stoic-curie.212-227-153-4.plesk.page\/hr\/wp-json\/wp\/v2\/types\/product"}],"replies":[{"embeddable":true,"href":"https:\/\/stoic-curie.212-227-153-4.plesk.page\/hr\/wp-json\/wp\/v2\/comments?post=744998"}],"version-history":[{"count":0,"href":"https:\/\/stoic-curie.212-227-153-4.plesk.page\/hr\/wp-json\/wp\/v2\/product\/744998\/revisions"}],"wp:featuredmedia":[{"embeddable":true,"href":"https:\/\/stoic-curie.212-227-153-4.plesk.page\/hr\/wp-json\/wp\/v2\/media\/5947451"}],"wp:attachment":[{"href":"https:\/\/stoic-curie.212-227-153-4.plesk.page\/hr\/wp-json\/wp\/v2\/media?parent=744998"}],"wp:term":[{"taxonomy":"product_brand","embeddable":true,"href":"https:\/\/stoic-curie.212-227-153-4.plesk.page\/hr\/wp-json\/wp\/v2\/product_brand?post=744998"},{"taxonomy":"product_cat","embeddable":true,"href":"https:\/\/stoic-curie.212-227-153-4.plesk.page\/hr\/wp-json\/wp\/v2\/product_cat?post=744998"},{"taxonomy":"product_tag","embeddable":true,"href":"https:\/\/stoic-curie.212-227-153-4.plesk.page\/hr\/wp-json\/wp\/v2\/product_tag?post=744998"}],"curies":[{"name":"wp","href":"https:\/\/api.w.org\/{rel}","templated":true}]}}