{"id":744999,"date":"2025-03-03T20:05:01","date_gmt":"2025-03-03T19:05:01","guid":{"rendered":"https:\/\/stoic-curie.212-227-153-4.plesk.page\/producto\/filtar-za-morsku-vodu-rgxl-1162-2\/"},"modified":"2026-02-25T00:01:18","modified_gmt":"2026-02-25T00:01:18","slug":"filtar-za-morsku-vodu-rgxl-1162-2","status":"publish","type":"product","link":"https:\/\/stoic-curie.212-227-153-4.plesk.page\/hr\/product\/filtar-za-morsku-vodu-rgxl-1162-2\/","title":{"rendered":"Filter za morsku vodu Guidi Rgxl-1162 2&quot;"},"content":{"rendered":"<p>Filter za morsku vodu Guidi Rgxl-1162 2&#8243; &#8211; <\/p>\n<p><strong>Guidi bron\u010dani morske filtere &#8211; 1162 serija<\/strong><\/p>\n<ul>\n<li><strong>Materijal tijela:<\/strong> Nikalom premazana bronca<\/li>\n<li><strong>Gornja plo\u010da:<\/strong> prozirni polikarbonat<\/li>\n<li><strong>O-prsten:<\/strong> neoprenska guma<\/li>\n<li><strong>Ko\u0161ara za filtriranje i vijci:<\/strong> AISI 316L nehr\u0111aju\u0107i \u010delik<\/li>\n<li><strong>Vrsta ulaza:<\/strong> bo\u010dni ulaz<\/li>\n<\/ul>\n<p><strong>Tehni\u010dke specifikacije:<\/strong><\/p>\n<ul>\n<li><strong>Veli\u010dina ulaza\/izlaza:<\/strong> 2 in\u010da<\/li>\n<li><strong>Perforacija filtra:<\/strong> 0,9 mm<\/li>\n<li><strong>Protok pri padu tlaka od 0,1 bara:<\/strong> 19.900 L\/h<\/li>\n<li><strong>Protok pri padu tlaka od 1 bara:<\/strong> 63.000 L\/h<\/li>\n<li><strong>Duljina (L):<\/strong> 242 mm<\/li>\n<li><strong>Visina (H):<\/strong> 216 mm<\/li>\n<li><strong>Visina do ulaza (H1):<\/strong> 149 mm<\/li>\n<li><strong>Visina do filtra (Hf):<\/strong> 108 mm<\/li>\n<li><strong>Promjer (Df):<\/strong> 124 mm<\/li>\n<li><strong>Te\u017eina:<\/strong> 7,8 kg<\/li>\n<\/ul>\n<p>Ova serija filtera dizajnirana je za trajnost i u\u010dinkovitost, \u0161to je \u010dini izvrsnim izborom za va\u0161e potrebe plovidbe.<\/p>\n","protected":false},"excerpt":{"rendered":"<p>Filter za morsku vodu Guidi Rgxl-1162 2&#8243; &#8211; Guidi bron\u010dani morske filtere &#8211; 1162 serija Materijal tijela: Nikalom premazana bronca<\/p>\n","protected":false},"featured_media":5947452,"comment_status":"open","ping_status":"closed","template":"","meta":[],"product_brand":[2996],"product_cat":[1814],"product_tag":[],"class_list":{"0":"post-744999","1":"product","2":"type-product","3":"status-publish","4":"has-post-thumbnail","6":"product_brand-guidi-marine-hr","7":"product_cat-filtri-morske-vode","9":"first","10":"instock","11":"shipping-taxable","12":"purchasable","13":"product-type-simple"},"_links":{"self":[{"href":"https:\/\/stoic-curie.212-227-153-4.plesk.page\/hr\/wp-json\/wp\/v2\/product\/744999","targetHints":{"allow":["GET"]}}],"collection":[{"href":"https:\/\/stoic-curie.212-227-153-4.plesk.page\/hr\/wp-json\/wp\/v2\/product"}],"about":[{"href":"https:\/\/stoic-curie.212-227-153-4.plesk.page\/hr\/wp-json\/wp\/v2\/types\/product"}],"replies":[{"embeddable":true,"href":"https:\/\/stoic-curie.212-227-153-4.plesk.page\/hr\/wp-json\/wp\/v2\/comments?post=744999"}],"version-history":[{"count":0,"href":"https:\/\/stoic-curie.212-227-153-4.plesk.page\/hr\/wp-json\/wp\/v2\/product\/744999\/revisions"}],"wp:featuredmedia":[{"embeddable":true,"href":"https:\/\/stoic-curie.212-227-153-4.plesk.page\/hr\/wp-json\/wp\/v2\/media\/5947452"}],"wp:attachment":[{"href":"https:\/\/stoic-curie.212-227-153-4.plesk.page\/hr\/wp-json\/wp\/v2\/media?parent=744999"}],"wp:term":[{"taxonomy":"product_brand","embeddable":true,"href":"https:\/\/stoic-curie.212-227-153-4.plesk.page\/hr\/wp-json\/wp\/v2\/product_brand?post=744999"},{"taxonomy":"product_cat","embeddable":true,"href":"https:\/\/stoic-curie.212-227-153-4.plesk.page\/hr\/wp-json\/wp\/v2\/product_cat?post=744999"},{"taxonomy":"product_tag","embeddable":true,"href":"https:\/\/stoic-curie.212-227-153-4.plesk.page\/hr\/wp-json\/wp\/v2\/product_tag?post=744999"}],"curies":[{"name":"wp","href":"https:\/\/api.w.org\/{rel}","templated":true}]}}