{"id":745000,"date":"2025-03-03T20:05:01","date_gmt":"2025-03-03T19:05:01","guid":{"rendered":"https:\/\/stoic-curie.212-227-153-4.plesk.page\/producto\/filtar-za-morsku-vodu-rgxl-1162-21-2\/"},"modified":"2026-02-25T00:01:18","modified_gmt":"2026-02-25T00:01:18","slug":"filtar-za-morsku-vodu-rgxl-1162-21-2","status":"publish","type":"product","link":"https:\/\/stoic-curie.212-227-153-4.plesk.page\/hr\/product\/filtar-za-morsku-vodu-rgxl-1162-21-2\/","title":{"rendered":"Filter za more Guidi RGXL-1162 2&#8243;1\/2"},"content":{"rendered":"<p>Filter za more Guidi RGXL-1162 2&#8243;1\/2 &#8211; <\/p>\n<p><strong>Guidi bron\u010dani filteri za morsku vodu &#8211; 1162 serija<\/strong><\/p>\n<ul>\n<li><strong>Materijal tijela:<\/strong> Bakar s niklovim premazom  <\/li>\n<li><strong>Gornja plo\u010da:<\/strong> Prozirni polikarbonski materijal  <\/li>\n<li><strong>O-prsten:<\/strong> Neopren  <\/li>\n<li><strong>Ko\u0161ara za filtriranje i vijci:<\/strong> AISI 316L nehr\u0111aju\u0107i \u010delik  <\/li>\n<li><strong>Tip ulaza:<\/strong> Bo\u010dni ulaz<\/li>\n<\/ul>\n<p><strong>Specifikacije:<\/strong><\/p>\n<ul>\n<li><strong>Veli\u010dina ulaza\/izlaza:<\/strong> 2.5 in\u010da  <\/li>\n<li><strong>Veli\u010dina perforacije ko\u0161are:<\/strong> 1.85 mm  <\/li>\n<li><strong>Proto\u010dnost pri padu pritiska od 0.1 bara:<\/strong> 33,900 L\/h  <\/li>\n<li><strong>Proto\u010dnost pri padu pritiska od 1 bara:<\/strong> 107,300 L\/h  <\/li>\n<li><strong>Du\u017eina (L):<\/strong> 260 mm  <\/li>\n<li><strong>Visina (H):<\/strong> 284 mm  <\/li>\n<li><strong>Visina (H1):<\/strong> 210 mm  <\/li>\n<li><strong>Visina (Hf):<\/strong> 175 mm  <\/li>\n<li><strong>Promjer (Df):<\/strong> 124 mm  <\/li>\n<li><strong>Te\u017eina:<\/strong> 11 kg<\/li>\n<\/ul>\n<p>Ova serija filtara dizajnirana je za izdr\u017eljivost i u\u010dinkovitost, \u0161to je \u010dini izvrsnim izborom za va\u0161e plovne potrebe.<\/p>\n","protected":false},"excerpt":{"rendered":"<p>Filter za more Guidi RGXL-1162 2&#8243;1\/2 &#8211; Guidi bron\u010dani filteri za morsku vodu &#8211; 1162 serija Materijal tijela: Bakar s<\/p>\n","protected":false},"featured_media":5947452,"comment_status":"open","ping_status":"closed","template":"","meta":[],"product_brand":[2996],"product_cat":[1814],"product_tag":[],"class_list":{"0":"post-745000","1":"product","2":"type-product","3":"status-publish","4":"has-post-thumbnail","6":"product_brand-guidi-marine-hr","7":"product_cat-filtri-morske-vode","9":"first","10":"instock","11":"shipping-taxable","12":"purchasable","13":"product-type-simple"},"_links":{"self":[{"href":"https:\/\/stoic-curie.212-227-153-4.plesk.page\/hr\/wp-json\/wp\/v2\/product\/745000","targetHints":{"allow":["GET"]}}],"collection":[{"href":"https:\/\/stoic-curie.212-227-153-4.plesk.page\/hr\/wp-json\/wp\/v2\/product"}],"about":[{"href":"https:\/\/stoic-curie.212-227-153-4.plesk.page\/hr\/wp-json\/wp\/v2\/types\/product"}],"replies":[{"embeddable":true,"href":"https:\/\/stoic-curie.212-227-153-4.plesk.page\/hr\/wp-json\/wp\/v2\/comments?post=745000"}],"version-history":[{"count":0,"href":"https:\/\/stoic-curie.212-227-153-4.plesk.page\/hr\/wp-json\/wp\/v2\/product\/745000\/revisions"}],"wp:featuredmedia":[{"embeddable":true,"href":"https:\/\/stoic-curie.212-227-153-4.plesk.page\/hr\/wp-json\/wp\/v2\/media\/5947452"}],"wp:attachment":[{"href":"https:\/\/stoic-curie.212-227-153-4.plesk.page\/hr\/wp-json\/wp\/v2\/media?parent=745000"}],"wp:term":[{"taxonomy":"product_brand","embeddable":true,"href":"https:\/\/stoic-curie.212-227-153-4.plesk.page\/hr\/wp-json\/wp\/v2\/product_brand?post=745000"},{"taxonomy":"product_cat","embeddable":true,"href":"https:\/\/stoic-curie.212-227-153-4.plesk.page\/hr\/wp-json\/wp\/v2\/product_cat?post=745000"},{"taxonomy":"product_tag","embeddable":true,"href":"https:\/\/stoic-curie.212-227-153-4.plesk.page\/hr\/wp-json\/wp\/v2\/product_tag?post=745000"}],"curies":[{"name":"wp","href":"https:\/\/api.w.org\/{rel}","templated":true}]}}