{"id":745001,"date":"2025-03-03T20:05:01","date_gmt":"2025-03-03T19:05:01","guid":{"rendered":"https:\/\/stoic-curie.212-227-153-4.plesk.page\/producto\/filtar-za-morsku-vodu-guidi-rgxl-1162-3\/"},"modified":"2026-02-25T00:01:18","modified_gmt":"2026-02-25T00:01:18","slug":"filtar-za-morsku-vodu-guidi-rgxl-1162-3","status":"publish","type":"product","link":"https:\/\/stoic-curie.212-227-153-4.plesk.page\/hr\/product\/filtar-za-morsku-vodu-guidi-rgxl-1162-3\/","title":{"rendered":"Filtar za morsku vodu Guidi RGXL-1162 3"},"content":{"rendered":"<p>Filtar za morsku vodu Guidi RGXL-1162 3 &#8211; <\/p>\n<p>Ovaj filtar za morsku vodu, izra\u0111en od mesinga s niklovim premazom i od nehr\u0111aju\u0107ih \u010deli\u010dnih komponenti, odobren je od strane R.I.Na. Specijalno je dizajniran za kori\u0161tenje s pumpama velike kapacitete i sustavima hla\u0111enja motora. Guidi bron\u010dani filtri za morsku vodu pripadaju seriji 1162.<\/p>\n<p><strong>Tehni\u010dke specifikacije:<\/strong><\/p>\n<ul>\n<li><strong>Korpus:<\/strong> Mjesing s niklovim premazom<\/li>\n<li><strong>Gornja plo\u010da:<\/strong> Prozirni polikarbonat<\/li>\n<li><strong>O-prsten:<\/strong> Neopren<\/li>\n<li><strong>Ko\u0161ara za filtraciju i vijci:<\/strong> AISI 316L nehr\u0111aju\u0107i \u010delik<\/li>\n<li><strong>Bo\u010dni ulaz<\/strong><\/li>\n<\/ul>\n<p><strong>Dimenzije i performanse:<\/strong><\/p>\n<ul>\n<li><strong>Veli\u010dina ulaza\/izlaza:<\/strong> 3 in\u010da<\/li>\n<li><strong>Veli\u010dina perforacija ko\u0161are:<\/strong> 1,85 mm<\/li>\n<li><strong>Protok pri padu tlaka od 0,1 bara:<\/strong> 50.000 L\/h<\/li>\n<li><strong>Protok pri padu tlaka od 1 bara:<\/strong> 166.730 L\/h<\/li>\n<li><strong>Duljina (L):<\/strong> 309 mm<\/li>\n<li><strong>Visina (H):<\/strong> 292 mm<\/li>\n<li><strong>Visina do ulaza (H1):<\/strong> 205 mm<\/li>\n<li><strong>Visina do filtra (Hf):<\/strong> 151 mm<\/li>\n<li><strong>Promjer (Df):<\/strong> 165 mm<\/li>\n<li><strong>Te\u017eina:<\/strong> 15,8 kg<\/li>\n<\/ul>\n<p>Ovaj filtar je odli\u010dan izbor za osiguranje u\u010dinkovite filtracije morski voda u va\u0161im plovnim sustavima.<\/p>\n","protected":false},"excerpt":{"rendered":"<p>Filtar za morsku vodu Guidi RGXL-1162 3 &#8211; Ovaj filtar za morsku vodu, izra\u0111en od mesinga s niklovim premazom i<\/p>\n","protected":false},"featured_media":5947452,"comment_status":"open","ping_status":"closed","template":"","meta":[],"product_brand":[2996],"product_cat":[1814],"product_tag":[],"class_list":{"0":"post-745001","1":"product","2":"type-product","3":"status-publish","4":"has-post-thumbnail","6":"product_brand-guidi-marine-hr","7":"product_cat-filtri-morske-vode","9":"first","10":"instock","11":"shipping-taxable","12":"purchasable","13":"product-type-simple"},"_links":{"self":[{"href":"https:\/\/stoic-curie.212-227-153-4.plesk.page\/hr\/wp-json\/wp\/v2\/product\/745001","targetHints":{"allow":["GET"]}}],"collection":[{"href":"https:\/\/stoic-curie.212-227-153-4.plesk.page\/hr\/wp-json\/wp\/v2\/product"}],"about":[{"href":"https:\/\/stoic-curie.212-227-153-4.plesk.page\/hr\/wp-json\/wp\/v2\/types\/product"}],"replies":[{"embeddable":true,"href":"https:\/\/stoic-curie.212-227-153-4.plesk.page\/hr\/wp-json\/wp\/v2\/comments?post=745001"}],"version-history":[{"count":0,"href":"https:\/\/stoic-curie.212-227-153-4.plesk.page\/hr\/wp-json\/wp\/v2\/product\/745001\/revisions"}],"wp:featuredmedia":[{"embeddable":true,"href":"https:\/\/stoic-curie.212-227-153-4.plesk.page\/hr\/wp-json\/wp\/v2\/media\/5947452"}],"wp:attachment":[{"href":"https:\/\/stoic-curie.212-227-153-4.plesk.page\/hr\/wp-json\/wp\/v2\/media?parent=745001"}],"wp:term":[{"taxonomy":"product_brand","embeddable":true,"href":"https:\/\/stoic-curie.212-227-153-4.plesk.page\/hr\/wp-json\/wp\/v2\/product_brand?post=745001"},{"taxonomy":"product_cat","embeddable":true,"href":"https:\/\/stoic-curie.212-227-153-4.plesk.page\/hr\/wp-json\/wp\/v2\/product_cat?post=745001"},{"taxonomy":"product_tag","embeddable":true,"href":"https:\/\/stoic-curie.212-227-153-4.plesk.page\/hr\/wp-json\/wp\/v2\/product_tag?post=745001"}],"curies":[{"name":"wp","href":"https:\/\/api.w.org\/{rel}","templated":true}]}}